{"id":26945,"date":"2022-05-16T19:34:00","date_gmt":"2022-05-16T17:34:00","guid":{"rendered":"https:\/\/ountravela.com\/?page_id=26945"},"modified":"2025-06-10T17:33:07","modified_gmt":"2025-06-10T15:33:07","slug":"become-an-ambassador","status":"publish","type":"page","link":"https:\/\/ountravela.com\/en\/become-an-ambassador\/","title":{"rendered":"Become an OunTravela ambassador"},"content":{"rendered":"<p>[et_pb_section fb_built=&#8221;1&#8243; admin_label=&#8221;Hero&#8221; _builder_version=&#8221;4.27.4&#8243; use_background_color_gradient=&#8221;on&#8221; background_color_gradient_stops=&#8221;rgba(255,255,255,0.73) 0%|rgba(255,255,255,0.15) 98%&#8221; background_color_gradient_overlays_image=&#8221;on&#8221; background_image=&#8221;https:\/\/ountravela.com\/wp-content\/uploads\/2019\/01\/gun.jpg&#8221; custom_padding=&#8221;110px|||&#8221; hover_enabled=&#8221;0&#8243; global_colors_info=&#8221;{}&#8221; alt=&#8221;ambassadeur ountravela &#8211; deviens affili\u00e9 gr\u00e2ce \u00e0 notre programme d&#8217;affiliation&#8221; title_text=&#8221;ambassadeur-ountravela&#8221; background_position=&#8221;top_center&#8221; background_vertical_offset=&#8221;24%&#8221; sticky_enabled=&#8221;0&#8243;][et_pb_row _builder_version=&#8221;4.24.0&#8243; _module_preset=&#8221;2d95c5c8-d1df-447f-a86b-34caf3964538&#8243; global_colors_info=&#8221;{}&#8221;][et_pb_column type=&#8221;4_4&#8243; _builder_version=&#8221;4.16&#8243; pac_dcm_carousel_specific_module_num=&#8221;0&#8243; global_colors_info=&#8221;{}&#8221;][et_pb_text _builder_version=&#8221;4.24.0&#8243; _module_preset=&#8221;45d90a7d-78b9-4f54-bfb2-fc9c5a09678e&#8221; global_colors_info=&#8221;{}&#8221;]<\/p>\n<h1>Become an OunTravela ambassador<\/h1>\n<h2>Become an OunTravela ambassador with our affiliate program<\/h2>\n<p>[\/et_pb_text][\/et_pb_column][\/et_pb_row][\/et_pb_section][et_pb_section fb_built=&#8221;1&#8243; _builder_version=&#8221;4.24.0&#8243; _module_preset=&#8221;default&#8221; global_colors_info=&#8221;{}&#8221;][et_pb_row _builder_version=&#8221;4.16&#8243; _module_preset=&#8221;default&#8221; global_colors_info=&#8221;{}&#8221;][et_pb_column type=&#8221;4_4&#8243; _builder_version=&#8221;4.16&#8243; _module_preset=&#8221;default&#8221; pac_dcm_carousel_specific_module_num=&#8221;0&#8243; global_colors_info=&#8221;{}&#8221;][et_pb_text _builder_version=&#8221;4.25.1&#8243; _module_preset=&#8221;default&#8221; text_orientation=&#8221;center&#8221; global_colors_info=&#8221;{}&#8221;]<\/p>\n<p>Do you share our travel philosophy?<\/p>\n<p>Do you <span>have a blog, a Facebook, Instagram or Youtube community? <\/span> <\/p>\n<p><span>Then you just might become one of our ambassadors!<\/span><\/p>\n<p>[\/et_pb_text][et_pb_button button_url=&#8221;https:\/\/affiliate.ountravela.com\/program&#8221; button_text=&#8221;Become an affiliate&#8221; button_alignment=&#8221;center&#8221; _builder_version=&#8221;4.25.1&#8243; _module_preset=&#8221;default&#8221; global_colors_info=&#8221;{}&#8221;][\/et_pb_button][et_pb_button button_url=&#8221;https:\/\/affiliate.ountravela.com\/login&#8221; button_text=&#8221;Access my affiliate account&#8221; button_alignment=&#8221;center&#8221; _builder_version=&#8221;4.25.1&#8243; _module_preset=&#8221;default&#8221; global_colors_info=&#8221;{}&#8221;][\/et_pb_button][\/et_pb_column][\/et_pb_row][et_pb_row _builder_version=&#8221;4.16&#8243; _module_preset=&#8221;default&#8221; global_colors_info=&#8221;{}&#8221;][et_pb_column type=&#8221;4_4&#8243; _builder_version=&#8221;4.16&#8243; _module_preset=&#8221;default&#8221; pac_dcm_carousel_specific_module_num=&#8221;0&#8243; global_colors_info=&#8221;{}&#8221;][et_pb_text _builder_version=&#8221;4.25.1&#8243; _module_preset=&#8221;default&#8221; global_colors_info=&#8221;{}&#8221;]<\/p>\n<h2>How does affiliation work?<\/h2>\n<p>If you&#8217;ve enjoyed our books and would like to share them with readers of your blog, your website or your followers on social networks, it&#8217;s possible to earn money through affiliation.<\/p>\n<p>All you have to do is sign up as an <a href=\"https:\/\/affiliate.ountravela.com\/program\">affiliate<\/a>, and we&#8217;ll provide you with a unique link to each of our books.<\/p>\n<p>Then simply share the link on your social networks or website. When someone clicks on the link and makes a purchase within 60 days, you&#8217;ll earn a commission on the sale. It&#8217;s as simple as that!<\/p>\n<p>[\/et_pb_text][\/et_pb_column][\/et_pb_row][et_pb_row _builder_version=&#8221;4.16&#8243; _module_preset=&#8221;default&#8221; global_colors_info=&#8221;{}&#8221;][et_pb_column type=&#8221;4_4&#8243; _builder_version=&#8221;4.16&#8243; _module_preset=&#8221;default&#8221; pac_dcm_carousel_specific_module_num=&#8221;0&#8243; global_colors_info=&#8221;{}&#8221;][et_pb_text admin_label=&#8221;Text&#8221; _builder_version=&#8221;4.25.1&#8243; header_2_text_color=&#8221;#3F2204&#8243; header_2_font_size=&#8221;28px&#8221; background_size=&#8221;initial&#8221; background_position=&#8221;top_left&#8221; background_repeat=&#8221;repeat&#8221; header_2_font_size_tablet=&#8221;28px&#8221; header_2_font_size_phone=&#8221;21px&#8221; global_colors_info=&#8221;{}&#8221;]<\/p>\n<h2><span>How do I become an OunTravela affiliate?<\/span><\/h2>\n<p><span>\u27a1\ufe0f <a href=\"https:\/\/affiliate.ountravela.com\/register\">Create an account here<\/a>, it only takes 2 minutes! And we will approve your request as soon as possible \ud83d\ude42<\/span><br \/><span>\u27a1\ufe0f Once your application has been approved, you can <a href=\"https:\/\/affiliate.ountravela.com\/login\">log in here<\/a>.<\/span> <br \/><span>\u27a1\ufe0f Copy and paste your affiliate link available in your affiliate area and<\/span> share it on social networks or on your blog.<br \/><span>\u27a1\ufe0f When someone places an order via<\/span> this link (within 60 days of the click), you receive 15% commission.<\/p>\n<p>All products except border permits are eligible for commission (excluding delivery).<\/p>\n<p><span>Any questions? <a href=\"https:\/\/ountravela.com\/en\/contact-the-team\/\">contact us!<\/a><\/span><\/p>\n<p>[\/et_pb_text][et_pb_image src=&#8221;https:\/\/ountravela.com\/wp-content\/uploads\/fr\/georgie\/livre-explore\/dsc09960-1.jpg&#8221; alt=&#8221;olivia casari explore georgia&#8221; title_text=&#8221;olivia-victor-ountravela&#8221; _builder_version=&#8221;4.27.4&#8243; _module_preset=&#8221;default&#8221; hover_enabled=&#8221;0&#8243; global_colors_info=&#8221;{}&#8221; width=&#8221;33%&#8221; module_alignment=&#8221;center&#8221; sticky_enabled=&#8221;0&#8243;][\/et_pb_image][\/et_pb_column][\/et_pb_row][\/et_pb_section]<\/p>\n","protected":false},"excerpt":{"rendered":"<p>Become an OunTravela ambassador Become an OunTravela ambassador with our affiliate programDo you share our travel philosophy? Do you have a blog, a Facebook, Instagram or Youtube community? Then you just might become one of our ambassadors!How does affiliation work? If you&#8217;ve enjoyed our books and would like to share them with readers of your blog, your website or your followers on social networks, it&#8217;s possible to earn money through affiliation. All you have to do is sign up as an affiliate, and we&#8217;ll provide you with a unique link to each of our books. Then simply share the link on your social networks or website. When someone clicks on the link and makes a purchase within 60 days, you&#8217;ll earn a commission on the sale. It&#8217;s as simple as that!How do I become an OunTravela affiliate? \u27a1\ufe0f Create an account here, it only takes 2 minutes! And we will approve your request as soon as possible :)\u27a1\ufe0f Once your application has been approved, you can log in here. \u27a1\ufe0f Copy and paste your affiliate link available in your affiliate area and share it on social networks or on your blog.\u27a1\ufe0f When someone places an order via this link (within [&hellip;]<\/p>\n","protected":false},"author":1,"featured_media":0,"parent":0,"menu_order":0,"comment_status":"closed","ping_status":"closed","template":"","meta":{"_et_pb_use_builder":"on","_et_pb_old_content":"","_et_gb_content_width":"","_glsr_average":0,"_glsr_ranking":0,"_glsr_reviews":0,"footnotes":""},"class_list":["post-26945","page","type-page","status-publish","hentry"],"_links":{"self":[{"href":"https:\/\/ountravela.com\/en\/wp-json\/wp\/v2\/pages\/26945","targetHints":{"allow":["GET"]}}],"collection":[{"href":"https:\/\/ountravela.com\/en\/wp-json\/wp\/v2\/pages"}],"about":[{"href":"https:\/\/ountravela.com\/en\/wp-json\/wp\/v2\/types\/page"}],"author":[{"embeddable":true,"href":"https:\/\/ountravela.com\/en\/wp-json\/wp\/v2\/users\/1"}],"replies":[{"embeddable":true,"href":"https:\/\/ountravela.com\/en\/wp-json\/wp\/v2\/comments?post=26945"}],"version-history":[{"count":0,"href":"https:\/\/ountravela.com\/en\/wp-json\/wp\/v2\/pages\/26945\/revisions"}],"wp:attachment":[{"href":"https:\/\/ountravela.com\/en\/wp-json\/wp\/v2\/media?parent=26945"}],"curies":[{"name":"wp","href":"https:\/\/api.w.org\/{rel}","templated":true}]}}