{"id":282518,"date":"2020-05-24T17:43:21","date_gmt":"2020-05-24T15:43:21","guid":{"rendered":"https:\/\/ountravela.com\/boutique\/unkategorisiert\/kirgisistan-gps-tracks\/"},"modified":"2026-04-26T22:53:37","modified_gmt":"2026-04-26T20:53:37","slug":"kirgisistan-gps-tracks","status":"publish","type":"product","link":"https:\/\/ountravela.com\/de\/shop\/gpx-routen\/kirgisistan-gps-tracks\/","title":{"rendered":"GPS Tracks Kirgisistan"},"content":{"rendered":"<p>[et_pb_section fb_built=&#8221;1&#8243; _builder_version=&#8221;4.17.4&#8243; _module_preset=&#8221;default&#8221; background_color=&#8221;RGBA(255,255,255,0)&#8221; custom_padding=&#8221;0px|||||&#8221; global_colors_info=&#8221;{}&#8221;][et_pb_row disabled_on=&#8221;off|off|off&#8221; _builder_version=&#8221;4.27.6&#8243; _module_preset=&#8221;default&#8221; width=&#8221;100%&#8221; custom_padding=&#8221;0px||||false|false&#8221; locked=&#8221;off&#8221; global_colors_info=&#8221;{}&#8221;][et_pb_column type=&#8221;4_4&#8243; _builder_version=&#8221;4.27.5&#8243; _module_preset=&#8221;default&#8221; global_colors_info=&#8221;{}&#8221;][et_pb_image src=&#8221;https:\/\/ountravela.com\/wp-content\/uploads\/fond-topo-desktop-1-1.jpg&#8221; alt=&#8221;Werbebanner f\u00fcr ein Reisebuch Erkunden Sie Kirgisistan mit Berglandschaften, mit einem Vorbestellungsrabatt von bis zu 40% vor dem 26. Mai. Eine gr\u00fcne Schaltfl\u00e4che %22Vorbestellung%22 ist vorhanden. Der Text ist in Franz\u00f6sisch.&#8221; title_text=&#8221;Hintergrund-topo-desktop&#8221; url=&#8221;https:\/\/ulule.com\/explore-kirghizistan-2eme-edition\/&#8221; align=&#8221;center&#8221; disabled_on=&#8221;on|off|off&#8221; _builder_version=&#8221;4.27.6&#8243; _module_preset=&#8221;default&#8221; global_colors_info=&#8221;{}&#8221;][\/et_pb_image][et_pb_image src=&#8221;https:\/\/ountravela.com\/wp-content\/uploads\/Guides-daventure-463625-1-1.jpg&#8221; alt=&#8221;Ein Werbeplakat f\u00fcr einen Explore Kirgisistan Reisef\u00fchrer zeigt eine Berglandschaft, einen Bucheinband und einen Text, der bis zum 26. Mai bis zu 40% Rabatt auf Vorbestellungen bietet. Eine gr\u00fcne Schaltfl\u00e4che %22Vorbestellen%22 befindet sich am unteren Rand des Posters.&#8221; title_text=&#8221;Abenteuerf\u00fchrer 463625&#8243; url=&#8221;https:\/\/ulule.com\/explore-kirghizistan-2eme-edition\/&#8221; align=&#8221;center&#8221; disabled_on=&#8221;off|on|on&#8221; _builder_version=&#8221;4.27.6&#8243; _module_preset=&#8221;default&#8221; global_colors_info=&#8221;{}&#8221;][\/et_pb_image][\/et_pb_column][\/et_pb_row][et_pb_row column_structure=&#8221;1_2,1_2&#8243; _builder_version=&#8221;4.24.3&#8243; _module_preset=&#8221;default&#8221; background_color=&#8221;RGBA(255,255,255,0)&#8221; width=&#8221;100%&#8221; custom_padding=&#8221;0px||||false|false&#8221; global_colors_info=&#8221;{}&#8221;][et_pb_column type=&#8221;1_2&#8243; _builder_version=&#8221;4.17.4&#8243; _module_preset=&#8221;default&#8221; global_colors_info=&#8221;{}&#8221;][et_pb_wc_images _builder_version=&#8221;4.17.4&#8243; _module_preset=&#8221;default&#8221; global_colors_info=&#8221;{}&#8221;][\/et_pb_wc_images][\/et_pb_column][et_pb_column type=&#8221;1_2&#8243; _builder_version=&#8221;4.17.4&#8243; _module_preset=&#8221;default&#8221; global_colors_info=&#8221;{}&#8221;][et_pb_wc_title _builder_version=&#8221;4.17.4&#8243; _module_preset=&#8221;default&#8221; global_colors_info=&#8221;{}&#8221;][\/et_pb_wc_title][et_pb_wc_rating _builder_version=&#8221;4.17.4&#8243; _module_preset=&#8221;default&#8221; global_colors_info=&#8221;{}&#8221;][\/et_pb_wc_rating][et_pb_wc_price _builder_version=&#8221;4.17.4&#8243; _module_preset=&#8221;default&#8221; global_colors_info=&#8221;{}&#8221;][\/et_pb_wc_price][et_pb_wc_description _builder_version=&#8221;4.17.4&#8243; _module_preset=&#8221;default&#8221; global_colors_info=&#8221;{}&#8221;][\/et_pb_wc_description][et_pb_wc_add_to_cart _builder_version=&#8221;4.17.4&#8243; _module_preset=&#8221;default&#8221; global_colors_info=&#8221;{}&#8221;][\/et_pb_wc_add_to_cart][et_pb_image src=&#8221;https:\/\/ountravela.com\/wp-content\/uploads\/logo-secured-payment-worldwide-delivery-3-1.png&#8221; title_text=&#8221;sichere Zahlung-03&#8243; _builder_version=&#8221;4.17.4&#8243; _module_preset=&#8221;default&#8221; global_colors_info=&#8221;{}&#8221;][\/et_pb_image][\/et_pb_column][\/et_pb_row][et_pb_row _builder_version=&#8221;4.17.4&#8243; _module_preset=&#8221;default&#8221; width=&#8221;100%&#8221; global_colors_info=&#8221;{}&#8221;][et_pb_column type=&#8221;4_4&#8243; _builder_version=&#8221;4.17.4&#8243; _module_preset=&#8221;default&#8221; global_colors_info=&#8221;{}&#8221;][et_pb_wc_tabs active_tab_background_color=&#8221;#113444&#8243; active_tab_text_color=&#8221;#FFFFFF&#8221; _builder_version=&#8221;4.17.4&#8243; _module_preset=&#8221;default&#8221; border_width_right=&#8221;0px&#8221; border_width_bottom=&#8221;0px&#8221; border_width_left=&#8221;0px&#8221; global_colors_info=&#8221;{}&#8221;][\/et_pb_wc_tabs][\/et_pb_column][\/et_pb_row][\/et_pb_section][et_pb_section fb_built=&#8221;1&#8243; _builder_version=&#8221;4.17.4&#8243; _module_preset=&#8221;default&#8221; background_color=&#8221;RGBA(255,255,255,0)&#8221; global_module=&#8221;23977&#8243; saved_tabs=&#8221;all&#8221; global_colors_info=&#8221;{}&#8221;][et_pb_row module_id=&#8221;canyon&#8221; _builder_version=&#8221;4.16&#8243; custom_padding=&#8221;36px||15px||false|false&#8221; global_colors_info=&#8221;{}&#8221;][et_pb_column type=&#8221;4_4&#8243; _builder_version=&#8221;4.16&#8243; global_colors_info=&#8221;{}&#8221;][et_pb_text _builder_version=&#8221;4.27.4&#8243; global_colors_info=&#8221;{}&#8221;]<\/p>\n<h2>Unsere Artikel \u00fcber Kirgisistan<\/h2>\n<div id=\"gtx-trans\" style=\"position: absolute; left: -93px; top: -4.0875px;\">\n<div class=\"gtx-trans-icon\"><\/div>\n<\/div>\n<p>[\/et_pb_text][\/et_pb_column][\/et_pb_row][et_pb_row column_structure=&#8221;1_3,1_3,1_3&#8243; _builder_version=&#8221;4.16&#8243; _module_preset=&#8221;default&#8221; width=&#8221;100%&#8221; global_colors_info=&#8221;{}&#8221;][et_pb_column type=&#8221;1_3&#8243; _builder_version=&#8221;4.16&#8243; _module_preset=&#8221;default&#8221; global_colors_info=&#8221;{}&#8221;][et_pb_wc_images product=&#8221;19249&#8243; show_product_gallery=&#8221;off&#8221; _builder_version=&#8221;4.25.0&#8243; _module_preset=&#8221;default&#8221; link_option_url=&#8221;https:\/\/ountravela.com\/boutique\/telecharger-itineraires-points-gpx\/traces-gps-kirghizistan\/&#8221; global_colors_info=&#8221;{}&#8221;][\/et_pb_wc_images][et_pb_text _builder_version=&#8221;4.25.0&#8243; header_4_font=&#8221;|700|||||||&#8221; header_4_text_align=&#8221;center&#8221; header_4_line_height=&#8221;1.5em&#8221; text_orientation=&#8221;center&#8221; link_option_url=&#8221;https:\/\/ountravela.com\/de\/shop\/gpx-routen\/kirgisistan-gps-tracks\/&#8221; global_colors_info=&#8221;{}&#8221; header_4_text_color__hover_enabled=&#8221;on|hover&#8221; header_4_text_color__hover=&#8221;#BE9251&#8243;]<\/p>\n<h4>EXPLORE KIRGHIZISTAN &#8211; GPS-Spuren<\/h4>\n<p>30\u20ac<\/p>\n<p>[\/et_pb_text][\/et_pb_column][et_pb_column type=&#8221;1_3&#8243; _builder_version=&#8221;4.16&#8243; _module_preset=&#8221;default&#8221; global_colors_info=&#8221;{}&#8221;][et_pb_wc_images product=&#8221;20390&#8243; show_product_gallery=&#8221;off&#8221; _builder_version=&#8221;4.25.0&#8243; _module_preset=&#8221;default&#8221; link_option_url=&#8221;https:\/\/ountravela.com\/boutique\/plan-et-carte-touristique\/kirghizistan-a2-pliable\/&#8221; global_colors_info=&#8221;{}&#8221;][\/et_pb_wc_images][et_pb_text _builder_version=&#8221;4.24.2&#8243; header_4_font=&#8221;|700|||||||&#8221; header_4_line_height=&#8221;1.5em&#8221; link_option_url=&#8221;https:\/\/ountravela.com\/de\/shop\/touristische-karte-reiseplan\/kirgisistan-zentralasien-touristenkarte\/&#8221; global_colors_info=&#8221;{}&#8221; header_4_text_color__hover_enabled=&#8221;on|hover&#8221; header_4_text_color__hover=&#8221;#BE9251&#8243;]<\/p>\n<h4 style=\"text-align: center;\">KIRGISISTAN KARTE<\/h4>\n<p style=\"text-align: center;\">5\u20ac<\/p>\n<p>[\/et_pb_text][\/et_pb_column][et_pb_column type=&#8221;1_3&#8243; _builder_version=&#8221;4.16&#8243; _module_preset=&#8221;default&#8221; global_colors_info=&#8221;{}&#8221;][et_pb_wc_images product=&#8221;11091&#8243; show_product_gallery=&#8221;off&#8221; _builder_version=&#8221;4.25.0&#8243; _module_preset=&#8221;default&#8221; link_option_url=&#8221;https:\/\/ountravela.com\/boutique\/guide-aventure-road-book\/explore-kirghizistan-livre\/&#8221; global_colors_info=&#8221;{}&#8221;][\/et_pb_wc_images][et_pb_text _builder_version=&#8221;4.24.2&#8243; header_4_font=&#8221;|700|||||||&#8221; header_4_text_align=&#8221;center&#8221; header_4_line_height=&#8221;1.5em&#8221; text_orientation=&#8221;center&#8221; link_option_url=&#8221;https:\/\/ountravela.com\/de\/shop\/reisefuhrer-tourenbuch\/buch-explore-kirgisistan-zentralasien-4&#215;4-van-motorrad-fahrrad\/&#8221; global_colors_info=&#8221;{}&#8221; header_4_text_color__hover_enabled=&#8221;on|hover&#8221; header_4_text_color__hover=&#8221;#BE9251&#8243;]<\/p>\n<h4>EXPLORE KYRGYZSTAN &#8211; Das Buch<\/h4>\n<p>34,90\u20ac<\/p>\n<p>[\/et_pb_text][\/et_pb_column][\/et_pb_row][\/et_pb_section]<\/p>\n","protected":false},"excerpt":{"rendered":"<p><em>GPS-Tracks &#8211; Kirgisistan &#8211; Zentralasien  <\/em><\/p>\n<p><strong>Aktualisierte Version in 2023.<br \/>\nSprache: Franz\u00f6sisch <img loading=\"lazy\" decoding=\"async\" class=\"\" title=\"Travel Guide Book Explore Kirgisistan 2\" src=\"https:\/\/images.emojiterra.com\/google\/noto-emoji\/unicode-15.1\/color\/svg\/1f1eb-1f1f7.svg\" alt=\"Google (Noto Color Emoji - Unicode 15.1)\" width=\"13\" height=\"13\"> und Englisch  <img loading=\"lazy\" decoding=\"async\" class=\"\" title=\"Travel Guide Book Explore Kirgisistan 1\" src=\"https:\/\/images.emojiterra.com\/google\/noto-emoji\/unicode-15.1\/color\/svg\/1f1ec-1f1e7.svg\" alt=\"Google (Noto Color Emoji - Unicode 15.1)\" width=\"12\" height=\"12\"> <\/strong><br \/>\n<strong>Sofortiger Download nach dem Kauf.<\/strong><\/p>\n<p>Laden Sie die GPS-Tracks der 24 Pfade aus dem Buch <a href=\"https:\/\/ountravela.com\/de\/shop\/reisefuhrer-tourenbuch\/buch-explore-kirgisistan-zentralasien-4x4-van-motorrad-fahrrad\/\">Explore Kirghizistan<\/a> im GPX-Format (digitales Format) herunter. Die Datei enth\u00e4lt \u00fcber 500 Points of Interest: Aussichtspunkte, Biwakpl\u00e4tze, kulturelle Sehensw\u00fcrdigkeiten und vieles mehr. Es ist unm\u00f6glich, sich in der Weite Kirgisistans zu verirren! Das .gpx-Format ist mit den meisten Android\/IOS-Anwendungen und Navigationssystemen (Garmin BaseCamp) kompatibel.<\/p>\n<p><strong>Eine erl\u00e4uternde PDF-Datei (mit einer Karte von Kirgisistan und den Schwierigkeitsgraden der Pisten) ist in den Dateien enthalten.  <\/strong>Ihr Download-Link wird in der Best\u00e4tigungs-E-Mail enthalten sein. Mit einem pers\u00f6nlichen Passwort (ebenfalls in dieser E-Mail) k\u00f6nnen Sie die Datei entpacken. Anschlie\u00dfend k\u00f6nnen Sie die GPX-Spuren auf Ihren Ger\u00e4ten (Tablet, Telefon oder Computer) verwenden.  <\/p>\n<h3><b data-path-to-node=\"2\" data-index-in-node=\"0\">\u2728 2. AUSGABE 2026: VORBESTELLUNG \u2728.<\/b><\/h3>\n<ul data-path-to-node=\"3\">\n<li>\n<p data-path-to-node=\"3,0,0\"><b data-path-to-node=\"3,0,0\" data-index-in-node=\"0\">Ountravela App<\/b>: Ebook und Spuren nativ integriert (iOS, Android, Web).<\/p>\n<\/li>\n<li>\n<p data-path-to-node=\"3,1,0\"><b data-path-to-node=\"3,1,0\" data-index-in-node=\"0\">Premium-Funktionen<\/b>: Hochaufl\u00f6sende 3D-Karten, Offline-Modus, GPS-Tracking und <b data-path-to-node=\"3,1,0\" data-index-in-node=\"78\">2 Jahre Updates<\/b> inklusive.<\/p>\n<\/li>\n<li>\n<p data-path-to-node=\"3,2,0\"><b data-path-to-node=\"3,2,0\" data-index-in-node=\"0\">Verf\u00fcgbarkeit<\/b>: Offizieller Start am <b data-path-to-node=\"3,2,0\" data-index-in-node=\"38\">1. Mai 2026<\/b>.<\/p>\n<\/li>\n<li>\n<p data-path-to-node=\"3,3,0\"><b data-path-to-node=\"3,3,0\" data-index-in-node=\"0\">Ulule-Angebot<\/b>: Profitieren Sie bei Vorbestellungen von exklusiven Preisnachl\u00e4ssen.<\/p>\n<\/li>\n<\/ul>\n<p data-path-to-node=\"4\">\ud83d\udc49 <b data-path-to-node=\"4\" data-index-in-node=\"3\"><a class=\"ng-star-inserted\" href=\"https:\/\/ulule.com\/explore-kirghizistan-2eme-edition\/\" target=\"_blank\" rel=\"noopener\" data-hveid=\"0\" data-ved=\"0CAAQ_4QMahgKEwjwscaY3YuUAxUAAAAAHQAAAAAQrAM\">Entdecken Sie die Vorteile und bestellen Sie bei Ulule<\/a><\/b><\/p>\n<p><strong>Angebot V1: Erhalten Sie 10 \u20ac Rabatt auf GPS-Tracks<\/strong>, wenn Sie auch das Buch <a href=\"https:\/\/ountravela.com\/de\/shop\/reisefuhrer-tourenbuch\/buch-explore-kirgisistan-zentralasien-4x4-van-motorrad-fahrrad\/\">Explore Kirghizistan<\/a> kaufen. Angebot auf der <a href=\"https:\/\/ountravela.com\/de\/shop\/reisefuhrer-tourenbuch\/buch-explore-kirgisistan-zentralasien-4x4-van-motorrad-fahrrad\/\">Verkaufsseite des Buches hier erh\u00e4ltlich !<\/a><\/p>\n","protected":false},"featured_media":282519,"comment_status":"open","ping_status":"closed","template":"","meta":{"_et_pb_use_builder":"on","_et_pb_old_content":"<h2>GPS-Tracks im GPX-Format<\/h2>\nDie Datei enth\u00e4lt :\n<ul>\n \t<li>Die GPS-Spuren der 24 Pisten unseres Reisef\u00fchrers<strong><em> EXPLORE KIRGHIZISTAN <\/em><\/strong>im GPX-Format<\/li>\n \t<li>Mehr als 500 Points of Interest: Aussichtspunkte, Biwakpl\u00e4tze, Gasth\u00e4user, Sehensw\u00fcrdigkeiten etc.<\/li>\n \t<li>Eine erl\u00e4uternde PDF-Datei mit der \u00dcbersichtskarte von Kirgisistan<\/li>\n<\/ul>\nDas GPX-Format ist mit allen GPS-Navigationsanwendungen kompatibel, die Offline-Karten anbieten. Zum Beispiel: Osmand, GPX Viewer, etc. Sie k\u00f6nnen sie auch auf Ihrem Computer unter visugpx.com ansehen.","_et_gb_content_width":"","_glsr_average":0,"_glsr_ranking":0,"_glsr_reviews":0},"product_brand":[],"product_cat":[528],"product_tag":[535,531],"class_list":{"0":"post-282518","1":"product","2":"type-product","3":"status-publish","4":"has-post-thumbnail","6":"product_cat-gpx-routen","7":"product_tag-gps-spuren","8":"product_tag-kirgisistan-produkte","10":"first","11":"instock","12":"downloadable","13":"virtual","14":"taxable","15":"purchasable","16":"product-type-simple"},"_links":{"self":[{"href":"https:\/\/ountravela.com\/de\/wp-json\/wp\/v2\/product\/282518","targetHints":{"allow":["GET"]}}],"collection":[{"href":"https:\/\/ountravela.com\/de\/wp-json\/wp\/v2\/product"}],"about":[{"href":"https:\/\/ountravela.com\/de\/wp-json\/wp\/v2\/types\/product"}],"replies":[{"embeddable":true,"href":"https:\/\/ountravela.com\/de\/wp-json\/wp\/v2\/comments?post=282518"}],"wp:featuredmedia":[{"embeddable":true,"href":"https:\/\/ountravela.com\/de\/wp-json\/wp\/v2\/media\/282519"}],"wp:attachment":[{"href":"https:\/\/ountravela.com\/de\/wp-json\/wp\/v2\/media?parent=282518"}],"wp:term":[{"taxonomy":"product_brand","embeddable":true,"href":"https:\/\/ountravela.com\/de\/wp-json\/wp\/v2\/product_brand?post=282518"},{"taxonomy":"product_cat","embeddable":true,"href":"https:\/\/ountravela.com\/de\/wp-json\/wp\/v2\/product_cat?post=282518"},{"taxonomy":"product_tag","embeddable":true,"href":"https:\/\/ountravela.com\/de\/wp-json\/wp\/v2\/product_tag?post=282518"}],"curies":[{"name":"wp","href":"https:\/\/api.w.org\/{rel}","templated":true}]}}