{"id":282506,"date":"2020-12-02T17:10:35","date_gmt":"2020-12-02T16:10:35","guid":{"rendered":"https:\/\/ountravela.com\/boutique\/unkategorisiert\/kirgisistan-zentralasien-touristenkarte\/"},"modified":"2026-03-27T06:47:14","modified_gmt":"2026-03-27T05:47:14","slug":"kirgisistan-zentralasien-touristenkarte","status":"publish","type":"product","link":"https:\/\/ountravela.com\/de\/shop\/touristische-karte-reiseplan\/kirgisistan-zentralasien-touristenkarte\/","title":{"rendered":"Touristische Karte von Kirgisistan"},"content":{"rendered":"<p>[et_pb_section fb_built=&#8221;1&#8243; _builder_version=&#8221;4.16&#8243; custom_padding=&#8221;0px||||false|false&#8221; global_colors_info=&#8221;{}&#8221;][et_pb_row column_structure=&#8221;1_2,1_2&#8243; _builder_version=&#8221;4.16&#8243; background_size=&#8221;initial&#8221; background_position=&#8221;top_left&#8221; background_repeat=&#8221;repeat&#8221; width=&#8221;100%&#8221; custom_padding=&#8221;0px||||false|false&#8221; global_colors_info=&#8221;{}&#8221;][et_pb_column type=&#8221;1_2&#8243; _builder_version=&#8221;4.16&#8243; custom_padding=&#8221;|||&#8221; global_colors_info=&#8221;{}&#8221; custom_padding__hover=&#8221;|||&#8221;][et_pb_wc_images _builder_version=&#8221;4.16&#8243; global_colors_info=&#8221;{}&#8221;][\/et_pb_wc_images][\/et_pb_column][et_pb_column type=&#8221;1_2&#8243; _builder_version=&#8221;4.16&#8243; custom_padding=&#8221;|||&#8221; global_colors_info=&#8221;{}&#8221; custom_padding__hover=&#8221;|||&#8221;][et_pb_wc_title _builder_version=&#8221;4.24.3&#8243; global_colors_info=&#8221;{}&#8221;][\/et_pb_wc_title][et_pb_wc_rating _builder_version=&#8221;4.16&#8243; global_colors_info=&#8221;{}&#8221;][\/et_pb_wc_rating][et_pb_wc_price _builder_version=&#8221;4.24.3&#8243; global_colors_info=&#8221;{}&#8221;][\/et_pb_wc_price][et_pb_wc_description _builder_version=&#8221;4.16&#8243; global_colors_info=&#8221;{}&#8221;][\/et_pb_wc_description][et_pb_wc_add_to_cart _builder_version=&#8221;4.16&#8243; global_colors_info=&#8221;{}&#8221;][\/et_pb_wc_add_to_cart][\/et_pb_column][\/et_pb_row][et_pb_row _builder_version=&#8221;4.16&#8243; background_size=&#8221;initial&#8221; background_position=&#8221;top_left&#8221; background_repeat=&#8221;repeat&#8221; width=&#8221;100%&#8221; global_colors_info=&#8221;{}&#8221;][et_pb_column type=&#8221;4_4&#8243; _builder_version=&#8221;4.16&#8243; custom_padding=&#8221;|||&#8221; global_colors_info=&#8221;{}&#8221; custom_padding__hover=&#8221;|||&#8221;][et_pb_wc_tabs active_tab_background_color=&#8221;#0f303f&#8221; active_tab_text_color=&#8221;#FFFFFF&#8221; _builder_version=&#8221;4.16&#8243; tab_font_size=&#8221;16px&#8221; global_colors_info=&#8221;{}&#8221;] [\/et_pb_wc_tabs][et_pb_wc_upsells _builder_version=&#8221;4.16&#8243; global_colors_info=&#8221;{}&#8221;][\/et_pb_wc_upsells][et_pb_wc_related_products _builder_version=&#8221;4.16&#8243; global_colors_info=&#8221;{}&#8221;][\/et_pb_wc_related_products][\/et_pb_column][\/et_pb_row][\/et_pb_section][et_pb_section fb_built=&#8221;1&#8243; custom_padding_last_edited=&#8221;on|phone&#8221; _builder_version=&#8221;4.18.0&#8243; custom_padding=&#8221;27px|||||&#8221; custom_padding_tablet=&#8221;&#8221; custom_padding_phone=&#8221;0px||||false|false&#8221; global_colors_info=&#8221;{}&#8221;][et_pb_row _builder_version=&#8221;4.16&#8243; _module_preset=&#8221;default&#8221; custom_padding=&#8221;83px|||||&#8221; custom_padding_phone=&#8221;10px||||false|false&#8221; global_colors_info=&#8221;{}&#8221;][et_pb_column type=&#8221;4_4&#8243; _builder_version=&#8221;4.16&#8243; _module_preset=&#8221;default&#8221; global_colors_info=&#8221;{}&#8221;][et_pb_text _builder_version=&#8221;4.16&#8243; _module_preset=&#8221;default&#8221; text_font=&#8221;|700|||||||&#8221; text_text_color=&#8221;#3f2204&#8243; text_font_size=&#8221;33px&#8221; text_line_height=&#8221;1.9em&#8221; text_font_size_tablet=&#8221;&#8221; text_font_size_phone=&#8221;21px&#8221; text_font_size_last_edited=&#8221;on|phone&#8221; global_colors_info=&#8221;{}&#8221;]<\/p>\n<p style=\"text-align: center;\">Vous aimerez aussi<\/p>\n<div id=\"gtx-trans\" style=\"position: absolute; left: 189px; top: 47px;\">\n<div class=\"gtx-trans-icon\"><\/div>\n<\/div>\n<p>[\/et_pb_text][\/et_pb_column][\/et_pb_row][et_pb_row column_structure=&#8221;1_3,1_3,1_3&#8243; _builder_version=&#8221;4.16&#8243; width=&#8221;100%&#8221; custom_padding=&#8221;||16px|||&#8221; custom_padding_phone=&#8221;|20px|96px|20px|false|false&#8221; global_colors_info=&#8221;{}&#8221;][et_pb_column type=&#8221;1_3&#8243; _builder_version=&#8221;4.16&#8243; animation_style=&#8221;fade&#8221; animation_duration=&#8221;500ms&#8221; global_colors_info=&#8221;{}&#8221;][et_pb_image src=&#8221;https:\/\/ountravela.com\/wp-content\/uploads\/gps-tracks-kyrgyzstan.webp&#8221; alt=&#8221;gps-spuren von buch erkundet kirgisistan&#8221; title_text=&#8221;kirgisistan-gps-tracks&#8221; url=&#8221;https:\/\/ountravela.com\/de\/shop\/gpx-routen\/kirgisistan-gps-tracks\/&#8221; _builder_version=&#8221;4.24.0&#8243; global_colors_info=&#8221;{}&#8221;][\/et_pb_image][et_pb_text _builder_version=&#8221;4.16&#8243; header_4_font=&#8221;|700|||||||&#8221; header_4_text_align=&#8221;center&#8221; header_4_line_height=&#8221;1.5em&#8221; text_orientation=&#8221;center&#8221; link_option_url=&#8221;https:\/\/ountravela.com\/de\/shop\/gpx-routen\/kirgisistan-gps-tracks\/&#8221; global_colors_info=&#8221;{}&#8221;]<\/p>\n<h4>EXPLORE KIRGHIZISTAN &#8211; Traces GPS<\/h4>\n<p>30\u20ac<br \/>\n[\/et_pb_text][\/et_pb_column][et_pb_column type=&#8221;1_3&#8243; _builder_version=&#8221;4.16&#8243; animation_style=&#8221;fade&#8221; animation_duration=&#8221;500ms&#8221; animation_delay=&#8221;50ms&#8221; global_colors_info=&#8221;{}&#8221;][et_pb_image src=&#8221;https:\/\/ountravela.com\/wp-content\/uploads\/travel-guidebook-explore-Kyrgyzstan-ENG-700px-1.jpg&#8221; alt=&#8221;reisef\u00fchrer kirgisistan zentralasien roadbook seidenstra\u00dfe&#8221; title_text=&#8221;Reisef\u00fchrer-explore-Kirgisistan-DE-1000px&#8221; url=&#8221;https:\/\/ountravela.com\/de\/shop\/reisefuhrer-tourenbuch\/buch-explore-kirgisistan-zentralasien-4&#215;4-van-motorrad-fahrrad\/&#8221; align=&#8221;center&#8221; _builder_version=&#8221;4.24.0&#8243; module_alignment=&#8221;center&#8221; global_colors_info=&#8221;{}&#8221;][\/et_pb_image][et_pb_text _builder_version=&#8221;4.16&#8243; header_4_font=&#8221;|700|||||||&#8221; header_4_line_height=&#8221;1.5em&#8221; link_option_url=&#8221;https:\/\/ountravela.com\/de\/shop\/reisefuhrer-tourenbuch\/buch-explore-kirgisistan-zentralasien-4&#215;4-van-motorrad-fahrrad\/&#8221; global_colors_info=&#8221;{}&#8221;]<\/p>\n<h4 style=\"text-align: center;\">EXPLORE KIRGHIZISTAN &#8211; Le livre<\/h4>\n<p style=\"text-align: center;\">34,90\u20ac<\/p>\n<p>[\/et_pb_text][\/et_pb_column][et_pb_column type=&#8221;1_3&#8243; _builder_version=&#8221;4.16&#8243; animation_style=&#8221;fade&#8221; animation_duration=&#8221;500ms&#8221; animation_delay=&#8221;100ms&#8221; global_colors_info=&#8221;{}&#8221;][et_pb_image src=&#8221;https:\/\/ountravela.com\/wp-content\/uploads\/travel-guidebook-explore-ladakh-ENG-700px-1.jpg&#8221; alt=&#8221;Reisef\u00fchrer Ladakh Indien Himalaya Motorrad-Roadbook&#8221; title_text=&#8221;Reisef\u00fchrer-explore-ladakh-DE-1000px&#8221; url=&#8221;https:\/\/ountravela.com\/de\/shop\/reisefuhrer-tourenbuch\/buch-explore-ladakh-india-4&#215;4-van-motorrad-fahrrad\/&#8221; _builder_version=&#8221;4.24.0&#8243; global_colors_info=&#8221;{}&#8221;][\/et_pb_image][et_pb_text _builder_version=&#8221;4.16&#8243; header_4_font=&#8221;|700|||||||&#8221; header_4_text_align=&#8221;center&#8221; header_4_line_height=&#8221;1.5em&#8221; text_orientation=&#8221;center&#8221; link_option_url=&#8221;https:\/\/ountravela.com\/de\/shop\/reisefuhrer-tourenbuch\/buch-explore-ladakh-india-4&#215;4-van-motorrad-fahrrad\/&#8221; global_colors_info=&#8221;{}&#8221;]<\/p>\n<h4>EXPLORE LADAKH &#8211; Le livre<\/h4>\n<p>29,90\u20ac<br \/>\n[\/et_pb_text][\/et_pb_column][\/et_pb_row][\/et_pb_section]<\/p>\n","protected":false},"excerpt":{"rendered":"<p><strong> Faltbare<\/strong> Touristenkarte im <strong>A2-Format<\/strong> (59.4 x 42 cm), die Ihnen bei der Vorbereitung und Organisation Ihrer Reise nach Kirgisistan hilft.<\/p>\n<ul>\n<li><strong>Haupt- und Nebenstra\u00dfen<\/strong> sowie Bergp\u00e4sse<\/li>\n<li><strong>Die 24 Spuren des Buches EXPLORE KIRGHIZISTAN<\/strong><\/li>\n<li><strong>Mehr als 50 Punkte von touristischem Interesse<\/strong><\/li>\n<li><strong>Sperrzonen<\/strong> (Grenz\u00fcbertrittsgenehmigung erforderlich) und milit\u00e4rische Checkpoints<\/li>\n<li><strong>Ein vollst\u00e4ndiges Franz\u00f6sisch-Kirgisisch-Lexikon<\/strong>, um Ihnen zu helfen, eine Diskussion in der Jurte zu beginnen!<\/li>\n<\/ul>\n<p>Ma\u00dfstab: 1 \/ 2.000.000<br \/>\nSprache: verf\u00fcgbar in Franz\u00f6sisch  <strong><img loading=\"lazy\" decoding=\"async\" class=\"\" title=\"Travel Guide Book Explore Kirgisistan 2\" src=\"https:\/\/images.emojiterra.com\/google\/noto-emoji\/unicode-15.1\/color\/svg\/1f1eb-1f1f7.svg\" alt=\"Google (Noto Color Emoji - Unicode 15.1)\" width=\"13\" height=\"13\"> <\/strong>oder Englisch  <strong><img loading=\"lazy\" decoding=\"async\" class=\"\" title=\"Travel Guide Book Explore Kirgisistan 1\" src=\"https:\/\/images.emojiterra.com\/google\/noto-emoji\/unicode-15.1\/color\/svg\/1f1ec-1f1e7.svg\" alt=\"Google (Noto Color Emoji - Unicode 15.1)\" width=\"12\" height=\"12\"> <\/strong><br \/>\nFormat aufgeklappt: 59,4 x 42 cm<br \/>\nGefaltetes Format: 21 x 10 cm<\/p>\n<p>Achtung, dies ist keine topographische Karte, sondern eine touristische Karte mit den Hauptverkehrsstra\u00dfen.<br \/>\nDiese Karte ist eine vergr\u00f6\u00dferte Version der Hauptkarte aus dem Buch Explore Kirghizistan, auf der Sie keine weiteren Details finden.<\/p>\n","protected":false},"featured_media":282507,"comment_status":"open","ping_status":"closed","template":"","meta":{"_et_pb_use_builder":"on","_et_pb_old_content":"<h2>Karte von Kirgisistan, Zentralasien<\/h2>\nDiese Karte erg\u00e4nzt das Buch EXPLORE KIRGHIZISTAN. Sie passt in Ihre Tasche und bietet Ihnen schnellen Zugang zu den Hauptverkehrsstra\u00dfen des Landes und den Sperrzonen. Die 24 Pisten des Buches sind auf der Karte eingezeichnet, ebenso wie die wichtigsten Sehensw\u00fcrdigkeiten des Landes.\n<h2>Deutsch-Kirgisisches Lexikon<\/h2>\nAuf der R\u00fcckseite der Karte finden Sie ein vollst\u00e4ndiges franz\u00f6sisch-kirgisisches Lexikon, das Ihnen helfen wird, eine Diskussion in der Jurte zu beginnen. \u00dcber 200 W\u00f6rter und S\u00e4tze!\n<div id=\"gtx-trans\">\n<div class=\"gtx-trans-icon\"><\/div>\n<\/div>","_et_gb_content_width":"","_glsr_average":0,"_glsr_ranking":0,"_glsr_reviews":0},"product_brand":[],"product_cat":[459],"product_tag":[601,599],"class_list":{"0":"post-282506","1":"product","2":"type-product","3":"status-publish","4":"has-post-thumbnail","6":"product_cat-touristische-karte-reiseplan","7":"product_tag-kyrgyzstan-products","8":"product_tag-papierkarte-2","10":"first","11":"instock","12":"taxable","13":"shipping-taxable","14":"purchasable","15":"product-type-variable"},"_links":{"self":[{"href":"https:\/\/ountravela.com\/de\/wp-json\/wp\/v2\/product\/282506","targetHints":{"allow":["GET"]}}],"collection":[{"href":"https:\/\/ountravela.com\/de\/wp-json\/wp\/v2\/product"}],"about":[{"href":"https:\/\/ountravela.com\/de\/wp-json\/wp\/v2\/types\/product"}],"replies":[{"embeddable":true,"href":"https:\/\/ountravela.com\/de\/wp-json\/wp\/v2\/comments?post=282506"}],"wp:featuredmedia":[{"embeddable":true,"href":"https:\/\/ountravela.com\/de\/wp-json\/wp\/v2\/media\/282507"}],"wp:attachment":[{"href":"https:\/\/ountravela.com\/de\/wp-json\/wp\/v2\/media?parent=282506"}],"wp:term":[{"taxonomy":"product_brand","embeddable":true,"href":"https:\/\/ountravela.com\/de\/wp-json\/wp\/v2\/product_brand?post=282506"},{"taxonomy":"product_cat","embeddable":true,"href":"https:\/\/ountravela.com\/de\/wp-json\/wp\/v2\/product_cat?post=282506"},{"taxonomy":"product_tag","embeddable":true,"href":"https:\/\/ountravela.com\/de\/wp-json\/wp\/v2\/product_tag?post=282506"}],"curies":[{"name":"wp","href":"https:\/\/api.w.org\/{rel}","templated":true}]}}