{"id":282481,"date":"2022-12-11T18:24:53","date_gmt":"2022-12-11T17:24:53","guid":{"rendered":"https:\/\/ountravela.com\/boutique\/unkategorisiert\/georgien-kaukasus-gps-tracks\/"},"modified":"2026-04-22T23:28:36","modified_gmt":"2026-04-22T21:28:36","slug":"georgien-kaukasus-gps-tracks","status":"publish","type":"product","link":"https:\/\/ountravela.com\/de\/shop\/gpx-routen\/georgien-kaukasus-gps-tracks\/","title":{"rendered":"GPS Tracks Georgien"},"content":{"rendered":"<p>[et_pb_section fb_built=&#8221;1&#8243; _builder_version=&#8221;4.24.3&#8243; _module_preset=&#8221;default&#8221; background_color=&#8221;RGBA(255,255,255,0)&#8221; custom_padding=&#8221;0px||||false|false&#8221; global_colors_info=&#8221;{}&#8221;][et_pb_row disabled_on=&#8221;off|off|off&#8221; _builder_version=&#8221;4.27.6&#8243; _module_preset=&#8221;default&#8221; width=&#8221;100%&#8221; custom_padding=&#8221;0px||||false|false&#8221; global_colors_info=&#8221;{}&#8221; locked=&#8221;off&#8221;][et_pb_column type=&#8221;4_4&#8243; _builder_version=&#8221;4.27.5&#8243; _module_preset=&#8221;default&#8221; global_colors_info=&#8221;{}&#8221;][et_pb_image src=&#8221;https:\/\/ountravela.com\/wp-content\/uploads\/fond-topo-desktop-1-1.jpg&#8221; alt=&#8221;Werbebanner f\u00fcr ein Reisebuch Erkunden Sie Kirgisistan mit Berglandschaften, mit einem Vorbestellungsrabatt von bis zu 40% vor dem 26. Mai. Eine gr\u00fcne Schaltfl\u00e4che %22Vorbestellung%22 ist vorhanden. Der Text ist in Franz\u00f6sisch.&#8221; title_text=&#8221;Hintergrund-topo-desktop&#8221; url=&#8221;https:\/\/ulule.com\/explore-kirghizistan-2eme-edition\/&#8221; align=&#8221;center&#8221; disabled_on=&#8221;on|off|off&#8221; _builder_version=&#8221;4.27.6&#8243; _module_preset=&#8221;default&#8221; global_colors_info=&#8221;{}&#8221;][\/et_pb_image][et_pb_image src=&#8221;https:\/\/ountravela.com\/wp-content\/uploads\/Guides-daventure-463625-1-1.jpg&#8221; alt=&#8221;Ein Werbeplakat f\u00fcr einen Explore Kirgisistan Reisef\u00fchrer zeigt eine Berglandschaft, einen Bucheinband und einen Text, der bis zum 26. Mai bis zu 40% Rabatt auf Vorbestellungen bietet. Eine gr\u00fcne Schaltfl\u00e4che %22Vorbestellen%22 befindet sich am unteren Rand des Posters.&#8221; title_text=&#8221;Abenteuerf\u00fchrer 463625&#8243; url=&#8221;https:\/\/ulule.com\/explore-kirghizistan-2eme-edition\/&#8221; align=&#8221;center&#8221; disabled_on=&#8221;off|on|on&#8221; _builder_version=&#8221;4.27.6&#8243; _module_preset=&#8221;default&#8221; global_colors_info=&#8221;{}&#8221;][\/et_pb_image][\/et_pb_column][\/et_pb_row][et_pb_row column_structure=&#8221;1_2,1_2&#8243; _builder_version=&#8221;4.27.6&#8243; _module_preset=&#8221;default&#8221; background_color=&#8221;RGBA(255,255,255,0)&#8221; width=&#8221;100%&#8221; custom_padding=&#8221;||||false|false&#8221; hover_enabled=&#8221;0&#8243; global_colors_info=&#8221;{}&#8221; sticky_enabled=&#8221;0&#8243;][et_pb_column type=&#8221;1_2&#8243; _builder_version=&#8221;4.17.4&#8243; _module_preset=&#8221;default&#8221; global_colors_info=&#8221;{}&#8221;][et_pb_wc_images _builder_version=&#8221;4.17.4&#8243; _module_preset=&#8221;default&#8221; global_colors_info=&#8221;{}&#8221;][\/et_pb_wc_images][\/et_pb_column][et_pb_column type=&#8221;1_2&#8243; _builder_version=&#8221;4.17.4&#8243; _module_preset=&#8221;default&#8221; global_colors_info=&#8221;{}&#8221;][et_pb_wc_title _builder_version=&#8221;4.17.4&#8243; _module_preset=&#8221;default&#8221; global_colors_info=&#8221;{}&#8221;][\/et_pb_wc_title][et_pb_wc_rating _builder_version=&#8221;4.17.4&#8243; _module_preset=&#8221;default&#8221; global_colors_info=&#8221;{}&#8221;][\/et_pb_wc_rating][et_pb_wc_price _builder_version=&#8221;4.17.4&#8243; _module_preset=&#8221;default&#8221; global_colors_info=&#8221;{}&#8221;][\/et_pb_wc_price][et_pb_wc_description _builder_version=&#8221;4.17.4&#8243; _module_preset=&#8221;default&#8221; global_colors_info=&#8221;{}&#8221;][\/et_pb_wc_description][et_pb_wc_add_to_cart _builder_version=&#8221;4.17.4&#8243; _module_preset=&#8221;default&#8221; global_colors_info=&#8221;{}&#8221;][\/et_pb_wc_add_to_cart][et_pb_image src=&#8221;https:\/\/ountravela.com\/wp-content\/uploads\/logo-secured-payment-worldwide-delivery-3-1.png&#8221; title_text=&#8221;sichere Zahlung-03&#8243; _builder_version=&#8221;4.17.4&#8243; _module_preset=&#8221;default&#8221; global_colors_info=&#8221;{}&#8221;][\/et_pb_image][\/et_pb_column][\/et_pb_row][et_pb_row _builder_version=&#8221;4.17.4&#8243; _module_preset=&#8221;default&#8221; width=&#8221;100%&#8221; global_colors_info=&#8221;{}&#8221;][et_pb_column type=&#8221;4_4&#8243; _builder_version=&#8221;4.17.4&#8243; _module_preset=&#8221;default&#8221; global_colors_info=&#8221;{}&#8221;][et_pb_wc_tabs active_tab_background_color=&#8221;#113444&#8243; active_tab_text_color=&#8221;#FFFFFF&#8221; _builder_version=&#8221;4.17.4&#8243; _module_preset=&#8221;default&#8221; border_width_right=&#8221;0px&#8221; border_width_bottom=&#8221;0px&#8221; border_width_left=&#8221;0px&#8221; global_colors_info=&#8221;{}&#8221;][\/et_pb_wc_tabs][\/et_pb_column][\/et_pb_row][\/et_pb_section][et_pb_section fb_built=&#8221;1&#8243; _builder_version=&#8221;4.17.4&#8243; _module_preset=&#8221;default&#8221; background_color=&#8221;RGBA(255,255,255,0)&#8221; global_module=&#8221;23977&#8243; saved_tabs=&#8221;all&#8221; global_colors_info=&#8221;{}&#8221;][et_pb_row module_id=&#8221;canyon&#8221; _builder_version=&#8221;4.16&#8243; custom_padding=&#8221;36px||15px||false|false&#8221; global_colors_info=&#8221;{}&#8221;][et_pb_column type=&#8221;4_4&#8243; _builder_version=&#8221;4.16&#8243; global_colors_info=&#8221;{}&#8221;][et_pb_text _builder_version=&#8221;4.27.4&#8243; global_colors_info=&#8221;{}&#8221;]<\/p>\n<h2>Unsere Artikel \u00fcber Kirgisistan<\/h2>\n<div id=\"gtx-trans\" style=\"position: absolute; left: -93px; top: -4.0875px;\">\n<div class=\"gtx-trans-icon\"><\/div>\n<\/div>\n<p>[\/et_pb_text][\/et_pb_column][\/et_pb_row][et_pb_row column_structure=&#8221;1_3,1_3,1_3&#8243; _builder_version=&#8221;4.16&#8243; _module_preset=&#8221;default&#8221; width=&#8221;100%&#8221; global_colors_info=&#8221;{}&#8221;][et_pb_column type=&#8221;1_3&#8243; _builder_version=&#8221;4.16&#8243; _module_preset=&#8221;default&#8221; global_colors_info=&#8221;{}&#8221;][et_pb_wc_images product=&#8221;19249&#8243; show_product_gallery=&#8221;off&#8221; _builder_version=&#8221;4.25.0&#8243; _module_preset=&#8221;default&#8221; link_option_url=&#8221;https:\/\/ountravela.com\/boutique\/telecharger-itineraires-points-gpx\/traces-gps-kirghizistan\/&#8221; global_colors_info=&#8221;{}&#8221;][\/et_pb_wc_images][et_pb_text _builder_version=&#8221;4.25.0&#8243; header_4_font=&#8221;|700|||||||&#8221; header_4_text_align=&#8221;center&#8221; header_4_line_height=&#8221;1.5em&#8221; text_orientation=&#8221;center&#8221; link_option_url=&#8221;https:\/\/ountravela.com\/de\/shop\/gpx-routen\/kirgisistan-gps-tracks\/&#8221; global_colors_info=&#8221;{}&#8221; header_4_text_color__hover_enabled=&#8221;on|hover&#8221; header_4_text_color__hover=&#8221;#BE9251&#8243;]<\/p>\n<h4>EXPLORE KIRGHIZISTAN &#8211; GPS-Spuren<\/h4>\n<p>30\u20ac<\/p>\n<p>[\/et_pb_text][\/et_pb_column][et_pb_column type=&#8221;1_3&#8243; _builder_version=&#8221;4.16&#8243; _module_preset=&#8221;default&#8221; global_colors_info=&#8221;{}&#8221;][et_pb_wc_images product=&#8221;20390&#8243; show_product_gallery=&#8221;off&#8221; _builder_version=&#8221;4.25.0&#8243; _module_preset=&#8221;default&#8221; link_option_url=&#8221;https:\/\/ountravela.com\/boutique\/plan-et-carte-touristique\/kirghizistan-a2-pliable\/&#8221; global_colors_info=&#8221;{}&#8221;][\/et_pb_wc_images][et_pb_text _builder_version=&#8221;4.24.2&#8243; header_4_font=&#8221;|700|||||||&#8221; header_4_line_height=&#8221;1.5em&#8221; link_option_url=&#8221;https:\/\/ountravela.com\/de\/shop\/touristische-karte-reiseplan\/kirgisistan-zentralasien-touristenkarte\/&#8221; global_colors_info=&#8221;{}&#8221; header_4_text_color__hover_enabled=&#8221;on|hover&#8221; header_4_text_color__hover=&#8221;#BE9251&#8243;]<\/p>\n<h4 style=\"text-align: center;\">KIRGISISTAN KARTE<\/h4>\n<p style=\"text-align: center;\">5\u20ac<\/p>\n<p>[\/et_pb_text][\/et_pb_column][et_pb_column type=&#8221;1_3&#8243; _builder_version=&#8221;4.16&#8243; _module_preset=&#8221;default&#8221; global_colors_info=&#8221;{}&#8221;][et_pb_wc_images product=&#8221;11091&#8243; show_product_gallery=&#8221;off&#8221; _builder_version=&#8221;4.25.0&#8243; _module_preset=&#8221;default&#8221; link_option_url=&#8221;https:\/\/ountravela.com\/boutique\/guide-aventure-road-book\/explore-kirghizistan-livre\/&#8221; global_colors_info=&#8221;{}&#8221;][\/et_pb_wc_images][et_pb_text _builder_version=&#8221;4.24.2&#8243; header_4_font=&#8221;|700|||||||&#8221; header_4_text_align=&#8221;center&#8221; header_4_line_height=&#8221;1.5em&#8221; text_orientation=&#8221;center&#8221; link_option_url=&#8221;https:\/\/ountravela.com\/de\/shop\/reisefuhrer-tourenbuch\/buch-explore-kirgisistan-zentralasien-4&#215;4-van-motorrad-fahrrad\/&#8221; global_colors_info=&#8221;{}&#8221; header_4_text_color__hover_enabled=&#8221;on|hover&#8221; header_4_text_color__hover=&#8221;#BE9251&#8243;]<\/p>\n<h4>EXPLORE KYRGYZSTAN &#8211; Das Buch<\/h4>\n<p>34,90\u20ac<\/p>\n<p>[\/et_pb_text][\/et_pb_column][\/et_pb_row][\/et_pb_section]<\/p>\n","protected":false},"excerpt":{"rendered":"<p>Laden Sie die<strong> GPS-Tracks der 24 Pisten aus dem Buch Explore G\u00e9orgie im GPX-Format<\/strong> herunter. Die Datei enth\u00e4lt mehr als 500 Points of Interest (POI): Aussichtspunkte, Biwakpl\u00e4tze, kulturelle Sehensw\u00fcrdigkeiten etc. Es ist unm\u00f6glich, sich in der Weite Georgiens zu verirren! Das GPX-Format ist mit den meisten Android\/IOS-Navigationsanwendungen (GPX-Viewer, OSMand, etc.) und Navigationssystemen (Garmin BaseCamp) kompatibel. Eine erl\u00e4uternde PDF-Datei ist in den Dateien enthalten.<\/p>\n<p><strong>? Erhalten Sie einen Rabatt von 10 Euro<\/strong>  auf den Spuren, wenn Sie das Buch Explore Georgia kaufen. Angebot auf der <a href=\"https:\/\/ountravela.com\/de\/shop\/reisefuhrer-tourenbuch\/buch-explore-georgia-4x4-van-motorrad-fahrrad\/\">Verkaufsseite des Buches hier erh\u00e4ltlich .<\/a><\/p>\n","protected":false},"featured_media":282482,"comment_status":"open","ping_status":"closed","template":"","meta":{"_et_pb_use_builder":"on","_et_pb_old_content":"<h2>Georgische GPS-Spuren im GPX-Format<\/h2>\nDie Datei enth\u00e4lt :\n<ul>\n \t<li>Die GPS-Spuren der 24 Tracks unseres Reisef\u00fchrers<strong><em> EXPLORE GEORGIA <\/em><\/strong>im GPX-Format<\/li>\n \t<li>Mehr als 500 Points of Interest: Aussichtspunkte, Biwakpl\u00e4tze, Sehensw\u00fcrdigkeiten, etc.<\/li>\n \t<li>Eine erl\u00e4uternde PDF-Datei<\/li>\n<\/ul>\nDas GPX-Format ist mit allen GPS-Navigationsanwendungen kompatibel, die Offline-Karten anbieten. Zum Beispiel: Osmand, GPX Viewer, etc. Sie k\u00f6nnen sie auch auf Ihrem Computer unter visugpx.com einsehen.","_et_gb_content_width":"","_glsr_average":0,"_glsr_ranking":0,"_glsr_reviews":0},"product_brand":[],"product_cat":[528],"product_tag":[530,535],"class_list":{"0":"post-282481","1":"product","2":"type-product","3":"status-publish","4":"has-post-thumbnail","6":"product_cat-gpx-routen","7":"product_tag-georgien-produkte","8":"product_tag-gps-spuren","10":"first","11":"instock","12":"downloadable","13":"virtual","14":"taxable","15":"purchasable","16":"product-type-simple"},"_links":{"self":[{"href":"https:\/\/ountravela.com\/de\/wp-json\/wp\/v2\/product\/282481","targetHints":{"allow":["GET"]}}],"collection":[{"href":"https:\/\/ountravela.com\/de\/wp-json\/wp\/v2\/product"}],"about":[{"href":"https:\/\/ountravela.com\/de\/wp-json\/wp\/v2\/types\/product"}],"replies":[{"embeddable":true,"href":"https:\/\/ountravela.com\/de\/wp-json\/wp\/v2\/comments?post=282481"}],"wp:featuredmedia":[{"embeddable":true,"href":"https:\/\/ountravela.com\/de\/wp-json\/wp\/v2\/media\/282482"}],"wp:attachment":[{"href":"https:\/\/ountravela.com\/de\/wp-json\/wp\/v2\/media?parent=282481"}],"wp:term":[{"taxonomy":"product_brand","embeddable":true,"href":"https:\/\/ountravela.com\/de\/wp-json\/wp\/v2\/product_brand?post=282481"},{"taxonomy":"product_cat","embeddable":true,"href":"https:\/\/ountravela.com\/de\/wp-json\/wp\/v2\/product_cat?post=282481"},{"taxonomy":"product_tag","embeddable":true,"href":"https:\/\/ountravela.com\/de\/wp-json\/wp\/v2\/product_tag?post=282481"}],"curies":[{"name":"wp","href":"https:\/\/api.w.org\/{rel}","templated":true}]}}