{"id":282446,"date":"2019-05-21T02:26:07","date_gmt":"2019-05-21T00:26:07","guid":{"rendered":"https:\/\/ountravela.com\/boutique\/unkategorisiert\/ladakh-gps-tracks\/"},"modified":"2026-02-18T18:24:15","modified_gmt":"2026-02-18T17:24:15","slug":"ladakh-gps-tracks","status":"publish","type":"product","link":"https:\/\/ountravela.com\/de\/shop\/gpx-routen\/ladakh-gps-tracks\/","title":{"rendered":"GPS Tracks Ladakh"},"content":{"rendered":"<p>[et_pb_section fb_built=&#8221;1&#8243; _builder_version=&#8221;4.16&#8243; custom_padding=&#8221;0px||||false|false&#8221; global_colors_info=&#8221;{}&#8221;][et_pb_row column_structure=&#8221;1_2,1_2&#8243; _builder_version=&#8221;4.16&#8243; background_size=&#8221;initial&#8221; background_position=&#8221;top_left&#8221; background_repeat=&#8221;repeat&#8221; width=&#8221;100%&#8221; custom_padding=&#8221;0px||||false|false&#8221; custom_padding_phone=&#8221;0px|20px||20px|false|false&#8221; global_colors_info=&#8221;{}&#8221;][et_pb_column type=&#8221;1_2&#8243; _builder_version=&#8221;4.16&#8243; custom_padding=&#8221;|||&#8221; pac_dcm_carousel_specific_module_num=&#8221;0&#8243; global_colors_info=&#8221;{}&#8221; custom_padding__hover=&#8221;|||&#8221;][et_pb_wc_images _builder_version=&#8221;4.16&#8243; global_colors_info=&#8221;{}&#8221;][\/et_pb_wc_images][\/et_pb_column][et_pb_column type=&#8221;1_2&#8243; _builder_version=&#8221;4.16&#8243; custom_padding=&#8221;|||&#8221; pac_dcm_carousel_specific_module_num=&#8221;0&#8243; global_colors_info=&#8221;{}&#8221; custom_padding__hover=&#8221;|||&#8221;][et_pb_wc_title _builder_version=&#8221;4.16&#8243; global_colors_info=&#8221;{}&#8221;][\/et_pb_wc_title][et_pb_wc_rating _builder_version=&#8221;4.17.4&#8243; global_colors_info=&#8221;{}&#8221;][\/et_pb_wc_rating][et_pb_wc_price _builder_version=&#8221;4.16&#8243; global_colors_info=&#8221;{}&#8221;][\/et_pb_wc_price][et_pb_wc_description _builder_version=&#8221;4.16&#8243; global_colors_info=&#8221;{}&#8221;][\/et_pb_wc_description][et_pb_wc_add_to_cart _builder_version=&#8221;4.16&#8243; global_colors_info=&#8221;{}&#8221;][\/et_pb_wc_add_to_cart][\/et_pb_column][\/et_pb_row][et_pb_row _builder_version=&#8221;4.16&#8243; background_size=&#8221;initial&#8221; background_position=&#8221;top_left&#8221; background_repeat=&#8221;repeat&#8221; width=&#8221;100%&#8221; custom_padding_phone=&#8221;|20px||20px|false|false&#8221; global_colors_info=&#8221;{}&#8221;][et_pb_column type=&#8221;4_4&#8243; _builder_version=&#8221;4.16&#8243; custom_padding=&#8221;|||&#8221; pac_dcm_carousel_specific_module_num=&#8221;0&#8243; global_colors_info=&#8221;{}&#8221; custom_padding__hover=&#8221;|||&#8221;][et_pb_wc_tabs active_tab_background_color=&#8221;#0f103f&#8221; active_tab_text_color=&#8221;#ffffff&#8221; _builder_version=&#8221;4.16&#8243; body_font_size_tablet=&#8221;&#8221; body_font_size_phone=&#8221;12px&#8221; body_font_size_last_edited=&#8221;on|phone&#8221; global_colors_info=&#8221;{}&#8221;] [\/et_pb_wc_tabs][\/et_pb_column][\/et_pb_row][\/et_pb_section][et_pb_section fb_built=&#8221;1&#8243; custom_padding_last_edited=&#8221;on|phone&#8221; _builder_version=&#8221;4.16&#8243; custom_padding=&#8221;27px|||||&#8221; custom_padding_tablet=&#8221;&#8221; custom_padding_phone=&#8221;0px||||false|false&#8221; global_colors_info=&#8221;{}&#8221;][et_pb_row _builder_version=&#8221;4.16&#8243; _module_preset=&#8221;default&#8221; custom_padding=&#8221;83px|||||&#8221; custom_padding_phone=&#8221;10px||||false|false&#8221; global_colors_info=&#8221;{}&#8221;][et_pb_column type=&#8221;4_4&#8243; _builder_version=&#8221;4.16&#8243; _module_preset=&#8221;default&#8221; pac_dcm_carousel_specific_module_num=&#8221;0&#8243; global_colors_info=&#8221;{}&#8221;][et_pb_text _builder_version=&#8221;4.16&#8243; _module_preset=&#8221;default&#8221; text_font=&#8221;|700|||||||&#8221; text_text_color=&#8221;#3f2204&#8243; text_font_size=&#8221;33px&#8221; text_line_height=&#8221;1.9em&#8221; text_font_size_tablet=&#8221;&#8221; text_font_size_phone=&#8221;21px&#8221; text_font_size_last_edited=&#8221;on|phone&#8221; global_colors_info=&#8221;{}&#8221;]<\/p>\n<p style=\"text-align: center;\">Sie werden auch m\u00f6gen<\/p>\n<div id=\"gtx-trans\" style=\"position: absolute; left: 189px; top: 47px;\">\n<div class=\"gtx-trans-icon\"><\/div>\n<\/div>\n<p>[\/et_pb_text][\/et_pb_column][\/et_pb_row][et_pb_row column_structure=&#8221;1_3,1_3,1_3&#8243; _builder_version=&#8221;4.16&#8243; width=&#8221;100%&#8221; custom_padding=&#8221;||16px|||&#8221; custom_padding_phone=&#8221;|20px|96px|20px|false|false&#8221; global_colors_info=&#8221;{}&#8221;][et_pb_column type=&#8221;1_3&#8243; _builder_version=&#8221;4.16&#8243; animation_style=&#8221;fade&#8221; animation_duration=&#8221;500ms&#8221; pac_dcm_carousel_specific_module_num=&#8221;0&#8243; global_colors_info=&#8221;{}&#8221;][et_pb_image src=&#8221;https:\/\/ountravela.com\/wp-content\/uploads\/gps-tracks-kyrgyzstan.webp&#8221; alt=&#8221;gps-spuren von buch erkundet kirgisistan&#8221; title_text=&#8221;kirgisistan-gps-tracks&#8221; url=&#8221;https:\/\/ountravela.com\/de\/shop\/gpx-routen\/kirgisistan-gps-tracks\/&#8221; _builder_version=&#8221;4.24.0&#8243; global_colors_info=&#8221;{}&#8221;][\/et_pb_image][et_pb_text _builder_version=&#8221;4.16&#8243; header_4_font=&#8221;|700|||||||&#8221; header_4_text_align=&#8221;center&#8221; header_4_line_height=&#8221;1.5em&#8221; text_orientation=&#8221;center&#8221; link_option_url=&#8221;https:\/\/ountravela.com\/de\/shop\/gpx-routen\/kirgisistan-gps-tracks\/&#8221; global_colors_info=&#8221;{}&#8221;]<\/p>\n<h4>EXPLORE KIRGHIZISTAN &#8211; GPS-Spuren<\/h4>\n<p>29,90\u20ac<\/p>\n<div id=\"gtx-trans\" style=\"position: absolute; left: -31px; top: 4.26562px;\">\n<div class=\"gtx-trans-icon\"><\/div>\n<\/div>\n<p>[\/et_pb_text][\/et_pb_column][et_pb_column type=&#8221;1_3&#8243; _builder_version=&#8221;4.16&#8243; animation_style=&#8221;fade&#8221; animation_duration=&#8221;500ms&#8221; animation_delay=&#8221;50ms&#8221; pac_dcm_carousel_specific_module_num=&#8221;0&#8243; global_colors_info=&#8221;{}&#8221;][et_pb_image src=&#8221;https:\/\/ountravela.com\/wp-content\/uploads\/travel-guidebook-explore-Kyrgyzstan-ENG-700px-1.jpg&#8221; alt=&#8221;reisef\u00fchrer kirgisistan zentralasien roadbook seidenstra\u00dfe&#8221; title_text=&#8221;Reisef\u00fchrer-explore-Kirgisistan-DE-1000px&#8221; url=&#8221;https:\/\/ountravela.com\/de\/shop\/reisefuhrer-tourenbuch\/buch-explore-kirgisistan-zentralasien-4&#215;4-van-motorrad-fahrrad\/&#8221; align=&#8221;center&#8221; _builder_version=&#8221;4.24.0&#8243; module_alignment=&#8221;center&#8221; global_colors_info=&#8221;{}&#8221;][\/et_pb_image][et_pb_text _builder_version=&#8221;4.16&#8243; header_4_font=&#8221;|700|||||||&#8221; header_4_line_height=&#8221;1.5em&#8221; link_option_url=&#8221;https:\/\/ountravela.com\/de\/shop\/reisefuhrer-tourenbuch\/buch-explore-kirgisistan-zentralasien-4&#215;4-van-motorrad-fahrrad\/&#8221; global_colors_info=&#8221;{}&#8221;]<\/p>\n<h4 style=\"text-align: center;\">EXPLORE KIRGHIZISTAN &#8211; Buch<\/h4>\n<p style=\"text-align: center;\">34,90\u20ac<\/p>\n<p>[\/et_pb_text][\/et_pb_column][et_pb_column type=&#8221;1_3&#8243; _builder_version=&#8221;4.16&#8243; animation_style=&#8221;fade&#8221; animation_duration=&#8221;500ms&#8221; animation_delay=&#8221;100ms&#8221; pac_dcm_carousel_specific_module_num=&#8221;0&#8243; global_colors_info=&#8221;{}&#8221;][et_pb_image src=&#8221;https:\/\/ountravela.com\/wp-content\/uploads\/travel-guidebook-explore-ladakh-ENG-700px-1.jpg&#8221; alt=&#8221;Reisef\u00fchrer Ladakh Indien Himalaya Motorrad-Roadbook&#8221; title_text=&#8221;Reisef\u00fchrer-explore-ladakh-DE-1000px&#8221; url=&#8221;https:\/\/ountravela.com\/de\/shop\/reisefuhrer-tourenbuch\/buch-explore-ladakh-india-4&#215;4-van-motorrad-fahrrad\/&#8221; _builder_version=&#8221;4.24.0&#8243; global_colors_info=&#8221;{}&#8221;][\/et_pb_image][et_pb_text _builder_version=&#8221;4.16&#8243; header_4_font=&#8221;|700|||||||&#8221; header_4_text_align=&#8221;center&#8221; header_4_line_height=&#8221;1.5em&#8221; text_orientation=&#8221;center&#8221; link_option_url=&#8221;https:\/\/ountravela.com\/de\/shop\/reisefuhrer-tourenbuch\/buch-explore-ladakh-india-4&#215;4-van-motorrad-fahrrad\/&#8221; global_colors_info=&#8221;{}&#8221;]<\/p>\n<h4>EXPLORE LADAKH &#8211; Buch<\/h4>\n<p>29,90\u20ac<br \/>\n[\/et_pb_text][\/et_pb_column][\/et_pb_row][\/et_pb_section]<\/p>\n","protected":false},"excerpt":{"rendered":"<p><strong>V2 ver\u00f6ffentlicht am 1. Januar 2023 + erl\u00e4uterndes PDF mit Karte<\/strong><br \/>\nLaden Sie die GPS-Spuren der 12 Pisten aus dem Buch EXPLORE LADAKH im GPX-Format herunter. Mit \u00fcber 150 Points of Interest (Aussichtspunkte, Biwakpl\u00e4tze, kulturelle Sehensw\u00fcrdigkeiten usw.).<\/p>\n<p><strong>ANGEBOT: Sie erhalten 10 \u20ac Rabatt,<\/strong> wenn Sie das Buch <em>Explore Ladakh<\/em> und die GPS-Tracks kaufen. Angebot auf der <a href=\"https:\/\/ountravela.com\/boutique\/guide-aventure-road-book\/explore-ladakh-livre\/\">Verkaufsseite des Buches hier erh\u00e4ltlich !<\/a><\/p>\n","protected":false},"featured_media":282447,"comment_status":"open","ping_status":"closed","template":"","meta":{"_et_pb_use_builder":"on","_et_pb_old_content":"<strong>V2 ver\u00f6ffentlicht am 1. Januar 2023 + erl\u00e4uterndes PDF mit Karte<\/strong>\nDie Datei enth\u00e4lt :\n<ul>\n \t<li>Die GPS-Spuren der 12 Pfade unseres Reisef\u00fchrers<strong><em> \"Explore Ladakh\".<\/em><\/strong> im GPX-Format<\/li>\n \t<li>\u00dcber 150 Sehensw\u00fcrdigkeiten: Aussichtspunkte, Biwakpl\u00e4tze, Gasth\u00e4user, Seen, Gletscher, Kl\u00f6ster...<\/li>\n \t<li>Eine erl\u00e4uternde PDF-Datei<\/li>\n<\/ul>\nLaden Sie die Datei einfach in Ihre Navigationsanwendung auf Ihrem Smartphone oder GPS-Ger\u00e4t herunter! Wir empfehlen Ihnen die Anwendungen OSMAnd oder GPX Viewer. <span id=\"MapFactor\">  (verf\u00fcgbar auf Android und Apple). Auf dem Computer k\u00f6nnen Sie die Spuren auch unter visugpx.com einsehen. <\/span>","_et_gb_content_width":"","_glsr_average":0,"_glsr_ranking":0,"_glsr_reviews":0},"product_brand":[488],"product_cat":[528],"product_tag":[535,532],"class_list":{"0":"post-282446","1":"product","2":"type-product","3":"status-publish","4":"has-post-thumbnail","6":"product_brand-ountravela","7":"product_cat-gpx-routen","8":"product_tag-gps-spuren","9":"product_tag-ladakh-produkte","11":"first","12":"instock","13":"downloadable","14":"virtual","15":"taxable","16":"purchasable","17":"product-type-simple"},"_links":{"self":[{"href":"https:\/\/ountravela.com\/de\/wp-json\/wp\/v2\/product\/282446","targetHints":{"allow":["GET"]}}],"collection":[{"href":"https:\/\/ountravela.com\/de\/wp-json\/wp\/v2\/product"}],"about":[{"href":"https:\/\/ountravela.com\/de\/wp-json\/wp\/v2\/types\/product"}],"replies":[{"embeddable":true,"href":"https:\/\/ountravela.com\/de\/wp-json\/wp\/v2\/comments?post=282446"}],"wp:featuredmedia":[{"embeddable":true,"href":"https:\/\/ountravela.com\/de\/wp-json\/wp\/v2\/media\/282447"}],"wp:attachment":[{"href":"https:\/\/ountravela.com\/de\/wp-json\/wp\/v2\/media?parent=282446"}],"wp:term":[{"taxonomy":"product_brand","embeddable":true,"href":"https:\/\/ountravela.com\/de\/wp-json\/wp\/v2\/product_brand?post=282446"},{"taxonomy":"product_cat","embeddable":true,"href":"https:\/\/ountravela.com\/de\/wp-json\/wp\/v2\/product_cat?post=282446"},{"taxonomy":"product_tag","embeddable":true,"href":"https:\/\/ountravela.com\/de\/wp-json\/wp\/v2\/product_tag?post=282446"}],"curies":[{"name":"wp","href":"https:\/\/api.w.org\/{rel}","templated":true}]}}