{"id":296368,"date":"2025-09-12T14:25:52","date_gmt":"2025-09-12T12:25:52","guid":{"rendered":"https:\/\/ountravela.com\/politique-de-confidentialite-rent2explore\/"},"modified":"2026-01-31T23:46:57","modified_gmt":"2026-01-31T22:46:57","slug":"datenschutz-rent2explore","status":"publish","type":"page","link":"https:\/\/ountravela.com\/de\/datenschutz-rent2explore\/","title":{"rendered":"Datenschutzrichtlinie Rent2explore"},"content":{"rendered":"<p>[et_pb_section fb_built=&#8221;1&#8243; admin_label=&#8221;section&#8221; _builder_version=&#8221;4.16&#8243; global_colors_info=&#8221;{}&#8221;][et_pb_row admin_label=&#8221;row&#8221; _builder_version=&#8221;4.16&#8243; background_size=&#8221;initial&#8221; background_position=&#8221;top_left&#8221; background_repeat=&#8221;repeat&#8221; global_colors_info=&#8221;{}&#8221;][et_pb_column type=&#8221;4_4&#8243; _builder_version=&#8221;4.16&#8243; custom_padding=&#8221;|||&#8221; pac_dcm_carousel_specific_module_num=&#8221;0&#8243; global_colors_info=&#8221;{}&#8221; custom_padding__hover=&#8221;|||&#8221;][et_pb_text admin_label=&#8221;Text&#8221; _builder_version=&#8221;4.27.4&#8243; background_size=&#8221;initial&#8221; background_position=&#8221;top_left&#8221; background_repeat=&#8221;repeat&#8221; global_colors_info=&#8221;{}&#8221;]<\/p>\n<h1>  Datenschutzrichtlinie &#8211; Rent2Explore<\/h1>\n<p data-start=\"469\" data-end=\"512\" style=\"text-align: center;\"><strong data-start=\"469\" data-end=\"510\">Letzte Aktualisierung: September 2025<\/strong><\/p>\n<p data-start=\"469\" data-end=\"512\" style=\"text-align: center;\"><strong data-start=\"469\" data-end=\"510\"><\/strong><\/p>\n<p data-start=\"469\" data-end=\"512\" style=\"text-align: center;\"><strong data-start=\"469\" data-end=\"510\"><\/strong><\/p>\n<div id=\"privacy-settings-accordion-block-wordpress\" class=\"privacy-settings-accordion-panel privacy-text-box-body\">\n<p data-start=\"514\" data-end=\"881\">Diese Datenschutzrichtlinie erl\u00e4utert, wie <strong data-start=\"572\" data-end=\"593\">Rent2Explore SARL<\/strong> die pers\u00f6nlichen Daten seiner Kunden sammelt, verwendet, speichert und sch\u00fctzt.<br data-start=\"671\" data-end=\"674\">Sie gilt f\u00fcr alle <strong data-start=\"713\" data-end=\"733\">Vermittlungsdienste<\/strong> (Vermieter, Reisef\u00fchrer, Anbieter) und den <strong data-start=\"774\" data-end=\"811\">Verkauf von Verwaltungsdokumenten<\/strong> (Grenzgenehmigungen usw.), die \u00fcber die Website <strong data-start=\"860\" data-end=\"878\">ountravela.com<\/strong> angeboten werden.<\/p>\n<p data-start=\"883\" data-end=\"1110\">? F\u00fcr den Kauf von <strong data-start=\"902\" data-end=\"922\">Reisef\u00fchrern und B\u00fcchern<\/strong> (OunTravela Edition &#8211; Explore Media) gilt die Datenschutzrichtlinie von<strong data-start=\"995\" data-end=\"1009\">OunTravela<\/strong>: <a href=\"https:\/\/ountravela.com\/de\/datenschutz\/\">siehe OunTravela-Richtlinie<span aria-hidden=\"true\" class=\"ms-0.5 inline-block align-middle leading-none\"><svg width=\"20\" height=\"20\" viewbox=\"0 0 20 20\" fill=\"currentColor\" xmlns=\"http:\/\/www.w3.org\/2000\/svg\" data-rtl-flip=\"\" class=\"block h-[0.75em] w-[0.75em] stroke-current stroke-[0.75]\"><path d=\"M14.3349 13.3301V6.60645L5.47065 15.4707C5.21095 15.7304 4.78895 15.7304 4.52925 15.4707C4.26955 15.211 4.26955 14.789 4.52925 14.5293L13.3935 5.66504H6.66011C6.29284 5.66504 5.99507 5.36727 5.99507 5C5.99507 4.63273 6.29284 4.33496 6.66011 4.33496H14.9999L15.1337 4.34863C15.4369 4.41057 15.665 4.67857 15.665 5V13.3301C15.6649 13.6973 15.3672 13.9951 14.9999 13.9951C14.6327 13.9951 14.335 13.6973 14.3349 13.3301Z\"><\/path><\/svg><\/span><\/a>.<\/p>\n<hr data-start=\"1112\" data-end=\"1115\">\n<h2 data-start=\"1117\" data-end=\"1142\">1. Wer sind wir?<\/h2>\n<ul data-start=\"1143\" data-end=\"1312\">\n<li data-start=\"1143\" data-end=\"1312\">\n<p data-start=\"1145\" data-end=\"1312\"><strong data-start=\"1145\" data-end=\"1166\">Rent2Explore GmbH<\/strong><br data-start=\"1166\" data-end=\"1169\">SIRET: 935 131 383 00017<br data-start=\"1196\" data-end=\"1199\">Eingetragener Sitz: 2 avenue du Pr\u00e9sident Pierre Angot, 64000 Pau, Frankreich<br data-start=\"1269\" data-end=\"1272\">E-Mail: <strong data-start=\"1282\" data-end=\"1310\"><a data-start=\"1284\" data-end=\"1308\" class=\"decorated-link cursor-pointer\" rel=\"noopener\">contact@rent2explore.com<span aria-hidden=\"true\" class=\"ms-0.5 inline-block align-middle leading-none\"><svg width=\"20\" height=\"20\" viewbox=\"0 0 20 20\" fill=\"currentColor\" xmlns=\"http:\/\/www.w3.org\/2000\/svg\" data-rtl-flip=\"\" class=\"block h-[0.75em] w-[0.75em] stroke-current stroke-[0.75]\"><path d=\"M14.3349 13.3301V6.60645L5.47065 15.4707C5.21095 15.7304 4.78895 15.7304 4.52925 15.4707C4.26955 15.211 4.26955 14.789 4.52925 14.5293L13.3935 5.66504H6.66011C6.29284 5.66504 5.99507 5.36727 5.99507 5C5.99507 4.63273 6.29284 4.33496 6.66011 4.33496H14.9999L15.1337 4.34863C15.4369 4.41057 15.665 4.67857 15.665 5V13.3301C15.6649 13.6973 15.3672 13.9951 14.9999 13.9951C14.6327 13.9951 14.335 13.6973 14.3349 13.3301Z\"><\/path><\/svg><\/span><\/a><\/strong><\/p>\n<\/li>\n<\/ul>\n<hr data-start=\"1314\" data-end=\"1317\">\n<h2 data-start=\"1319\" data-end=\"1345\">2. Gesammelte Daten<\/h2>\n<p data-start=\"1347\" data-end=\"1434\">Bei der Nutzung unserer Dienste k\u00f6nnen wir die folgenden Daten sammeln:<\/p>\n<ul data-start=\"1436\" data-end=\"1988\">\n<li data-start=\"1436\" data-end=\"1513\">\n<p data-start=\"1438\" data-end=\"1513\"><strong data-start=\"1438\" data-end=\"1460\">Kontaktdaten<\/strong>: Name, Vorname, E-Mail-Adresse, Telefonnummer.<\/p>\n<\/li>\n<li data-start=\"1514\" data-end=\"1626\">\n<p data-start=\"1516\" data-end=\"1626\"><strong data-start=\"1516\" data-end=\"1542\">Buchungsdaten<\/strong>: Typ des gebuchten Fahrzeugs oder der gebuchten Dienstleistung, Mietdaten, Zielland.<\/p>\n<\/li>\n<li data-start=\"1627\" data-end=\"1761\">\n<p data-start=\"1629\" data-end=\"1761\"><strong data-start=\"1629\" data-end=\"1656\">Administrative Daten<\/strong> (f\u00fcr Genehmigungen und offizielle Dokumente): Kopie des Reisepasses, Kopie des Visums, Identit\u00e4tsinformationen.<\/p>\n<\/li>\n<li data-start=\"1762\" data-end=\"1909\">\n<p data-start=\"1764\" data-end=\"1909\"><strong data-start=\"1764\" data-end=\"1787\">Zahlungsdaten<\/strong>: werden \u00fcber unsere Dienstleister (Stripe, PayPal) verarbeitet. Rent2Explore hat niemals Zugang zu vollst\u00e4ndigen Kreditkartennummern.<\/p>\n<\/li>\n<li data-start=\"1910\" data-end=\"1988\">\n<p data-start=\"1912\" data-end=\"1988\"><strong data-start=\"1912\" data-end=\"1934\">Technische Daten<\/strong>: IP-Adresse, Browser, Cookies (siehe Abschnitt 7).<\/p>\n<\/li>\n<\/ul>\n<hr data-start=\"1990\" data-end=\"1993\">\n<h2 data-start=\"1995\" data-end=\"2026\">3. Zweck der Verarbeitung<\/h2>\n<p data-start=\"2028\" data-end=\"2063\">Wir verwenden Ihre Daten f\u00fcr :<\/p>\n<ul data-start=\"2064\" data-end=\"2449\">\n<li data-start=\"2064\" data-end=\"2127\">\n<p data-start=\"2066\" data-end=\"2127\">Ihre Buchungs- und Vermittlungsanfragen zu bearbeiten,<\/p>\n<\/li>\n<li data-start=\"2128\" data-end=\"2229\">\n<p data-start=\"2130\" data-end=\"2229\">Ihre Informationen an Dienstleister (Vermieter, Reisef\u00fchrer, lokale Beh\u00f6rden, falls erforderlich) weiterzuleiten,<\/p>\n<\/li>\n<li data-start=\"2230\" data-end=\"2305\">\n<p data-start=\"2232\" data-end=\"2305\">die Ausstellung von Grenz\u00fcbertrittsgenehmigungen oder Verwaltungsdokumenten verwalten,<\/p>\n<\/li>\n<li data-start=\"2306\" data-end=\"2368\">\n<p data-start=\"2308\" data-end=\"2368\">Betrug zu verhindern und die Sicherheit unserer Dienstleistungen zu gew\u00e4hrleisten,<\/p>\n<\/li>\n<li data-start=\"2369\" data-end=\"2449\">\n<p data-start=\"2371\" data-end=\"2449\">Einhaltung unserer gesetzlichen Verpflichtungen (Rechnungsstellung, Buchhaltung, Aufbewahrung).<\/p>\n<\/li>\n<\/ul>\n<hr data-start=\"2451\" data-end=\"2454\">\n<h2 data-start=\"2456\" data-end=\"2483\">4. Datenaustausch<\/h2>\n<p data-start=\"2485\" data-end=\"2539\">Ihre Daten k\u00f6nnen nur mit :<\/p>\n<ul data-start=\"2540\" data-end=\"2779\">\n<li data-start=\"2540\" data-end=\"2630\">\n<p data-start=\"2542\" data-end=\"2630\"><strong data-start=\"2542\" data-end=\"2568\">Drittanbieter<\/strong> (Vermieter, Reisef\u00fchrer, Agenturen), die an Ihrer Buchung beteiligt sind,<\/p>\n<\/li>\n<li data-start=\"2631\" data-end=\"2709\">\n<p data-start=\"2633\" data-end=\"2709\"><strong data-start=\"2633\" data-end=\"2667\">die Verwaltungspartner<\/strong>, die f\u00fcr die Erteilung von Genehmigungen erforderlich sind,<\/p>\n<\/li>\n<li data-start=\"2710\" data-end=\"2779\">\n<p data-start=\"2712\" data-end=\"2779\"><strong data-start=\"2712\" data-end=\"2743\">die technischen Dienstleister<\/strong> (Hosting, Online-Zahlung).<\/p>\n<\/li>\n<\/ul>\n<p data-start=\"2781\" data-end=\"2935\">? Alle unsere Partner verpflichten sich zur Einhaltung der DSGVO und zur <strong data-start=\"2841\" data-end=\"2909\">Vernichtung sensibler Dokumente innerhalb von maximal 3 Monaten<\/strong> nach ihrer Nutzung.<\/p>\n<hr data-start=\"2937\" data-end=\"2940\">\n<h2 data-start=\"2942\" data-end=\"2989\">5. Aufbewahrung und L\u00f6schung von Daten<\/h2>\n<ul data-start=\"2991\" data-end=\"3502\">\n<li data-start=\"2991\" data-end=\"3174\">\n<p data-start=\"2993\" data-end=\"3174\"><strong data-start=\"2997\" data-end=\"3020\">Sensible Dokumente<\/strong> (P\u00e4sse, Visa, Identit\u00e4tsscans) werden <strong data-start=\"3064\" data-end=\"3094\">h\u00f6chstens 3 Monate<\/strong> nach ihrer Versendung <strong data-start=\"3064\" data-end=\"3094\">vernichtet<\/strong>, sobald die Dienstleistung oder die Ausstellung des F\u00fchrerscheins abgeschlossen ist.<\/p>\n<\/li>\n<li data-start=\"3175\" data-end=\"3291\">\n<p data-start=\"3177\" data-end=\"3291\">Die Anbieter und Partner von Rent2Explore halten sich an die <strong data-start=\"3239\" data-end=\"3288\">gleiche Regel, dass die L\u00f6schung innerhalb von maximal 3 Monaten<\/strong> erfolgt.<\/p>\n<\/li>\n<li data-start=\"3292\" data-end=\"3426\">\n<p data-start=\"3294\" data-end=\"3426\">Daten im Zusammenhang mit der <strong data-start=\"3317\" data-end=\"3352\">Rechnungsstellung und Transaktionen<\/strong> werden gem\u00e4\u00df den gesetzlichen und steuerlichen Anforderungen 5 Jahre lang aufbewahrt.<\/p>\n<\/li>\n<li data-start=\"3427\" data-end=\"3502\">\n<p data-start=\"3429\" data-end=\"3502\">Technische Daten (Cookies, Logs) werden maximal 13 Monate aufbewahrt.<\/p>\n<\/li>\n<\/ul>\n<hr data-start=\"3504\" data-end=\"3507\">\n<h2 data-start=\"3509\" data-end=\"3525\">6. Sicherheit<\/h2>\n<p data-start=\"3527\" data-end=\"3630\">Wir setzen technische und organisatorische Ma\u00dfnahmen ein, um Ihre Daten zu sch\u00fctzen gegen :<\/p>\n<ul data-start=\"3631\" data-end=\"3756\">\n<li data-start=\"3631\" data-end=\"3657\">\n<p data-start=\"3633\" data-end=\"3657\">zuf\u00e4lliger Verlust,<\/p>\n<\/li>\n<li data-start=\"3658\" data-end=\"3683\">\n<p data-start=\"3660\" data-end=\"3683\">unberechtigten Zugang,<\/p>\n<\/li>\n<li data-start=\"3684\" data-end=\"3703\">\n<p data-start=\"3686\" data-end=\"3703\">Offenlegung,<\/p>\n<\/li>\n<li data-start=\"3704\" data-end=\"3756\">\n<p data-start=\"3706\" data-end=\"3756\">Unerlaubte \u00c4nderung oder Zerst\u00f6rung.<\/p>\n<\/li>\n<\/ul>\n<hr data-start=\"3758\" data-end=\"3761\">\n<h2 data-start=\"3763\" data-end=\"3803\">7. Cookies und Tracking-Technologien<\/h2>\n<p data-start=\"3805\" data-end=\"3875\">Rent2Explore verwendet technische und analytische Cookies, um :<\/p>\n<ul data-start=\"3876\" data-end=\"3975\">\n<li data-start=\"3876\" data-end=\"3919\">\n<p data-start=\"3878\" data-end=\"3919\">den ordnungsgem\u00e4\u00dfen Betrieb der Website zu gew\u00e4hrleisten,<\/p>\n<\/li>\n<li data-start=\"3920\" data-end=\"3975\">\n<p data-start=\"3922\" data-end=\"3975\">um die Besucherzahlen zu messen und unsere Dienstleistungen zu verbessern.<\/p>\n<\/li>\n<\/ul>\n<p data-start=\"3977\" data-end=\"4052\">Sie k\u00f6nnen Ihre Pr\u00e4ferenzen \u00fcber die Einstellungen Ihres Browsers verwalten.<\/p>\n<hr data-start=\"4054\" data-end=\"4057\">\n<h2 data-start=\"4059\" data-end=\"4084\">8. Ihre Rechte (DSGVO)<\/h2>\n<p data-start=\"4086\" data-end=\"4165\">Gem\u00e4\u00df der europ\u00e4ischen Gesetzgebung haben Sie die folgenden Rechte:<\/p>\n<ul data-start=\"4166\" data-end=\"4572\">\n<li data-start=\"4166\" data-end=\"4228\">\n<p data-start=\"4168\" data-end=\"4228\"><strong data-start=\"4168\" data-end=\"4177\">Zugang<\/strong>: Erhalt einer Kopie Ihrer pers\u00f6nlichen Daten.<\/p>\n<\/li>\n<li data-start=\"4229\" data-end=\"4303\">\n<p data-start=\"4231\" data-end=\"4303\"><strong data-start=\"4231\" data-end=\"4248\">Berichtigung: Berichtigung<\/strong> Ihrer Informationen, wenn diese nicht korrekt sind.<\/p>\n<\/li>\n<li data-start=\"4304\" data-end=\"4404\">\n<p data-start=\"4306\" data-end=\"4404\"><strong data-start=\"4306\" data-end=\"4321\">L\u00f6schung<\/strong>: Verlangen Sie die L\u00f6schung Ihrer Daten (im Rahmen der gesetzlichen Verpflichtungen).<\/p>\n<\/li>\n<li data-start=\"4405\" data-end=\"4486\">\n<p data-start=\"4407\" data-end=\"4486\"><strong data-start=\"4407\" data-end=\"4421\">Widerspruch<\/strong>: Widerspruch gegen die Verarbeitung Ihrer Daten in bestimmten F\u00e4llen.<\/p>\n<\/li>\n<li data-start=\"4487\" data-end=\"4572\">\n<p data-start=\"4489\" data-end=\"4572\"><strong data-start=\"4489\" data-end=\"4504\">\u00dcbertragbarkeit<\/strong>: Beantragen Sie die \u00dcbertragung Ihrer Daten an einen anderen Anbieter.<\/p>\n<\/li>\n<\/ul>\n<p data-start=\"4574\" data-end=\"4644\">? Um Ihre Rechte auszu\u00fcben, wenden Sie sich bitte an : <strong data-start=\"4614\" data-end=\"4642\"><a data-start=\"4616\" data-end=\"4640\" class=\"decorated-link cursor-pointer\" rel=\"noopener\">contact@rent2explore.com<span aria-hidden=\"true\" class=\"ms-0.5 inline-block align-middle leading-none\"><svg width=\"20\" height=\"20\" viewbox=\"0 0 20 20\" fill=\"currentColor\" xmlns=\"http:\/\/www.w3.org\/2000\/svg\" data-rtl-flip=\"\" class=\"block h-[0.75em] w-[0.75em] stroke-current stroke-[0.75]\"><path d=\"M14.3349 13.3301V6.60645L5.47065 15.4707C5.21095 15.7304 4.78895 15.7304 4.52925 15.4707C4.26955 15.211 4.26955 14.789 4.52925 14.5293L13.3935 5.66504H6.66011C6.29284 5.66504 5.99507 5.36727 5.99507 5C5.99507 4.63273 6.29284 4.33496 6.66011 4.33496H14.9999L15.1337 4.34863C15.4369 4.41057 15.665 4.67857 15.665 5V13.3301C15.6649 13.6973 15.3672 13.9951 14.9999 13.9951C14.6327 13.9951 14.335 13.6973 14.3349 13.3301Z\"><\/path><\/svg><\/span><\/a><\/strong><\/p>\n<hr data-start=\"4646\" data-end=\"4649\">\n<h2 data-start=\"4651\" data-end=\"4684\">9. Rechtsgrundlage der Verarbeitung<\/h2>\n<p data-start=\"4686\" data-end=\"4761\">Wir sammeln und verarbeiten Ihre Daten auf den folgenden Rechtsgrundlagen:<\/p>\n<ul data-start=\"4762\" data-end=\"5033\">\n<li data-start=\"4762\" data-end=\"4829\">\n<p data-start=\"4764\" data-end=\"4829\"><strong data-start=\"4764\" data-end=\"4790\">Erf\u00fcllung eines Vertrages<\/strong> (Reservierung, Erteilung von Genehmigungen),<\/p>\n<\/li>\n<li data-start=\"4830\" data-end=\"4884\">\n<p data-start=\"4832\" data-end=\"4884\"><strong data-start=\"4832\" data-end=\"4853\">gesetzliche Verpflichtung<\/strong> (Rechnungsstellung, Buchhaltung)<\/p>\n<\/li>\n<li data-start=\"4885\" data-end=\"4972\">\n<p data-start=\"4887\" data-end=\"4972\">Die Daten werden f\u00fcr <strong data-start=\"4887\" data-end=\"4907\">legitime Interessen<\/strong> verwendet (Sicherheit, Betrugsbek\u00e4mpfung, Verbesserung der Dienstleistungen),<\/p>\n<\/li>\n<li data-start=\"4973\" data-end=\"5033\">\n<p data-start=\"4975\" data-end=\"5033\"><strong data-start=\"4975\" data-end=\"4991\">Zustimmung<\/strong> (Newsletter, Marketingkommunikation).<\/p>\n<\/li>\n<\/ul>\n<hr data-start=\"5035\" data-end=\"5038\">\n<h2 data-start=\"5040\" data-end=\"5078\">10. \u00c4nderungen der Politik<\/h2>\n<p data-start=\"5080\" data-end=\"5235\">Wir behalten uns das Recht vor, diese Datenschutzrichtlinie jederzeit zu \u00e4ndern. Das Datum der Aktualisierung wird oben auf der Seite angezeigt.<\/p>\n<\/div>\n<div id=\"privacy-settings-accordion-block-google-for-woocommerce\" class=\"privacy-settings-accordion-panel privacy-text-box-body\">\n<p class=\"privacy-policy-tutorial\">\n<\/div>\n<p>[\/et_pb_text][\/et_pb_column][\/et_pb_row][\/et_pb_section]<\/p>\n","protected":false},"excerpt":{"rendered":"<p>Datenschutzrichtlinie &#8211; Rent2Explore Letzte Aktualisierung: September 2025 Diese Datenschutzrichtlinie erl\u00e4utert, wie Rent2Explore SARL die pers\u00f6nlichen Daten seiner Kunden sammelt, verwendet, speichert und sch\u00fctzt.Sie gilt f\u00fcr alle Vermittlungsdienste (Vermieter, Reisef\u00fchrer, Anbieter) und den Verkauf von Verwaltungsdokumenten (Grenzgenehmigungen usw.), die \u00fcber die Website ountravela.com angeboten werden. ? F\u00fcr den Kauf von Reisef\u00fchrern und B\u00fcchern (OunTravela Edition &#8211; Explore Media) gilt die Datenschutzrichtlinie vonOunTravela: siehe OunTravela-Richtlinie. 1. Wer sind wir? Rent2Explore GmbHSIRET: 935 131 383 00017Eingetragener Sitz: 2 avenue du Pr\u00e9sident Pierre Angot, 64000 Pau, FrankreichE-Mail: contact@rent2explore.com 2. Gesammelte Daten Bei der Nutzung unserer Dienste k\u00f6nnen wir die folgenden Daten sammeln: Kontaktdaten: Name, Vorname, E-Mail-Adresse, Telefonnummer. Buchungsdaten: Typ des gebuchten Fahrzeugs oder der gebuchten Dienstleistung, Mietdaten, Zielland. Administrative Daten (f\u00fcr Genehmigungen und offizielle Dokumente): Kopie des Reisepasses, Kopie des Visums, Identit\u00e4tsinformationen. Zahlungsdaten: werden \u00fcber unsere Dienstleister (Stripe, PayPal) verarbeitet. Rent2Explore hat niemals Zugang zu vollst\u00e4ndigen Kreditkartennummern. Technische Daten: IP-Adresse, Browser, Cookies (siehe Abschnitt 7). 3. Zweck der Verarbeitung Wir verwenden Ihre Daten f\u00fcr : Ihre Buchungs- und Vermittlungsanfragen zu bearbeiten, Ihre Informationen an Dienstleister (Vermieter, Reisef\u00fchrer, lokale Beh\u00f6rden, falls erforderlich) weiterzuleiten, die Ausstellung von Grenz\u00fcbertrittsgenehmigungen oder Verwaltungsdokumenten verwalten, Betrug zu verhindern und die Sicherheit unserer Dienstleistungen zu gew\u00e4hrleisten, Einhaltung unserer gesetzlichen Verpflichtungen (Rechnungsstellung, [&hellip;]<\/p>\n","protected":false},"author":1,"featured_media":0,"parent":0,"menu_order":0,"comment_status":"closed","ping_status":"closed","template":"","meta":{"_et_pb_use_builder":"on","_et_pb_old_content":"","_et_gb_content_width":"","_glsr_average":0,"_glsr_ranking":0,"_glsr_reviews":0,"footnotes":""},"class_list":["post-296368","page","type-page","status-publish","hentry"],"_links":{"self":[{"href":"https:\/\/ountravela.com\/de\/wp-json\/wp\/v2\/pages\/296368","targetHints":{"allow":["GET"]}}],"collection":[{"href":"https:\/\/ountravela.com\/de\/wp-json\/wp\/v2\/pages"}],"about":[{"href":"https:\/\/ountravela.com\/de\/wp-json\/wp\/v2\/types\/page"}],"author":[{"embeddable":true,"href":"https:\/\/ountravela.com\/de\/wp-json\/wp\/v2\/users\/1"}],"replies":[{"embeddable":true,"href":"https:\/\/ountravela.com\/de\/wp-json\/wp\/v2\/comments?post=296368"}],"version-history":[{"count":7,"href":"https:\/\/ountravela.com\/de\/wp-json\/wp\/v2\/pages\/296368\/revisions"}],"predecessor-version":[{"id":299585,"href":"https:\/\/ountravela.com\/de\/wp-json\/wp\/v2\/pages\/296368\/revisions\/299585"}],"wp:attachment":[{"href":"https:\/\/ountravela.com\/de\/wp-json\/wp\/v2\/media?parent=296368"}],"curies":[{"name":"wp","href":"https:\/\/api.w.org\/{rel}","templated":true}]}}