{"id":296302,"date":"2025-09-12T11:41:12","date_gmt":"2025-09-12T09:41:12","guid":{"rendered":"https:\/\/ountravela.com\/mentions-legales-rent2explore\/"},"modified":"2025-09-12T17:14:22","modified_gmt":"2025-09-12T15:14:22","slug":"impressum-rent2explore","status":"publish","type":"page","link":"https:\/\/ountravela.com\/de\/impressum-rent2explore\/","title":{"rendered":"Rechtliche Hinweise Rent2explore"},"content":{"rendered":"<p>[et_pb_section fb_built=&#8221;1&#8243; _builder_version=&#8221;4.27.4&#8243; _module_preset=&#8221;default&#8221; global_colors_info=&#8221;{}&#8221;][et_pb_row _builder_version=&#8221;4.27.4&#8243; _module_preset=&#8221;default&#8221; global_colors_info=&#8221;{}&#8221;][et_pb_column type=&#8221;4_4&#8243; _builder_version=&#8221;4.27.4&#8243; _module_preset=&#8221;default&#8221; pac_dcm_carousel_specific_module_num=&#8221;0&#8243; global_colors_info=&#8221;{}&#8221;][et_pb_text _builder_version=&#8221;4.27.4&#8243; _module_preset=&#8221;default&#8221; global_colors_info=&#8221;{}&#8221;]<\/p>\n<h1>Rechtliche Hinweise Rent2explore<\/h1>\n<p>[\/et_pb_text][\/et_pb_column][\/et_pb_row][et_pb_row _builder_version=&#8221;4.27.4&#8243; _module_preset=&#8221;default&#8221; global_colors_info=&#8221;{}&#8221;][et_pb_column type=&#8221;4_4&#8243; _builder_version=&#8221;4.27.4&#8243; _module_preset=&#8221;default&#8221; pac_dcm_carousel_specific_module_num=&#8221;0&#8243; global_colors_info=&#8221;{}&#8221;][et_pb_text _builder_version=&#8221;4.27.4&#8243; _module_preset=&#8221;default&#8221; hover_enabled=&#8221;0&#8243; global_colors_info=&#8221;{}&#8221; sticky_enabled=&#8221;0&#8243;]<\/p>\n<h2><span id=\"lwptoc20\">1 &#8211; Herausgeber der Dienste &#8220;Erlaubnis&#8221; und &#8220;Kontaktaufnahme&#8221;.<\/span><\/h2>\n<p>Gem\u00e4\u00df<span> <\/span><a href=\"https:\/\/www.legifrance.gouv.fr\/affichTexte.do?cidTexte=JORFTEXT000000801164#LEGIARTI000042038977\" target=\"_blank\" rel=\"noreferrer noopener\">Artikel 6 des Gesetzes Nr. 2004-575 vom 21. Juni 2004<\/a><span> <\/span>\u00fcber das Vertrauen in die digitale Wirtschaft werden die Nutzer der Website<span> <\/span><strong><span class=\"ff_dynamic_value\" data-ref=\"url\" data-fallback=\"\">https:\/\/ountravela.com<\/span><\/strong><span> <\/span>die Identit\u00e4t der verschiedenen Akteure im Rahmen der Durchf\u00fchrung und \u00dcberwachung bestimmter von <strong data-start=\"534\" data-end=\"555\">Rent2Explore SARL<\/strong> angebotener Dienstleistungen.<\/p>\n<p data-start=\"623\" data-end=\"878\"><strong data-start=\"623\" data-end=\"644\">Rent2Explore GmbH<\/strong><br data-start=\"644\" data-end=\"647\">Gesellschaft mit beschr\u00e4nkter Haftung mit einem Kapital von 1000 \u20ac.<br data-start=\"700\" data-end=\"703\">Hauptsitz: 2 AVENUE DU PRESIDENT PIERRE ANGOT 64000 PAU<br data-start=\"736\" data-end=\"739\">Eingetragen im Handels- und Gesellschaftsregister von PAU unter der Nummer SIRET 93513138300017<br data-start=\"833\" data-end=\"836\">Umsatzsteuer-Identifikationsnummer: FR28935131383<\/p>\n<p data-start=\"880\" data-end=\"953\"><strong data-start=\"880\" data-end=\"891\">Kontakt<\/strong><br data-start=\"891\" data-end=\"894\">E-Mail: <a class=\"decorated-link cursor-pointer\" rel=\"noopener\">contact@rent2explore.com<\/a><\/p>\n<p data-start=\"955\" data-end=\"1006\"><strong data-start=\"955\" data-end=\"986\">Leiter der Ver\u00f6ffentlichung<\/strong>: MICHAUD Victor &#8211; Leiter <strong data-start=\"955\" data-end=\"986\">der<\/strong> Ver\u00f6ffentlichung<\/p>\n<h2 data-start=\"1013\" data-end=\"1027\"><\/h2>\n<p data-start=\"1029\" data-end=\"1161\">Die Website <strong data-start=\"1037\" data-end=\"1055\">ountravela.com<\/strong> wird gehostet von:  <br data-start=\"1073\" data-end=\"1076\"><span class=\"ff_dynamic_value\" data-ref=\"nom_hebergeur\" data-fallback=\"\">Rocket.net<\/span><span> \u00e0 <\/span><span class=\"ff_dynamic_value\" data-ref=\"adresse_hebergeur\" data-fallback=\"\">Frankfurt<br \/><\/span><span class=\"ff_dynamic_value\" data-ref=\"adresse_hebergeur\" data-fallback=\"\">Kontakt :<span> <\/span><\/span><span class=\"ff_dynamic_value\" data-ref=\"telephone_hebergeur\" data-fallback=\"\">https:\/\/rocket.net\/contact-us\/<\/span><\/p>\n<p>&nbsp;<\/p>\n<h2><span>2 &#8211; <\/span>Von Rent2explore durchgef\u00fchrte Aktivit\u00e4ten<\/h2>\n<p data-start=\"1207\" data-end=\"1324\">Einige der auf der Website <strong data-start=\"1252\" data-end=\"1270\">ountravela.com<\/strong> angebotenen Leistungen werden von <strong data-start=\"1288\" data-end=\"1309\">Rent2Explore SARL<\/strong> erbracht, insbesondere :<\/p>\n<ul data-start=\"1326\" data-end=\"1525\">\n<li data-start=\"1326\" data-end=\"1402\">\n<p data-start=\"1328\" data-end=\"1402\">Verkauf von <strong data-start=\"1340\" data-end=\"1362\">Grenzgenehmigungen<\/strong> (z.B. Kirgisistan, Tadschikistan, etc.).<\/p>\n<\/li>\n<li data-start=\"1403\" data-end=\"1525\">\n<p data-start=\"1405\" data-end=\"1525\"><strong data-start=\"1421\" data-end=\"1441\">Vermittlungsdienste<\/strong> mit Drittanbietern (Autovermieter, Reisef\u00fchrer, lokale Agenturen usw.).<\/p>\n<\/li>\n<\/ul>\n<p data-start=\"1527\" data-end=\"1711\">In diesen F\u00e4llen tritt Rent2Explore als <strong data-start=\"1565\" data-end=\"1576\">Verk\u00e4ufer<\/strong> oder <strong data-start=\"1580\" data-end=\"1607\">technischer Vermittler<\/strong> auf.<br data-start=\"1608\" data-end=\"1611\">Der endg\u00fcltige Vertrag wird immer direkt zwischen dem Kunden und der lokalen Beh\u00f6rde oder dem Dienstleister geschlossen.<\/p>\n<p data-start=\"1527\" data-end=\"1711\">Die <a href=\"https:\/\/ountravela.com\/de\/impressum\/\">rechtlichen Hinweise des OunTravela Verlags finden Sie hier.<\/a><\/p>\n<h2><span>3 &#8211; Haftung<\/span><\/h2>\n<p data-start=\"1737\" data-end=\"1880\"><strong data-start=\"1737\" data-end=\"1751\">OunTravela<\/strong> (\u00c9ditions OunTravela) fungiert lediglich als <strong data-start=\"1796\" data-end=\"1819\">Herausgeber der Inhalte<\/strong> und ist nicht f\u00fcr die Bereitstellung dieser Dienste verantwortlich.<\/p>\n<p data-start=\"1882\" data-end=\"2022\">Alle Beschwerden bez\u00fcglich dieser Leistungen m\u00fcssen direkt an <strong data-start=\"1960\" data-end=\"1981\">Rent2Explore SARL<\/strong> unter den oben genannten Kontaktdaten gerichtet werden.<\/p>\n<h2><span id=\"lwptoc21\">4 &#8211; Geistiges Eigentum<\/span><\/h2>\n<p>Die Inhalte (Texte, Bilder, Logos, Illustrationen), die sich auf die von Rent2Explore angebotenen Dienstleistungen beziehen, sind das ausschlie\u00dfliche Eigentum von Rent2Explore und\/oder seinen Partnern.<br data-start=\"2229\" data-end=\"2232\">Jede Vervielf\u00e4ltigung oder Nutzung ohne Genehmigung ist untersagt.<\/p>\n<h2><span><\/span><\/h2>\n<h2><span>5 &#8211; Schutz<\/span>der pers\u00f6nlichen Daten<\/h2>\n<p>Rent2Explore verpflichtet sich, die \u00fcber <strong data-start=\"2420\" data-end=\"2438\">ountravela.com<\/strong> gesammelten pers\u00f6nlichen Daten in \u00dcbereinstimmung mit der Allgemeinen Datenschutzverordnung (DSGVO) zu behandeln.<br data-start=\"2510\" data-end=\"2513\">? S <a href=\"https:\/\/ountravela.com\/de\/datenschutz-rent2explore\/\">iehe Datenschutzrichtlinie Rent2explore<\/a><\/p>\n<h2><span><\/span><\/h2>\n<h2><span>6 &#8211; <\/span>Anwendbares Recht<\/h2>\n<p>Die vorliegenden rechtlichen Hinweise unterliegen dem franz\u00f6sischen Recht.<br data-start=\"2722\" data-end=\"2725\">Im Falle eines Rechtsstreits sind die Gerichte im Bezirk des Firmensitzes von Rent2Explore zust\u00e4ndig, sofern nicht gesetzlich etwas anderes bestimmt ist.<\/p>\n<p>&nbsp;<\/p>\n<p>[\/et_pb_text][\/et_pb_column][\/et_pb_row][\/et_pb_section]<\/p>\n","protected":false},"excerpt":{"rendered":"<p>Rechtliche Hinweise Rent2explore1 &#8211; Herausgeber der Dienste &#8220;Erlaubnis&#8221; und &#8220;Kontaktaufnahme&#8221;. Gem\u00e4\u00df Artikel 6 des Gesetzes Nr. 2004-575 vom 21. Juni 2004 \u00fcber das Vertrauen in die digitale Wirtschaft werden die Nutzer der Website https:\/\/ountravela.com die Identit\u00e4t der verschiedenen Akteure im Rahmen der Durchf\u00fchrung und \u00dcberwachung bestimmter von Rent2Explore SARL angebotener Dienstleistungen. Rent2Explore GmbHGesellschaft mit beschr\u00e4nkter Haftung mit einem Kapital von 1000 \u20ac.Hauptsitz: 2 AVENUE DU PRESIDENT PIERRE ANGOT 64000 PAUEingetragen im Handels- und Gesellschaftsregister von PAU unter der Nummer SIRET 93513138300017Umsatzsteuer-Identifikationsnummer: FR28935131383 KontaktE-Mail: contact@rent2explore.com Leiter der Ver\u00f6ffentlichung: MICHAUD Victor &#8211; Leiter der Ver\u00f6ffentlichung Die Website ountravela.com wird gehostet von: Rocket.net \u00e0 FrankfurtKontakt : https:\/\/rocket.net\/contact-us\/ &nbsp; 2 &#8211; Von Rent2explore durchgef\u00fchrte Aktivit\u00e4ten Einige der auf der Website ountravela.com angebotenen Leistungen werden von Rent2Explore SARL erbracht, insbesondere : Verkauf von Grenzgenehmigungen (z.B. Kirgisistan, Tadschikistan, etc.). Vermittlungsdienste mit Drittanbietern (Autovermieter, Reisef\u00fchrer, lokale Agenturen usw.). In diesen F\u00e4llen tritt Rent2Explore als Verk\u00e4ufer oder technischer Vermittler auf.Der endg\u00fcltige Vertrag wird immer direkt zwischen dem Kunden und der lokalen Beh\u00f6rde oder dem Dienstleister geschlossen. Die rechtlichen Hinweise des OunTravela Verlags finden Sie hier. 3 &#8211; Haftung OunTravela (\u00c9ditions OunTravela) fungiert lediglich als Herausgeber der Inhalte und ist nicht f\u00fcr die Bereitstellung dieser Dienste verantwortlich. Alle Beschwerden [&hellip;]<\/p>\n","protected":false},"author":1,"featured_media":0,"parent":0,"menu_order":0,"comment_status":"closed","ping_status":"closed","template":"","meta":{"_et_pb_use_builder":"on","_et_pb_old_content":"","_et_gb_content_width":"","_glsr_average":0,"_glsr_ranking":0,"_glsr_reviews":0,"footnotes":""},"class_list":["post-296302","page","type-page","status-publish","hentry"],"_links":{"self":[{"href":"https:\/\/ountravela.com\/de\/wp-json\/wp\/v2\/pages\/296302","targetHints":{"allow":["GET"]}}],"collection":[{"href":"https:\/\/ountravela.com\/de\/wp-json\/wp\/v2\/pages"}],"about":[{"href":"https:\/\/ountravela.com\/de\/wp-json\/wp\/v2\/types\/page"}],"author":[{"embeddable":true,"href":"https:\/\/ountravela.com\/de\/wp-json\/wp\/v2\/users\/1"}],"replies":[{"embeddable":true,"href":"https:\/\/ountravela.com\/de\/wp-json\/wp\/v2\/comments?post=296302"}],"version-history":[{"count":0,"href":"https:\/\/ountravela.com\/de\/wp-json\/wp\/v2\/pages\/296302\/revisions"}],"wp:attachment":[{"href":"https:\/\/ountravela.com\/de\/wp-json\/wp\/v2\/media?parent=296302"}],"curies":[{"name":"wp","href":"https:\/\/api.w.org\/{rel}","templated":true}]}}