{"id":284567,"date":"2025-03-01T18:09:08","date_gmt":"2025-03-01T17:09:08","guid":{"rendered":"https:\/\/ountravela.com\/politique-de-confidentialite\/"},"modified":"2025-09-12T17:12:07","modified_gmt":"2025-09-12T15:12:07","slug":"datenschutz","status":"publish","type":"page","link":"https:\/\/ountravela.com\/de\/datenschutz\/","title":{"rendered":"Datenschutzrichtlinie"},"content":{"rendered":"<p>[et_pb_section fb_built=&#8221;1&#8243; admin_label=&#8221;section&#8221; _builder_version=&#8221;4.16&#8243; global_colors_info=&#8221;{}&#8221;][et_pb_row admin_label=&#8221;row&#8221; _builder_version=&#8221;4.16&#8243; background_size=&#8221;initial&#8221; background_position=&#8221;top_left&#8221; background_repeat=&#8221;repeat&#8221; global_colors_info=&#8221;{}&#8221;][et_pb_column type=&#8221;4_4&#8243; _builder_version=&#8221;4.16&#8243; custom_padding=&#8221;|||&#8221; pac_dcm_carousel_specific_module_num=&#8221;0&#8243; global_colors_info=&#8221;{}&#8221; custom_padding__hover=&#8221;|||&#8221;][et_pb_text admin_label=&#8221;Text&#8221; _builder_version=&#8221;4.27.4&#8243; background_size=&#8221;initial&#8221; background_position=&#8221;top_left&#8221; background_repeat=&#8221;repeat&#8221; hover_enabled=&#8221;0&#8243; global_colors_info=&#8221;{}&#8221; sticky_enabled=&#8221;0&#8243;]<\/p>\n<h1>  Datenschutzrichtlinie<\/h1>\n<p>&nbsp;<\/p>\n<div id=\"privacy-settings-accordion-block-wordpress\" class=\"privacy-settings-accordion-panel privacy-text-box-body\">\n<h2 class=\"wp-block-heading\">Wer sind wir?<\/h2>\n<p>Die Adresse unserer Website ist: https: <a href=\"https:\/\/ountravela.com\/de\/\">\/\/ountravela.com<\/a>.<br \/>Die <a href=\"https:\/\/ountravela.com\/de\/datenschutz-rent2explore\/\">Datenschutzbestimmungen von Rent2explore finden Sie hier<\/a> (bez\u00fcglich des Erwerbs von Genehmigungen und der Vermittlung von Reisef\u00fchrern und Vermietern).<\/p>\n<h2 class=\"wp-block-heading\">Kommentare<\/h2>\n<p>Wenn Sie einen Kommentar auf unserer Website hinterlassen, werden die Daten, die Sie in das Kommentarformular eingeben, sowie Ihre IP-Adresse und der User Agent Ihres Browsers gesammelt, um uns bei der Erkennung von unerw\u00fcnschten Kommentaren zu helfen.<\/p>\n<p>Eine anonymisierte Zeichenfolge, die aus Ihrer E-Mail-Adresse erstellt wird (auch Hash genannt), kann an den Gravatar-Service gesendet werden, um zu \u00fcberpr\u00fcfen, ob Sie diesen Service nutzen. Die Datenschutzbestimmungen f\u00fcr den Gravatar-Service finden Sie hier: https:<a href=\"https:\/\/automattic.com\/privacy\/\" target=\"_blank\" rel=\"noopener\"> \/\/automattic.com\/privacy\/<\/a>. Nachdem Sie Ihren Kommentar freigeschaltet haben, wird Ihr Profilbild neben Ihrem Kommentar \u00f6ffentlich sichtbar sein.<\/p>\n<h2 class=\"wp-block-heading\">Medien<\/h2>\n<p>Wenn Sie Bilder auf die Website hochladen, empfehlen wir Ihnen, das Hochladen von Bildern zu vermeiden, die EXIF-Daten von GPS-Koordinaten enthalten. Personen, die Ihre Website besuchen, k\u00f6nnen Standortdaten von diesen Bildern herunterladen und extrahieren.<\/p>\n<h2 class=\"wp-block-heading\">Cookies<\/h2>\n<p>Wenn Sie einen Kommentar auf unserer Website abgeben, wird Ihnen angeboten, Ihren Namen, Ihre E-Mail-Adresse und Ihre Website in Cookies zu speichern. Dies ist nur zu Ihrer Bequemlichkeit, damit Sie diese Informationen nicht eingeben m\u00fcssen, wenn Sie sp\u00e4ter einen weiteren Kommentar abgeben. Diese Cookies laufen nach einem Jahr ab.<\/p>\n<p>Wenn Sie die Anmeldeseite aufrufen, wird ein tempor\u00e4res Cookie erstellt, um festzustellen, ob Ihr Browser Cookies akzeptiert. Sie enth\u00e4lt keine pers\u00f6nlichen Daten und wird automatisch gel\u00f6scht, wenn Sie Ihren Browser schlie\u00dfen.<\/p>\n<p>Wenn Sie sich einloggen, werden wir eine Reihe von Cookies setzen, um Ihre Anmeldeinformationen und Bildschirmeinstellungen zu speichern. Die Lebensdauer eines Verbindungs-Cookies betr\u00e4gt zwei Tage, die eines Bildschirmoptions-Cookies ein Jahr. Wenn Sie &#8220;An mich erinnern&#8221; ankreuzen, wird Ihr Anmelde-Cookie zwei Wochen lang gespeichert. Wenn Sie sich von Ihrem Konto abmelden, wird der Anmelde-Cookie gel\u00f6scht.<\/p>\n<p>Wenn Sie eine Publikation bearbeiten oder ver\u00f6ffentlichen, wird ein zus\u00e4tzliches Cookie in Ihrem Browser gespeichert. Dieses Cookie enth\u00e4lt keine pers\u00f6nlichen Daten. Sie zeigt lediglich die ID der Publikation an, die Sie gerade bearbeitet haben. Er l\u00e4uft nach einem Tag ab.<\/p>\n<h2 class=\"wp-block-heading\">Eingebettete Inhalte von anderen Websites<\/h2>\n<p>Die Artikel auf dieser Website k\u00f6nnen eingebettete Inhalte enthalten (z.B. Videos, Bilder, Artikel&#8230;). Inhalte, die von anderen Websites eingebunden werden, verhalten sich so, als ob der Besucher diese andere Website besuchen w\u00fcrde.<\/p>\n<p>Diese Webseiten k\u00f6nnen Daten \u00fcber Sie sammeln, Cookies verwenden, Tracking-Tools von Dritten einbetten und Ihre Interaktionen mit diesen eingebetteten Inhalten verfolgen, wenn Sie ein angemeldetes Konto auf ihrer Webseite haben.<\/p>\n<h2 class=\"wp-block-heading\">Nutzung und \u00dcbermittlung Ihrer pers\u00f6nlichen Daten<\/h2>\n<p>Wenn Sie ein Zur\u00fccksetzen Ihres Passworts anfordern, wird Ihre IP-Adresse in die E-Mail mit dem Zur\u00fccksetzen aufgenommen.<\/p>\n<h2 class=\"wp-block-heading\">Dauer der Speicherung Ihrer Daten<\/h2>\n<p>Wenn Sie einen Kommentar hinterlassen, werden der Kommentar und seine Metadaten auf unbestimmte Zeit gespeichert. Dies erm\u00f6glicht es, nachfolgende Kommentare automatisch zu erkennen und zu genehmigen, anstatt sie in der Moderationswarteschlange zu belassen.<\/p>\n<p>F\u00fcr Konten, die sich auf unserer Website registrieren (falls zutreffend), speichern wir auch die pers\u00f6nlichen Daten, die in ihrem Profil angegeben sind. Alle Konten k\u00f6nnen ihre pers\u00f6nlichen Daten jederzeit einsehen, \u00e4ndern oder l\u00f6schen (mit Ausnahme ihres Benutzernamens). Die Verwalter der Website k\u00f6nnen diese Informationen ebenfalls einsehen und \u00e4ndern.<\/p>\n<h2 class=\"wp-block-heading\">Die Rechte, die Sie \u00fcber Ihre Daten haben<\/h2>\n<p>Wenn Sie ein Konto haben oder Kommentare auf der Website hinterlassen haben, k\u00f6nnen Sie eine Datei anfordern, die alle pers\u00f6nlichen Daten enth\u00e4lt, die wir \u00fcber Sie gespeichert haben, einschlie\u00dflich der Daten, die Sie uns zur Verf\u00fcgung gestellt haben. Sie k\u00f6nnen auch die L\u00f6schung Ihrer pers\u00f6nlichen Daten verlangen. Dies gilt nicht f\u00fcr Daten, die f\u00fcr administrative oder gesetzliche Zwecke oder aus Sicherheitsgr\u00fcnden gespeichert werden.<\/p>\n<h2 class=\"wp-block-heading\">Wohin Ihre Daten gesendet werden<\/h2>\n<p>Die Kommentare der Besucher k\u00f6nnen mit Hilfe eines automatisierten Dienstes zur Erkennung unerw\u00fcnschter Kommentare \u00fcberpr\u00fcft werden.<\/p>\n<\/div>\n<div id=\"privacy-settings-accordion-block-wpml\" class=\"privacy-settings-accordion-panel privacy-text-box-body\">\n<p>WPML verwendet Cookies, um die aktuelle Sprache des Besuchers, die zuletzt besuchte Sprache und die Sprache der angemeldeten Benutzer zu identifizieren.<\/p>\n<\/div>\n<div id=\"privacy-settings-accordion-block-site-reviews\" class=\"privacy-settings-accordion-panel privacy-text-box-body\">\n<h2>Kommentare<\/h2>\n<p>Wenn Sie einen Kommentar auf der Website hinterlassen, sammeln und speichern wir die Daten, die Sie in das Kommentarformular eingegeben haben, sowie Ihre IP-Adresse, um die Erkennung von Spam zu erleichtern. Die Bewertung kann von Akismet, einem automatischen Spam-Erkennungsdienst, \u00fcberpr\u00fcft werden. Die Datenschutzbestimmungen des Akismet-Dienstes finden Sie hier: https:\/\/akismet.com\/privacy\/.<\/p>\n<p>Eine anonyme Zeichenfolge, die aus Ihrer E-Mail-Adresse erstellt wird (auch als &#8220;Hash&#8221; bezeichnet), kann dem Gravatar-Dienst zur Verf\u00fcgung gestellt werden, um zu \u00fcberpr\u00fcfen, ob Sie sie zur Speicherung eines Avatars verwenden. Die Datenschutzbestimmungen des Gravatar-Dienstes finden Sie hier: https:\/\/automattic.com\/privacy\/. Nachdem Ihre Bewertung genehmigt wurde, ist Ihr Profilbild im Zusammenhang mit Ihrer Bewertung \u00f6ffentlich sichtbar.<\/p>\n<\/div>\n<div id=\"privacy-settings-accordion-block-woocommerce\" class=\"privacy-settings-accordion-panel privacy-text-box-body\">\n<div class=\"wp-suggested-text\">\n<p class=\"privacy-policy-tutorial\">Diese zug\u00e4ngliche Sprache umfasst die Grundlagen \u00fcber die pers\u00f6nlichen Daten, die Ihr Gesch\u00e4ft sammeln, speichern und weitergeben kann, und dar\u00fcber hinaus, wer Zugang zu diesen Daten haben kann. Abh\u00e4ngig von Ihren Einstellungen und den Erweiterungen, die Sie verwenden, k\u00f6nnen die freigegebenen Informationen variieren. Wir empfehlen Ihnen, einen Anwalt zu konsultieren, wenn Sie entscheiden, welche Informationen in Ihrer Datenschutzrichtlinie offengelegt werden sollen.<\/p>\n<p>Wir sammeln Informationen, wenn Sie eine Bestellung in unserem Shop aufgeben.<\/p>\n<h2>Was wir sammeln und speichern<\/h2>\n<p>W\u00e4hrend Ihres Besuchs auf der Website verfolgen wir :<\/p>\n<ul>\n<li>Produkte, die Sie sich angesehen haben: Hier k\u00f6nnen Sie z.B. Produkte anzeigen lassen, die Sie sich k\u00fcrzlich angesehen haben.<\/li>\n<li>Standort, IP-Adresse und Browsertyp: Wir verwenden diese f\u00fcr die Sch\u00e4tzung von Steuern und Versandkosten.<\/li>\n<li>Lieferadresse: Wir werden Sie bitten, diese einzugeben, um die Versandkosten vor Ihrer Bestellung zu berechnen und Ihnen die Bestellung zuzusenden!<\/li>\n<\/ul>\n<p>Wir verwenden Cookies, um den Inhalt des Warenkorbs zu verfolgen, w\u00e4hrend Sie auf unserer Seite navigieren.<\/p>\n<p>Wenn Sie auf unserer Webseite einkaufen, werden Sie aufgefordert, Informationen wie Ihren Namen, Rechnungsadresse, Lieferadresse, E-Mail-Adresse, Telefonnummer, Zahlungsdaten \/ Kreditkarte und eventuell Kontodaten wie Benutzername und Passwort anzugeben. Diese Informationen werden f\u00fcr folgende Zwecke verwendet<\/p>\n<ul>\n<li>Senden von Informationen \u00fcber Ihr Konto und Ihre Bestellung<\/li>\n<li>Beantwortung von Anfragen, einschlie\u00dflich Erstattungen und Beschwerden<\/li>\n<li>Zahlungsabwicklung und Betrugspr\u00e4vention<\/li>\n<li>Konfigurieren Sie Ihr Konto f\u00fcr unseren Shop<\/li>\n<li>Erf\u00fcllung gesetzlicher Verpflichtungen, wie z. B. die Berechnung von Steuern<\/li>\n<li>Verbesserung der Angebote unseres Shops<\/li>\n<li>um Ihnen Marketingnachrichten zu senden, wenn Sie sich daf\u00fcr entscheiden, diese zu erhalten<\/li>\n<\/ul>\n<p>Wenn Sie ein Konto einrichten, speichern wir Ihren Namen, Ihre Adresse, E-Mail-Adresse und Telefonnummer, die zur Vorausf\u00fcllung der Bestellbest\u00e4tigung f\u00fcr zuk\u00fcnftige Bestellungen verwendet werden.<\/p>\n<p>Wir speichern Ihre Daten im Allgemeinen so lange, wie wir sie f\u00fcr den Zweck, f\u00fcr den wir sie sammeln und verwenden, ben\u00f6tigen, und wir sind nicht gesetzlich verpflichtet, sie weiterhin zu speichern. Zum Beispiel speichern wir Bestellinformationen f\u00fcr 5 Jahre f\u00fcr Steuer- und Buchhaltungszwecke. Dies schlie\u00dft Ihren Namen, Ihre E-Mail-Adresse und Ihre Rechnungs- und Lieferadresse ein.<\/p>\n<p>Wir speichern auch Kommentare oder Meinungen, wenn Sie sich daf\u00fcr entscheiden, diese zu senden.<\/p>\n<h2>Wer aus unserem Team hat Zugang zu den Daten<\/h2>\n<p>Die Mitglieder unseres Teams haben Zugang zu den Informationen, die Sie uns zur Verf\u00fcgung stellen. Zum Beispiel haben Administratoren und Shop-Manager Zugang zu :<\/p>\n<ul>\n<li>Bestellinformationen, wie z.B. was gekauft wurde, wann und wohin es gesendet werden soll, und<\/li>\n<li>Kundeninformationen wie Ihr Name, Ihre E-Mail-Adresse und Rechnungs- und Lieferinformationen.<\/li>\n<\/ul>\n<p>Unser Team hat Zugang zu diesen Informationen, um Bestellungen zu bearbeiten, R\u00fcckerstattungen vorzunehmen und Ihnen zu helfen.<\/p>\n<h2>Was wir mit anderen teilen<\/h2>\n<p class=\"privacy-policy-tutorial\">In diesem Abschnitt m\u00fcssen Sie auflisten, mit wem Sie Daten teilen und zu welchem Zweck. Dies schlie\u00dft ein, ist aber nicht beschr\u00e4nkt auf, Statistiken, Marketing, Zahlungsgateways, Transportunternehmen und Inhalte Dritter.<\/p>\n<p>Wir teilen Daten mit Dritten, die uns helfen, unsere Bestellungen und Shop-Dienstleistungen zu verwalten; z.B. &#8212;<\/p>\n<h3 style=\"text-align: center\">Zahlungen<\/h3>\n<p>Wir akzeptieren Zahlungen per PayPal und STRIPE. Bei der Verarbeitung von Zahlungen werden bestimmte Daten an PayPal oder STRIPE \u00fcbermittelt, einschlie\u00dflich der Informationen, die f\u00fcr die Ausf\u00fchrung der Zahlung erforderlich sind, wie z.B. der Gesamtbetrag oder die Rechnungsinformationen.<\/p>\n<p>Bitte lesen Sie die<span> <\/span><a href=\"https:\/\/www.paypal.com\/us\/webapps\/mpp\/ua\/privacy-full\" target=\"_blank\" rel=\"noopener\">Datenschutzrichtlinie von PayPal<\/a><span> <\/span>f\u00fcr weitere Einzelheiten.<\/p>\n<\/div>\n<\/div>\n<div id=\"privacy-settings-accordion-block-google-for-woocommerce\" class=\"privacy-settings-accordion-panel privacy-text-box-body\">\n<p class=\"privacy-policy-tutorial\">\n<\/div>\n<p>[\/et_pb_text][\/et_pb_column][\/et_pb_row][\/et_pb_section]<\/p>\n","protected":false},"excerpt":{"rendered":"<p>Datenschutzrichtlinie &nbsp; Wer sind wir? Die Adresse unserer Website ist: https: \/\/ountravela.com.Die Datenschutzbestimmungen von Rent2explore finden Sie hier (bez\u00fcglich des Erwerbs von Genehmigungen und der Vermittlung von Reisef\u00fchrern und Vermietern). Kommentare Wenn Sie einen Kommentar auf unserer Website hinterlassen, werden die Daten, die Sie in das Kommentarformular eingeben, sowie Ihre IP-Adresse und der User Agent Ihres Browsers gesammelt, um uns bei der Erkennung von unerw\u00fcnschten Kommentaren zu helfen. Eine anonymisierte Zeichenfolge, die aus Ihrer E-Mail-Adresse erstellt wird (auch Hash genannt), kann an den Gravatar-Service gesendet werden, um zu \u00fcberpr\u00fcfen, ob Sie diesen Service nutzen. Die Datenschutzbestimmungen f\u00fcr den Gravatar-Service finden Sie hier: https: \/\/automattic.com\/privacy\/. Nachdem Sie Ihren Kommentar freigeschaltet haben, wird Ihr Profilbild neben Ihrem Kommentar \u00f6ffentlich sichtbar sein. Medien Wenn Sie Bilder auf die Website hochladen, empfehlen wir Ihnen, das Hochladen von Bildern zu vermeiden, die EXIF-Daten von GPS-Koordinaten enthalten. Personen, die Ihre Website besuchen, k\u00f6nnen Standortdaten von diesen Bildern herunterladen und extrahieren. Cookies Wenn Sie einen Kommentar auf unserer Website abgeben, wird Ihnen angeboten, Ihren Namen, Ihre E-Mail-Adresse und Ihre Website in Cookies zu speichern. Dies ist nur zu Ihrer Bequemlichkeit, damit Sie diese Informationen nicht eingeben m\u00fcssen, wenn Sie sp\u00e4ter einen weiteren Kommentar abgeben. Diese Cookies laufen [&hellip;]<\/p>\n","protected":false},"author":1,"featured_media":0,"parent":0,"menu_order":0,"comment_status":"closed","ping_status":"closed","template":"","meta":{"_et_pb_use_builder":"on","_et_pb_old_content":"","_et_gb_content_width":"","_glsr_average":0,"_glsr_ranking":0,"_glsr_reviews":0,"footnotes":""},"class_list":["post-284567","page","type-page","status-publish","hentry"],"_links":{"self":[{"href":"https:\/\/ountravela.com\/de\/wp-json\/wp\/v2\/pages\/284567","targetHints":{"allow":["GET"]}}],"collection":[{"href":"https:\/\/ountravela.com\/de\/wp-json\/wp\/v2\/pages"}],"about":[{"href":"https:\/\/ountravela.com\/de\/wp-json\/wp\/v2\/types\/page"}],"author":[{"embeddable":true,"href":"https:\/\/ountravela.com\/de\/wp-json\/wp\/v2\/users\/1"}],"replies":[{"embeddable":true,"href":"https:\/\/ountravela.com\/de\/wp-json\/wp\/v2\/comments?post=284567"}],"version-history":[{"count":0,"href":"https:\/\/ountravela.com\/de\/wp-json\/wp\/v2\/pages\/284567\/revisions"}],"wp:attachment":[{"href":"https:\/\/ountravela.com\/de\/wp-json\/wp\/v2\/media?parent=284567"}],"curies":[{"name":"wp","href":"https:\/\/api.w.org\/{rel}","templated":true}]}}