{"id":284560,"date":"2025-03-01T18:09:07","date_gmt":"2025-03-01T17:09:07","guid":{"rendered":"https:\/\/ountravela.com\/newsletter\/"},"modified":"2025-06-10T17:31:09","modified_gmt":"2025-06-10T15:31:09","slug":"newsletter","status":"publish","type":"page","link":"https:\/\/ountravela.com\/de\/newsletter\/","title":{"rendered":"Newsletter"},"content":{"rendered":"<p>[et_pb_section fb_built=&#8221;1&#8243; custom_padding_last_edited=&#8221;on|phone&#8221; _builder_version=&#8221;4.24.0&#8243; use_background_color_gradient=&#8221;on&#8221; background_color_gradient_stops=&#8221;rgba(255,255,255,0.22) 0%|rgba(255,255,255,0) 100%&#8221; background_color_gradient_overlays_image=&#8221;on&#8221; background_color_gradient_start=&#8221;rgba(255,255,255,0.22)&#8221; background_color_gradient_end=&#8221;rgba(255,255,255,0)&#8221; background_image=&#8221;https:\/\/ountravela.com\/wp-content\/uploads\/fr\/kirghizistan\/overland-4&#215;4-kyrgyzstan-silk-road.jpg&#8221; background_position=&#8221;bottom_left&#8221; height=&#8221;1080px&#8221; height_tablet=&#8221;&#8221; height_phone=&#8221;800px&#8221; height_last_edited=&#8221;on|phone&#8221; custom_padding=&#8221;||0px||false|false&#8221; custom_padding_tablet=&#8221;&#8221; custom_padding_phone=&#8221;||121px||false|false&#8221; background_last_edited=&#8221;on|phone&#8221; use_background_color_gradient_phone=&#8221;on&#8221; background_color_gradient_stops_phone=&#8221;rgba(255,255,255,0.35) 0%|rgba(255,255,255,0.38) 100%&#8221; background_color_gradient_overlays_image_phone=&#8221;on&#8221; background_color_gradient_start_phone=&#8221;rgba(255,255,255,0.35)&#8221; background_color_gradient_end_phone=&#8221;rgba(255,255,255,0.38)&#8221; background_image_phone=&#8221;https:\/\/ountravela.com\/wp-content\/uploads\/dsc01823-1.jpg&#8221; background_enable_image_phone=&#8221;on&#8221; parallax_phone=&#8221;off&#8221; background_position_phone=&#8221;top_center&#8221; global_colors_info=&#8221;{}&#8221;][et_pb_row _builder_version=&#8221;4.18.1&#8243; global_colors_info=&#8221;{}&#8221;][et_pb_column type=&#8221;4_4&#8243; _builder_version=&#8221;4.16&#8243; pac_dcm_carousel_specific_module_num=&#8221;0&#8243; global_colors_info=&#8221;{}&#8221;][et_pb_text _builder_version=&#8221;4.24.0&#8243; _module_preset=&#8221;45d90a7d-78b9-4f54-bfb2-fc9c5a09678e&#8221; global_colors_info=&#8221;{}&#8221;]<\/p>\n<h1 style=\"text-align: center;\">Schlie\u00dfen Sie sich dem Abenteuer an!<\/h1>\n<h2 style=\"text-align: left;\"><\/h2>\n<h2 style=\"text-align: center;\">Abonnieren Sie unseren Newsletter, um unsere Abenteuer live zu verfolgen und \u00fcber die Ver\u00f6ffentlichung der n\u00e4chsten Reisef\u00fchrer informiert zu werden!<\/h2>\n<p>[\/et_pb_text][et_pb_signup provider=&#8221;fluentcrm&#8221; fluentcrm_list=&#8221;Fluent|list_17&#8243; name_field=&#8221;on&#8221; success_message=&#8221;Willkommen in unserer Gemeinschaft!&#8221; button_text=&#8221;Anmelden&#8221; _builder_version=&#8221;4.27.4&#8243; header_font_size=&#8221;40px&#8221; header_letter_spacing=&#8221;2px&#8221; header_line_height=&#8221;1.5em&#8221; result_message_text_align=&#8221;center&#8221; use_background_color=&#8221;off&#8221; text_orientation=&#8221;center&#8221; button_border_color_hover=&#8221;#c99872&#8243; button_letter_spacing_hover=&#8221;3px&#8221; button_bg_color_hover=&#8221;#c99872&#8243; locked=&#8221;off&#8221; global_colors_info=&#8221;{}&#8221; button_text_size__hover_enabled=&#8221;off&#8221; button_one_text_size__hover_enabled=&#8221;off&#8221; button_two_text_size__hover_enabled=&#8221;off&#8221; button_text_color__hover_enabled=&#8221;off&#8221; button_one_text_color__hover_enabled=&#8221;off&#8221; button_two_text_color__hover_enabled=&#8221;off&#8221; button_border_width__hover_enabled=&#8221;off&#8221; button_one_border_width__hover_enabled=&#8221;off&#8221; button_two_border_width__hover_enabled=&#8221;off&#8221; button_border_color__hover_enabled=&#8221;on&#8221; button_border_color__hover=&#8221;#c99872&#8243; button_one_border_color__hover_enabled=&#8221;off&#8221; button_two_border_color__hover_enabled=&#8221;off&#8221; button_border_radius__hover_enabled=&#8221;off&#8221; button_one_border_radius__hover_enabled=&#8221;off&#8221; button_two_border_radius__hover_enabled=&#8221;off&#8221; button_letter_spacing__hover_enabled=&#8221;on&#8221; button_letter_spacing__hover=&#8221;3px&#8221; button_one_letter_spacing__hover_enabled=&#8221;off&#8221; button_two_letter_spacing__hover_enabled=&#8221;off&#8221; button_bg_color__hover_enabled=&#8221;on&#8221; button_bg_color__hover=&#8221;#c99872&#8243; button_one_bg_color__hover_enabled=&#8221;off&#8221; button_two_bg_color__hover_enabled=&#8221;off&#8221; width=&#8221;50%&#8221; module_alignment=&#8221;center&#8221; hover_enabled=&#8221;0&#8243; sticky_enabled=&#8221;0&#8243;][\/et_pb_signup][\/et_pb_column][\/et_pb_row][\/et_pb_section]<\/p>\n","protected":false},"excerpt":{"rendered":"<p>Schlie\u00dfen Sie sich dem Abenteuer an! Abonnieren Sie unseren Newsletter, um unsere Abenteuer live zu verfolgen und \u00fcber die Ver\u00f6ffentlichung der n\u00e4chsten Reisef\u00fchrer informiert zu werden!<\/p>\n","protected":false},"author":1,"featured_media":0,"parent":0,"menu_order":0,"comment_status":"closed","ping_status":"closed","template":"","meta":{"_et_pb_use_builder":"on","_et_pb_old_content":"","_et_gb_content_width":"","_glsr_average":0,"_glsr_ranking":0,"_glsr_reviews":0,"footnotes":""},"class_list":["post-284560","page","type-page","status-publish","hentry"],"_links":{"self":[{"href":"https:\/\/ountravela.com\/de\/wp-json\/wp\/v2\/pages\/284560","targetHints":{"allow":["GET"]}}],"collection":[{"href":"https:\/\/ountravela.com\/de\/wp-json\/wp\/v2\/pages"}],"about":[{"href":"https:\/\/ountravela.com\/de\/wp-json\/wp\/v2\/types\/page"}],"author":[{"embeddable":true,"href":"https:\/\/ountravela.com\/de\/wp-json\/wp\/v2\/users\/1"}],"replies":[{"embeddable":true,"href":"https:\/\/ountravela.com\/de\/wp-json\/wp\/v2\/comments?post=284560"}],"version-history":[{"count":0,"href":"https:\/\/ountravela.com\/de\/wp-json\/wp\/v2\/pages\/284560\/revisions"}],"wp:attachment":[{"href":"https:\/\/ountravela.com\/de\/wp-json\/wp\/v2\/media?parent=284560"}],"curies":[{"name":"wp","href":"https:\/\/api.w.org\/{rel}","templated":true}]}}