{"id":282738,"date":"2025-02-25T17:39:17","date_gmt":"2025-02-25T16:39:17","guid":{"rendered":"https:\/\/ountravela.com\/ethik-charta\/"},"modified":"2025-06-10T17:32:22","modified_gmt":"2025-06-10T15:32:22","slug":"ethik-charta","status":"publish","type":"page","link":"https:\/\/ountravela.com\/de\/ethik-charta\/","title":{"rendered":"Ethik-Charta"},"content":{"rendered":"<p>[et_pb_section fb_built=&#8221;1&#8243; _builder_version=&#8221;4.16&#8243; global_colors_info=&#8221;{}&#8221;][et_pb_row _builder_version=&#8221;4.24.0&#8243; make_fullwidth=&#8221;on&#8221; global_colors_info=&#8221;{}&#8221;][et_pb_column type=&#8221;4_4&#8243; _builder_version=&#8221;4.16&#8243; custom_padding=&#8221;|||&#8221; pac_dcm_carousel_specific_module_num=&#8221;0&#8243; global_colors_info=&#8221;{}&#8221; custom_padding__hover=&#8221;|||&#8221;][et_pb_text _builder_version=&#8221;4.27.4&#8243; hover_enabled=&#8221;0&#8243; locked=&#8221;off&#8221; global_colors_info=&#8221;{}&#8221; sticky_enabled=&#8221;0&#8243;]<\/p>\n<h1>Die Ethik-Charta von OunTravela<\/h1>\n<p style=\"text-align: center;\">Letzte Aktualisierung: Januar 2025<\/p>\n<p>[\/et_pb_text][et_pb_text _builder_version=&#8221;4.27.4&#8243; _module_preset=&#8221;default&#8221; hover_enabled=&#8221;0&#8243; global_colors_info=&#8221;{}&#8221; sticky_enabled=&#8221;0&#8243;]<\/p>\n<p>Diese Charta ist f\u00fcr die Partner (Mietwagenfirmen, \u00f6rtliche Reisef\u00fchrer und alle anderen Dienstleistungen, die auf ountravela.com angeboten werden) und die Leser von OunTravela bestimmt.<\/p>\n<p>Die Partner von OunTravela verpflichten sich, unsere Ethik-Charta einzuhalten. Dies ist in unseren B\u00fcchern und Partnerschaftsvertr\u00e4gen festgeschrieben. Wir ermutigen auch unsere zuk\u00fcnftigen Leser, diese Verhaltensregeln bei ihren n\u00e4chsten Reisen zu befolgen.<\/p>\n<p>Im Falle von b\u00f6swilligem Verhalten, das gegen unsere Charta verst\u00f6\u00dft, wird das OunTravela-Team Ma\u00dfnahmen gegen den Partner ergreifen und die Partnerschaft beenden.  <\/p>\n<p>Das Ziel ist es, lokale Reisef\u00fchrer und Agenturen hervorzuheben, die ihre Verantwortung gegen\u00fcber der Umwelt und der lokalen Bev\u00f6lkerung wahrnehmen.  <\/p>\n<p>[\/et_pb_text][\/et_pb_column][\/et_pb_row][et_pb_row _builder_version=&#8221;4.16&#8243; global_colors_info=&#8221;{}&#8221;][et_pb_column type=&#8221;4_4&#8243; _builder_version=&#8221;4.16&#8243; pac_dcm_carousel_specific_module_num=&#8221;0&#8243; global_colors_info=&#8221;{}&#8221;][et_pb_text _builder_version=&#8221;4.27.4&#8243; hover_enabled=&#8221;0&#8243; global_colors_info=&#8221;{}&#8221; sticky_enabled=&#8221;0&#8243;]<\/p>\n<p>Die behandelten Themen sind (im Aufbau) :<\/p>\n<ul>\n<li>Plastikverschmutzung<\/li>\n<li>Wassernutzung<\/li>\n<li>Schutz von Fauna und Flora<\/li>\n<li>Die Verbrauchsmuster<\/li>\n<li>H\u00f6flichkeit und Respekt f\u00fcr die Br\u00e4uche<\/li>\n<li>Tiermisshandlung<\/li>\n<li>Geschenke \/ Trinkgelder<\/li>\n<li>Motorisierte Reise<\/li>\n<\/ul>\n<h2><\/h2>\n<h2>Plastikverschmutzung<\/h2>\n<p>In Zentralasien gibt es nur wenige Abfallbehandlungsanlagen und oft wird alles an Ort und Stelle verbrannt. Um die Gei\u00dfel der Plastikverschmutzung einzud\u00e4mmen, empfehlen wir folgendes :<\/p>\n<ul>\n<li>Beschr\u00e4nken Sie die Verwendung von Plastikt\u00fcten.<\/li>\n<\/ul>\n<ul>\n<li>Minimieren Sie Ihren Verbrauch an verpackten Produkten. Kaufen Sie frische Produkte auf den M\u00e4rkten oder direkt auf den Bauernh\u00f6fen.<\/li>\n<li>Bringen Sie Ihren verbrennbaren Abfall in die n\u00e4chste Stadt.  <\/li>\n<li>Wenn sich M\u00fcll auf Ihrem Weg befindet, nehmen Sie sich ein paar Minuten Zeit, um ihn aufzusammeln, insbesondere wenn Sie motorisiert sind, gibt es keine Ausreden.<\/li>\n<li>Nehmen Sie gef\u00e4hrliche Abf\u00e4lle wie Batterien in Ihr Land zur\u00fcck.<\/li>\n<\/ul>\n<p>&nbsp;<\/p>\n<h2>Wassernutzung<\/h2>\n<p>Stoppen oder reduzieren Sie den Konsum von abgef\u00fclltem Wasser. Mineralwasserflaschen werden manchmal mit LKWs \u00fcber gef\u00e4hrliche Stra\u00dfen transportiert.<\/p>\n<ul>\n<li>Es gibt andere L\u00f6sungen wie Filter oder Desinfektionstabletten&#8230; Die einfachste L\u00f6sung ist jedoch, das Wasser abzukochen.<\/li>\n<li>Verwenden Sie das Wasser in Ihrer Hoteldusche sparsam. Denken Sie daran, dass ein gro\u00dfer Teil der Einwohner kein flie\u00dfendes Wasser hat; oft holen sie das Wasser aus dem Fluss und dieses Wasser ist kostbar und selten. Die Gletscher schmelzen zusehends und das Grundwasser ist knapp und angeschnitten.  <\/li>\n<li>Verwenden Sie, wenn m\u00f6glich, Trockentoiletten. Zum Beispiel gibt es in Ladakh keine Abwassersammlung und die Dorfbewohner nutzen das Wasser der Fl\u00fcsse zum Trinken und Kochen.  <\/li>\n<li>Im Biwak sollten Sie Ihre Notdurft nicht in der N\u00e4he von Fl\u00fcssen verrichten.  <\/li>\n<li>Verwenden Sie biologisch abbaubare Produkte, um Ihr Geschirr oder Ihre Kleidung zu reinigen, wenn Sie campen.<\/li>\n<\/ul>\n<p>&nbsp;<\/p>\n<h2>Schutz von Fauna und Flora<\/h2>\n<p>Der Lebensraum der Tiere verschiebt sich mit dem Fortschreiten des Tourismus.  <\/p>\n<ul>\n<li>N\u00e4hern Sie sich nicht wilden Tieren und f\u00fcttern Sie sie nicht.<\/li>\n<li>Fahren Sie nicht au\u00dferhalb der markierten Wege. Sie k\u00f6nnen Weiden oder empfindliche \u00d6kosysteme besch\u00e4digen.<\/li>\n<li>Verstecken Sie Ihren M\u00fcll nicht in B\u00fcschen oder Murmeltierh\u00f6hlen.<\/li>\n<li>Beachten Sie die in den Naturreservaten oder Naturparks geltenden Vorschriften (Verbot von Camping, Feuermachen, Angeln usw.).  <\/li>\n<li>Verlangen Sie bei der Zahlung von Eintrittsgeb\u00fchren (Park, Sperrgebiet) eine Quittung (dies verhindert die Veruntreuung dieser Gelder).<\/li>\n<\/ul>\n<p>&nbsp;<\/p>\n<h2>Die Verbrauchsmuster<\/h2>\n<p>Im Allgemeinen sollten Sie Familienunterk\u00fcnfte (G\u00e4stehaus, Zimmer bei Einheimischen&#8230;) gegen\u00fcber Hotels bevorzugen und lokal konsumieren.  <\/p>\n<p>Bezahlen Sie auch f\u00fcr Dienstleistungen, die von den lokalen Gemeinschaften erbracht werden (F\u00fchrer, K\u00f6che, Maultiertreiber, Tr\u00e4ger, Reinigungspersonal&#8230;). Dies ist der beste Weg, um sie direkt vom Geld des Tourismus profitieren zu lassen.<\/p>\n<p>Kaufen Sie lokal hergestellte Souvenirs. Erkundigen Sie sich \u00fcber die Praxis und die Grenzen des Feilschens um Preise. Dasselbe gilt f\u00fcr Trinkgelder.<\/p>\n<p>Das Feilschen ist in einigen L\u00e4ndern ein kultureller Bestandteil der Handelstradition. Eine Ablehnung wird oft falsch interpretiert und kann zu h\u00f6heren Lebenshaltungskosten f\u00fchren. Andererseits sollte man nicht vergessen, dass Betr\u00e4ge, die f\u00fcr den Besucher gering sind, f\u00fcr den Empf\u00e4nger von gro\u00dfer Bedeutung sein k\u00f6nnen.<\/p>\n<p>&nbsp;<\/p>\n<h2>H\u00f6flichkeit und Respekt f\u00fcr die Br\u00e4uche<\/h2>\n<p>Es ist wichtig, sich \u00fcber die Einwohner und ihre Lebensweise, das Kulturerbe, die Religion, die Umwelt und die Wirtschaft zu informieren. Wir empfehlen Ihnen, ein paar Worte in der Sprache des Reiseziels zu lernen, da dies den Austausch interessanter macht und Ihre Bem\u00fchungen sehr gesch\u00e4tzt werden.  <\/p>\n<p>Machen Sie keine Fotos von Einwohnern, ohne sie vorher um ihre Zustimmung zu bitten.  <\/p>\n<p>&nbsp;<\/p>\n<h2>Tiermisshandlung<\/h2>\n<p>Trekking zu Pferd ist eine der beliebtesten Aktivit\u00e4ten in Zentralasien. Es wurden zahlreiche F\u00e4lle von Tiermisshandlung festgestellt, insbesondere in Kirgisistan. Wir m\u00f6chten diesen Missbrauch der \u00fcberm\u00e4\u00dfigen Ausbeutung von Tieren beenden. Bitte \u00fcberpr\u00fcfen Sie Ihr Pferd vor dem Trekking auf Hufe und Verletzungen.<\/p>\n<p>\u00dcberpr\u00fcfen Sie generell den Fitnesszustand des Pferdes, bevor Sie losreiten. Wenn Sie Zweifel haben, z\u00f6gern Sie nicht, den Reiseleiter anzusprechen und nach einem anderen Pferd zu fragen.<\/p>\n<p>&nbsp;<\/p>\n<h2>Geschenke und Trinkgelder<\/h2>\n<p>Spenden und Geschenke sind keine harmlosen Gesten. Sie k\u00f6nnen manchmal einen herablassenden oder unangemessenen Unterton annehmen.<\/p>\n<ul>\n<li>Geschenke, Schenkungen und Trinkgelder, die angesichts des allgemeinen Lebensstandards des besuchten Landes zu hoch sind, destabilisieren das lokale wirtschaftliche Gleichgewicht.  <\/li>\n<li>Kinder, die Geld f\u00fcr Fotos erhalten oder weil sie betteln, gehen nicht mehr zur Schule, verdienen mehr Geld als ihr Vater: Dies kann zu erheblichen Verzerrungen in den Familienstrukturen f\u00fchren (Missachtung des Vaters und der \u00c4lteren).<\/li>\n<li>Einige Spenden k\u00f6nnen gef\u00e4hrlich sein, wenn sie wahllos verteilt werden, insbesondere Medikamente. Krankenh\u00e4user und Ambulanzen, sofern vorhanden, sind oftmals besser in der Lage, diese zu verwalten. Ebenso haben Bonbons und S\u00fc\u00dfigkeiten Folgen, die noch lange nach unserem Verzehr auftreten (Zahnkaries).<\/li>\n<\/ul>\n<p>&nbsp;<\/p>\n<h2>Motorisierte Reise<\/h2>\n<p>Wenn Sie motorisiert sind, kann leider nichts die CO2-Emissionen Ihres Fahrzeugs kompensieren. Wir geben Ihnen einige Ideen, wie Sie die Nutzung Ihres Fahrzeugs optimieren k\u00f6nnen:<\/p>\n<ul>\n<li>  Reisen Sie mit mehreren Personen und optimieren Sie Ihre Sitzpl\u00e4tze! Es ist ganz einfach, aber Ihre Auswirkung wird durch die Anzahl der Personen in Ihrem Fahrzeug geteilt.<\/li>\n<li>Sammeln Sie Ihren M\u00fcll und den M\u00fcll, der Ihnen auf Ihrem Weg begegnet. Es ist gut, dass Sie zu mehreren sind, so dass das Einsammeln von M\u00fcll an einem Biwakplatz nur 5 Minuten dauert!<\/li>\n<\/ul>\n<p>&nbsp;<\/p>\n<p>[\/et_pb_text][\/et_pb_column][\/et_pb_row][\/et_pb_section][et_pb_section fb_built=&#8221;1&#8243; disabled_on=&#8221;off|off|off&#8221; module_class=&#8221;pac-dtocm-exclude&#8221; _builder_version=&#8221;4.24.3&#8243; background_color=&#8221;#242424&#8243; custom_padding=&#8221;||||false|false&#8221; global_module=&#8221;5182&#8243; saved_tabs=&#8221;all&#8221; global_colors_info=&#8221;{}&#8221;][et_pb_row column_structure=&#8221;1_4,3_4&#8243; _builder_version=&#8221;4.24.2&#8243; _module_preset=&#8221;default&#8221; custom_padding=&#8221;0px||10px||false|false&#8221; custom_padding_phone=&#8221;0px||||false|false&#8221; global_colors_info=&#8221;{}&#8221;][et_pb_column type=&#8221;1_4&#8243; _builder_version=&#8221;4.24.2&#8243; _module_preset=&#8221;default&#8221; pac_dcm_carousel_specific_module_num=&#8221;0&#8243; global_colors_info=&#8221;{}&#8221;][et_pb_image src=&#8221;https:\/\/ountravela.com\/wp-content\/uploads\/logo\/exploring-blanc_plan-de-travail-1-copie-11.png&#8221; title_text=&#8221;exploring-wei\u00df&#8221; align=&#8221;center&#8221; _builder_version=&#8221;4.24.2&#8243; _module_preset=&#8221;default&#8221; max_width=&#8221;175px&#8221; module_alignment=&#8221;center&#8221; custom_margin=&#8221;||||false|false&#8221; custom_padding=&#8221;||||false|false&#8221; global_colors_info=&#8221;{}&#8221;][\/et_pb_image][\/et_pb_column][et_pb_column type=&#8221;3_4&#8243; _builder_version=&#8221;4.24.2&#8243; _module_preset=&#8221;default&#8221; pac_dcm_carousel_specific_module_num=&#8221;0&#8243; global_colors_info=&#8221;{}&#8221;][et_pb_code _builder_version=&#8221;4.25.1&#8243; _module_preset=&#8221;default&#8221; text_orientation=&#8221;left&#8221; min_height=&#8221;179px&#8221; custom_margin=&#8221;|||-30px|false|false&#8221; custom_margin_tablet=&#8221;&#8221; custom_margin_phone=&#8221;|||0px|false|false&#8221; custom_margin_last_edited=&#8221;on|phone&#8221; custom_padding=&#8221;||||false|false&#8221; global_colors_info=&#8221;{}&#8221;]<div class=\"cr-trustbadgef\"><div class=\"cr-badge badge_size_small badge_color_dark\" style=\"background-color:#242424;\">\n\n\t<div class=\"badge__store\">OunTravela<\/div>\n\n\t<div class=\"badge__nowrap\">\n\t\t<div class=\"badge__stars\">\n\t\t\t\t\t\t\t<div class=\"badge__star\">\n\t\t\t\t\t<div class=\"badge__star-icon badge__star-icon_type_empty\"><\/div>\n\t\t\t\t\t<div class=\"badge__star-icon badge__star-icon_type_fill\" style=\"width: 100%\"><\/div>\n\t\t\t\t<\/div>\n\t\t\t\t\t\t\t<div class=\"badge__star\">\n\t\t\t\t\t<div class=\"badge__star-icon badge__star-icon_type_empty\"><\/div>\n\t\t\t\t\t<div class=\"badge__star-icon badge__star-icon_type_fill\" style=\"width: 100%\"><\/div>\n\t\t\t\t<\/div>\n\t\t\t\t\t\t\t<div class=\"badge__star\">\n\t\t\t\t\t<div class=\"badge__star-icon badge__star-icon_type_empty\"><\/div>\n\t\t\t\t\t<div class=\"badge__star-icon badge__star-icon_type_fill\" style=\"width: 100%\"><\/div>\n\t\t\t\t<\/div>\n\t\t\t\t\t\t\t<div class=\"badge__star\">\n\t\t\t\t\t<div class=\"badge__star-icon badge__star-icon_type_empty\"><\/div>\n\t\t\t\t\t<div class=\"badge__star-icon badge__star-icon_type_fill\" style=\"width: 100%\"><\/div>\n\t\t\t\t<\/div>\n\t\t\t\t\t\t\t<div class=\"badge__star\">\n\t\t\t\t\t<div class=\"badge__star-icon badge__star-icon_type_empty\"><\/div>\n\t\t\t\t\t<div class=\"badge__star-icon badge__star-icon_type_fill\" style=\"width: 77%\"><\/div>\n\t\t\t\t<\/div>\n\t\t\t\t\t<\/div>\n\n\t\t<div class=\"badge__verified verified\">\n\t\t\t<div class=\"verified__logo\"><\/div>\n\t\t\t<div class=\"verified__text\">Unabh\u00e4ngig gepr\u00fcft<\/div>\n\t\t<\/div>\n\t<\/div>\n\n\t<div class=\"badge__rating rating\">\n\t\t\t\t\t<span class=\"rating__store\">4.77 Bewertung<\/span> <span class=\"rating__reviews\">(603 Bewertungen)<\/span>\n\t\t\t<\/div>\n\n\t\t\t<a href=\"https:\/\/www.cusrev.com\/de\/reviews\/ountravela.com\" rel=\"nofollow noopener noreferrer\" target=\"_blank\" aria-label=\"OunTravela\">\n\t\t\t<span class=\"badge__link\"><\/span>\n\t\t<\/a>\n\t\n<\/div>\n<\/div>[\/et_pb_code][et_pb_social_media_follow icon_color=&#8221;#FFFFFF&#8221; use_icon_font_size=&#8221;on&#8221; icon_font_size=&#8221;20px&#8221; _builder_version=&#8221;4.24.2&#8243; text_orientation=&#8221;left&#8221; custom_margin=&#8221;-40px||||false|false&#8221; text_orientation_tablet=&#8221;&#8221; text_orientation_phone=&#8221;center&#8221; text_orientation_last_edited=&#8221;on|phone&#8221; global_colors_info=&#8221;{}&#8221; icon_color__hover_enabled=&#8221;on|hover&#8221; icon_color__hover=&#8221;#BE9251&#8243;][et_pb_social_media_follow_network social_network=&#8221;facebook&#8221; url=&#8221;https:\/\/www.facebook.com\/OunTravela\/&#8221; _builder_version=&#8221;4.16&#8243; global_colors_info=&#8221;{}&#8221; follow_button=&#8221;off&#8221; url_new_window=&#8221;on&#8221;]facebook[\/et_pb_social_media_follow_network][et_pb_social_media_follow_network social_network=&#8221;instagram&#8221; url=&#8221;https:\/\/www.instagram.com\/ountravela\/&#8221; _builder_version=&#8221;4.16&#8243; global_colors_info=&#8221;{}&#8221; follow_button=&#8221;off&#8221; url_new_window=&#8221;on&#8221;]instagram[\/et_pb_social_media_follow_network][et_pb_social_media_follow_network social_network=&#8221;youtube&#8221; url=&#8221;https:\/\/www.youtube.com\/channel\/UCBSYyueUEk2d7DP8HlQio8A&#8221; _builder_version=&#8221;4.16&#8243; global_colors_info=&#8221;{}&#8221; follow_button=&#8221;off&#8221; url_new_window=&#8221;on&#8221;]youtube[\/et_pb_social_media_follow_network][et_pb_social_media_follow_network social_network=&#8221;vimeo&#8221; url=&#8221;https:\/\/vimeo.com\/ountravela&#8221; _builder_version=&#8221;4.16&#8243; global_colors_info=&#8221;{}&#8221; follow_button=&#8221;off&#8221; url_new_window=&#8221;on&#8221;]vimeo[\/et_pb_social_media_follow_network][\/et_pb_social_media_follow][\/et_pb_column][\/et_pb_row][et_pb_row _builder_version=&#8221;4.24.2&#8243; _module_preset=&#8221;default&#8221; custom_padding=&#8221;0px||||false|false&#8221; global_colors_info=&#8221;{}&#8221;][et_pb_column type=&#8221;4_4&#8243; _builder_version=&#8221;4.24.2&#8243; _module_preset=&#8221;default&#8221; pac_dcm_carousel_specific_module_num=&#8221;0&#8243; global_colors_info=&#8221;{}&#8221;][et_pb_divider color=&#8221;#FFFFFF&#8221; _builder_version=&#8221;4.24.2&#8243; _module_preset=&#8221;default&#8221; global_colors_info=&#8221;{}&#8221;][\/et_pb_divider][\/et_pb_column][\/et_pb_row][et_pb_row column_structure=&#8221;1_4,1_4,1_4,1_4&#8243; _builder_version=&#8221;4.24.2&#8243; custom_padding=&#8221;0px||||false|false&#8221; global_colors_info=&#8221;{}&#8221;][et_pb_column type=&#8221;1_4&#8243; _builder_version=&#8221;4.16&#8243; custom_padding=&#8221;|||&#8221; pac_dcm_carousel_specific_module_num=&#8221;0&#8243; global_colors_info=&#8221;{}&#8221; custom_padding__hover=&#8221;|||&#8221;][et_pb_text _builder_version=&#8221;4.24.2&#8243; text_font=&#8221;Poppins|600|||||||&#8221; text_text_color=&#8221;#ffffff&#8221; text_font_size=&#8221;22px&#8221; width=&#8221;90%&#8221; module_alignment=&#8221;center&#8221; global_colors_info=&#8221;{}&#8221;]<\/p>\n<p>Unsere B\u00fccher<\/p>\n<p>[\/et_pb_text][et_pb_text _builder_version=&#8221;4.24.3&#8243; width=&#8221;90%&#8221; module_alignment=&#8221;center&#8221; global_colors_info=&#8221;{}&#8221;]<\/p>\n<p><a class=\"Test12\" href=\"https:\/\/ountravela.com\/de\/shop\/reisefuhrer-tourenbuch\/explore-ladakh-buch\/\">Explore Ladakh<\/a><br \/><a class=\"Test12\" href=\"https:\/\/ountravela.com\/de\/shop\/reisefuhrer-tourenbuch\/buch-explore-kirgisistan-zentralasien-4x4-van-motorrad-fahrrad\/\">Explore Kirgisistan<\/a><br \/><a class=\"Test12\" href=\"https:\/\/ountravela.com\/de\/shop\/reisefuhrer-tourenbuch\/buch-explore-georgien-4x4-van-motorrad-fahrrad\/\">Erkunden Sie Georgien<\/a><\/p>\n<p>[\/et_pb_text][\/et_pb_column][et_pb_column type=&#8221;1_4&#8243; _builder_version=&#8221;4.16&#8243; custom_padding=&#8221;|||&#8221; pac_dcm_carousel_specific_module_num=&#8221;0&#8243; global_colors_info=&#8221;{}&#8221; custom_padding__hover=&#8221;|||&#8221;][et_pb_text _builder_version=&#8221;4.24.2&#8243; text_font=&#8221;Poppins|600|||||||&#8221; text_text_color=&#8221;#ffffff&#8221; text_font_size=&#8221;22px&#8221; width=&#8221;90%&#8221; module_alignment=&#8221;center&#8221; global_colors_info=&#8221;{}&#8221;]<\/p>\n<p>\u00dcber uns<\/p>\n<p>[\/et_pb_text][et_pb_text _builder_version=&#8221;4.24.2&#8243; width=&#8221;90%&#8221; module_alignment=&#8221;center&#8221; global_colors_info=&#8221;{}&#8221;]<\/p>\n<p><a class=\"Test12\" href=\"https:\/\/ountravela.com\/de\/uber-uns\/\">Wer sind wir?<\/a><br \/><a class=\"Test12\" href=\"https:\/\/ountravela.com\/de\/reisephilosophie\/\">Unsere Werte<\/a><br \/><a class=\"Test12\" href=\"https:\/\/ountravela.com\/de\/partner\/\">Arbeiten Sie mit uns<\/a><br \/><a class=\"Test12\" href=\"https:\/\/ountravela.com\/de\/affiliate-programm\/\">Affiliate werden<\/a><br \/><a class=\"Test12\" href=\"https:\/\/ountravela.com\/de\/kontakt\/\">Kontakt<\/a><\/p>\n<p>[\/et_pb_text][\/et_pb_column][et_pb_column type=&#8221;1_4&#8243; _builder_version=&#8221;4.24.2&#8243; _module_preset=&#8221;default&#8221; pac_dcm_carousel_specific_module_num=&#8221;0&#8243; global_colors_info=&#8221;{}&#8221;][et_pb_text _builder_version=&#8221;4.24.2&#8243; text_font=&#8221;Poppins|600|||||||&#8221; text_text_color=&#8221;#ffffff&#8221; text_font_size=&#8221;22px&#8221; width=&#8221;90%&#8221; module_alignment=&#8221;center&#8221; global_colors_info=&#8221;{}&#8221;]<\/p>\n<p>Zu entdecken<\/p>\n<p>[\/et_pb_text][et_pb_text _builder_version=&#8221;4.24.2&#8243; width=&#8221;90%&#8221; module_alignment=&#8221;center&#8221; global_colors_info=&#8221;{}&#8221;]<\/p>\n<p><a class=\"Test12\" href=\"https:\/\/ountravela.com\/de\/off-road-reisen\/\">Blog<\/a><br \/><a class=\"Test12\" href=\"https:\/\/ountravela.com\/de\/roadtrip-reise-tipps\/\">Praktische Merkbl\u00e4tter<\/a><br \/><a class=\"Test12\" href=\"https:\/\/ountravela.com\/de\/vermietung-aktivitaeten\/\">Vermietung von Fahrzeugen<\/a><br \/><a class=\"Test12\" href=\"https:\/\/ountravela.com\/de\/vermietung-aktivitaeten\/\">Finden Sie einen lokalen Reisef\u00fchrer<\/a><\/p>\n<p>[\/et_pb_text][\/et_pb_column][et_pb_column type=&#8221;1_4&#8243; _builder_version=&#8221;4.24.2&#8243; _module_preset=&#8221;default&#8221; pac_dcm_carousel_specific_module_num=&#8221;0&#8243; global_colors_info=&#8221;{}&#8221;][et_pb_signup provider=&#8221;fluentcrm&#8221; fluentcrm_list=&#8221;Fluent|list_17&#8243; last_name_field=&#8221;off&#8221; title=&#8221;Newsletter&#8221; button_text=&#8221;Best\u00e4tigen Sie&#8221; module_class=&#8221;pac-dtocm-exclude&#8221; _builder_version=&#8221;4.24.2&#8243; _module_preset=&#8221;default&#8221; header_level=&#8221;h4&#8243; header_font=&#8221;|600|||||||&#8221; header_font_size=&#8221;23px&#8221; background_color=&#8221;RGBA(255,255,255,0)&#8221; custom_padding=&#8221;0px|||||&#8221; border_radii=&#8221;on|7px|7px|7px|7px&#8221; global_colors_info=&#8221;{}&#8221; title__hover_enabled=&#8221;off|desktop&#8221;][\/et_pb_signup][\/et_pb_column][\/et_pb_row][\/et_pb_section]<\/p>\n","protected":false},"excerpt":{"rendered":"<p>Die Ethik-Charta von OunTravela Letzte Aktualisierung: Januar 2025Diese Charta ist f\u00fcr die Partner (Mietwagenfirmen, \u00f6rtliche Reisef\u00fchrer und alle anderen Dienstleistungen, die auf ountravela.com angeboten werden) und die Leser von OunTravela bestimmt. Die Partner von OunTravela verpflichten sich, unsere Ethik-Charta einzuhalten. Dies ist in unseren B\u00fcchern und Partnerschaftsvertr\u00e4gen festgeschrieben. Wir ermutigen auch unsere zuk\u00fcnftigen Leser, diese Verhaltensregeln bei ihren n\u00e4chsten Reisen zu befolgen. Im Falle von b\u00f6swilligem Verhalten, das gegen unsere Charta verst\u00f6\u00dft, wird das OunTravela-Team Ma\u00dfnahmen gegen den Partner ergreifen und die Partnerschaft beenden. Das Ziel ist es, lokale Reisef\u00fchrer und Agenturen hervorzuheben, die ihre Verantwortung gegen\u00fcber der Umwelt und der lokalen Bev\u00f6lkerung wahrnehmen. Die behandelten Themen sind (im Aufbau) : Plastikverschmutzung Wassernutzung Schutz von Fauna und Flora Die Verbrauchsmuster H\u00f6flichkeit und Respekt f\u00fcr die Br\u00e4uche Tiermisshandlung Geschenke \/ Trinkgelder Motorisierte Reise Plastikverschmutzung In Zentralasien gibt es nur wenige Abfallbehandlungsanlagen und oft wird alles an Ort und Stelle verbrannt. Um die Gei\u00dfel der Plastikverschmutzung einzud\u00e4mmen, empfehlen wir folgendes : Beschr\u00e4nken Sie die Verwendung von Plastikt\u00fcten. Minimieren Sie Ihren Verbrauch an verpackten Produkten. Kaufen Sie frische Produkte auf den M\u00e4rkten oder direkt auf den Bauernh\u00f6fen. Bringen Sie Ihren verbrennbaren Abfall in die n\u00e4chste Stadt. Wenn sich M\u00fcll auf Ihrem Weg befindet, [&hellip;]<\/p>\n","protected":false},"author":1,"featured_media":0,"parent":0,"menu_order":0,"comment_status":"closed","ping_status":"closed","template":"","meta":{"_et_pb_use_builder":"on","_et_pb_old_content":"","_et_gb_content_width":"","_glsr_average":0,"_glsr_ranking":0,"_glsr_reviews":0,"footnotes":""},"class_list":["post-282738","page","type-page","status-publish","hentry"],"_links":{"self":[{"href":"https:\/\/ountravela.com\/de\/wp-json\/wp\/v2\/pages\/282738","targetHints":{"allow":["GET"]}}],"collection":[{"href":"https:\/\/ountravela.com\/de\/wp-json\/wp\/v2\/pages"}],"about":[{"href":"https:\/\/ountravela.com\/de\/wp-json\/wp\/v2\/types\/page"}],"author":[{"embeddable":true,"href":"https:\/\/ountravela.com\/de\/wp-json\/wp\/v2\/users\/1"}],"replies":[{"embeddable":true,"href":"https:\/\/ountravela.com\/de\/wp-json\/wp\/v2\/comments?post=282738"}],"version-history":[{"count":0,"href":"https:\/\/ountravela.com\/de\/wp-json\/wp\/v2\/pages\/282738\/revisions"}],"wp:attachment":[{"href":"https:\/\/ountravela.com\/de\/wp-json\/wp\/v2\/media?parent=282738"}],"curies":[{"name":"wp","href":"https:\/\/api.w.org\/{rel}","templated":true}]}}