{"id":282621,"date":"2025-02-25T16:27:18","date_gmt":"2025-02-25T15:27:18","guid":{"rendered":"https:\/\/ountravela.com\/warenkorb\/"},"modified":"2026-02-04T05:01:29","modified_gmt":"2026-02-04T04:01:29","slug":"warenkorb","status":"publish","type":"page","link":"https:\/\/ountravela.com\/de\/warenkorb\/","title":{"rendered":"Warenkorb"},"content":{"rendered":"<p>[et_pb_section fb_built=&#8221;1&#8243; _builder_version=&#8221;4.16&#8243; global_colors_info=&#8221;{}&#8221;][et_pb_row _builder_version=&#8221;4.16&#8243; background_size=&#8221;initial&#8221; background_position=&#8221;top_left&#8221; background_repeat=&#8221;repeat&#8221; global_colors_info=&#8221;{}&#8221;][et_pb_column type=&#8221;4_4&#8243; _builder_version=&#8221;4.16&#8243; custom_padding=&#8221;|||&#8221; global_colors_info=&#8221;{}&#8221; custom_padding__hover=&#8221;|||&#8221;][et_pb_post_title meta=&#8221;off&#8221; featured_image=&#8221;off&#8221; _builder_version=&#8221;4.16&#8243; title_font=&#8221;|700|||||||&#8221; title_text_color=&#8221;#3F2204&#8243; global_colors_info=&#8221;{}&#8221;][\/et_pb_post_title][et_pb_text _builder_version=&#8221;4.27.5&#8243; _module_preset=&#8221;default&#8221; global_colors_info=&#8221;{}&#8221;]<\/p>\n<p><span><\/span><\/p>\n<p>[\/et_pb_text][\/et_pb_column][\/et_pb_row][et_pb_row column_structure=&#8221;1_2,1_2&#8243; _builder_version=&#8221;4.16&#8243; background_size=&#8221;initial&#8221; background_position=&#8221;top_left&#8221; background_repeat=&#8221;repeat&#8221; global_colors_info=&#8221;{}&#8221;][et_pb_column type=&#8221;1_2&#8243; _builder_version=&#8221;4.16&#8243; custom_padding=&#8221;|||&#8221; global_colors_info=&#8221;{}&#8221; custom_padding__hover=&#8221;|||&#8221;][et_pb_text disabled_on=&#8221;off|off|off&#8221; _builder_version=&#8221;4.27.5&#8243; _module_preset=&#8221;default&#8221; custom_margin=&#8221;0px||||false|false&#8221; custom_padding=&#8221;10px|10px|10px|10px|false|false&#8221; border_width_all=&#8221;2px&#8221; border_color_all=&#8221;#be9251&#8243; border_style_all=&#8221;dashed&#8221; locked=&#8221;off&#8221; global_colors_info=&#8221;{}&#8221;]<\/p>\n<p><strong>Bundle-Kauf<\/strong>: Beim Kauf eines Buches mit einem ebook oder GPS-Tracks erhalten Sie exklusive Angebote! Diese Angebote sind <a href=\"https:\/\/ountravela.com\/de\/produkt-kategorie\/reisefuhrer-tourenbuch\/\">hier verf\u00fcgbar.<\/a><\/p>\n<p>\u27a1\ufe0f Wenn Sie <strong>das ebook oder die GPS-Spuren <span style=\"text-decoration: underline;\">allein<\/span><\/strong> kaufen m\u00f6chten, gehen Sie bitte hier entlang:<\/p>\n<ul>\n<li><a href=\"https:\/\/ountravela.com\/de\/shop\/reisefuhrer-tourenbuch\/explore-kirgisistan-ebook\/\" title=\"Ebook Kirgisistan\">Ebook Kirgisistan<\/a><\/li>\n<li><a href=\"https:\/\/ountravela.com\/de\/shop\/reisefuhrer-tourenbuch\/explore-georgien-ebook\/\" title=\"Ebook Georgien\">Ebook Georgien<\/a><\/li>\n<li><a href=\"https:\/\/ountravela.com\/de\/shop\/gpx-routen\/kirgisistan-gps-tracks\/\" title=\"GPS Tracks Kirgisistan\">GPS Tracks Kirgisistan<\/a><\/li>\n<li><a href=\"https:\/\/ountravela.com\/de\/shop\/gpx-routen\/georgien-kaukasus-gps-tracks\/\" title=\"GPS Tracks Georgien\">GPS Tracks Georgien<\/a><\/li>\n<\/ul>\n<p>Gute Reise!<br \/><em>Olivia &amp; Victor &#8211; Autoren der OunTravela-F\u00fchrer<\/em><\/p>\n<p>[\/et_pb_text][\/et_pb_column][et_pb_column type=&#8221;1_2&#8243; _builder_version=&#8221;4.16&#8243; custom_padding=&#8221;|||&#8221; global_colors_info=&#8221;{}&#8221; custom_padding__hover=&#8221;|||&#8221;][\/et_pb_column][\/et_pb_row][et_pb_row _builder_version=&#8221;4.27.4&#8243; custom_padding=&#8221;0px||||false|false&#8221; locked=&#8221;off&#8221; global_colors_info=&#8221;{}&#8221;][et_pb_column type=&#8221;4_4&#8243; _builder_version=&#8221;4.16&#8243; global_colors_info=&#8221;{}&#8221;][et_pb_text _builder_version=&#8221;4.27.5&#8243; text_orientation=&#8221;center&#8221; animation_style=&#8221;fade&#8221; global_colors_info=&#8221;{}&#8221;]<\/p>\n<h2>Entdecken Sie alle unsere Produkte<\/h2>\n<p>[\/et_pb_text][dsm_post_carousel post_type=&#8221;product&#8221; thumbnail_img_type=&#8221;contain&#8221; pagi_color=&#8221;#3F2204&#8243; _builder_version=&#8221;4.27.4&#8243; _module_preset=&#8221;default&#8221; custom_readmore=&#8221;on&#8221; readmore_text_size=&#8221;15px&#8221; global_colors_info=&#8221;{}&#8221;][\/dsm_post_carousel][\/et_pb_column][\/et_pb_row][\/et_pb_section]<\/p>\n","protected":false},"excerpt":{"rendered":"<p>Bundle-Kauf: Beim Kauf eines Buches mit einem ebook oder GPS-Tracks erhalten Sie exklusive Angebote! Diese Angebote sind hier verf\u00fcgbar. \u27a1\ufe0f Wenn Sie das ebook oder die GPS-Spuren allein kaufen m\u00f6chten, gehen Sie bitte hier entlang: Ebook Kirgisistan Ebook Georgien GPS Tracks Kirgisistan GPS Tracks Georgien Gute Reise!Olivia &amp; Victor &#8211; Autoren der OunTravela-F\u00fchrerEntdecken Sie alle unsere Produkte<div class=\"et_pb_module dsm_post_carousel dsm_post_carousel_0\">\n\t\t\t\t\n\t\t\t\t\n\t\t\t\t\n\t\t\t\t\n\t\t\t\t\n\t\t\t\t\n\t\t\t\t<div class=\"et_pb_module_inner\">\n\t\t\t\t\t\n\t\t\t<div class=\"dsm-post-carousel\" data-orientation='horizontal' data-loop='1' data-speed='500' data-columnsdesktop='3' data-columnsphone='1' data-columnstablet='2' data-autoplay='on' data-autoplayspeed='5000' data-ordernumber='0' data-spacing='30' data-spacingtablet='30' data-spacingphone='30' data-effect='default' data-effect-shadows='off' data-effect-coverflow-rotate='30' data-effect-coverflow-depth='100' data-centered='off' data-multi-row='off' data-row='1' data-rowstablet='1' data-rowsphone='1' data-pagi-button-style='bullets' data-pause-on-hover='off' data-touch-move='off' data-grab='on' data-mousewheel='off' data-autoplay-viewport='50%'>\n\t\t\t\t<div class=\"swiper-container\">\n\t\t\t\t\t<div class=\"dsm-post-carousel-wrapper swiper-wrapper\">\n\t\t\t\t\t\t\n\t\t\t\t<article class=\"dsm-post-carousel-item swiper-slide\">\n\t\t\t\t\t<div class=\"dsm-grid-post-holder-inner\">\n\n\t\t\t\t\t\t\t\t\t\t\t\t\t<div class=\"dsm-entry-image\">\n\t\t\t\t\t\t\t\t\t\t\t\t\t\t\t\t<div class=\"dsm-entry-thumbnail\">\n\t\t\t\t\t\t\t\t\t<a href=\"https:\/\/ountravela.com\/de\/shop\/reisefuhrer-tourenbuch\/explore-georgien-ebook\/\">\n\t\t\t\t\t\t\t\t\t\t<img width=\"675\" height=\"675\" src=\"https:\/\/ountravela.com\/wp-content\/uploads\/ebook-explore-georgia-1.jpg\" class=\"skip-lazy wp-post-image\" alt=\"Ein Laptop, ein Tablet und ein Smartphone zeigen den Ebook Explore Georgia Reisef\u00fchrer mit Karten und touristischen Routen an. Die Namensschilder zeigen &quot;Update&quot; und &quot;Erstausgabe Neue Karten&quot; an.\" decoding=\"async\" loading=\"lazy\" title=\"\">\t\t\t\t\t\t\t\t\t<\/a>\n\t\t\t\t\t\t\t\t<\/div>\n\t\t\t\t\t\t\t<\/div>\n\t\t\t\t\t\t\n\t\t\t\t\t\t<div class=\"dsm-entry-wrapper\">\n\t\t\t\t\t\t\t\t\t\t\t\t\t\t\t<header class=\"dsm-entry-header\">\n\t\t\t\t\t\t\t\t\t<h2 class=\"dsm-entry-title\">\n\t\t\t\t\t\t\t\t\t\t<a href=\"https:\/\/ountravela.com\/de\/shop\/reisefuhrer-tourenbuch\/explore-georgien-ebook\/\" title=\"Ebook Explore Georgia\">\n\t\t\t\t\t\t\t\t\t\t\tEbook Explore Georgia\t\t\t\t\t\t\t\t\t\t<\/a>\n\t\t\t\t\t\t\t\t\t<\/h2>\n\t\t\t\t\t\t\t\t<\/header>\n\t\t\t\t\t\t\t\t\t\t\t\t\t\t\n\t\t\t\t\t\t\t\n\t\t\t\t\t\t\t\t\t\t\t\t\t\t\t<div class=\"dsm-readmore-wrap et_pb_bg_layout_light\">\n\t\t\t\t\t\t\t\t\t<a href=\"https:\/\/ountravela.com\/de\/shop\/reisefuhrer-tourenbuch\/explore-georgien-ebook\/\" class=\"dsm-readmore-btn  et_pb_button et_pb_custom_button_icon\" data-icon=\"5\">\n\t\t\t\t\t\t\t\t\t\tEn savoir plus\t\t\t\t\t\t\t\t\t<\/a>\n\t\t\t\t\t\t\t\t<\/div>\n\t\t\t\t\t\t\t\n\t\t\t\t\t\t\t\t\t\t\t\t\t<\/div>\n\t\t\t\t\t<\/div>\n\t\t\t\t<\/article>\n\n\t\t\t\t\n\t\t\t\t<article class=\"dsm-post-carousel-item swiper-slide\">\n\t\t\t\t\t<div class=\"dsm-grid-post-holder-inner\">\n\n\t\t\t\t\t\t\t\t\t\t\t\t\t<div class=\"dsm-entry-image\">\n\t\t\t\t\t\t\t\t\t\t\t\t\t\t\t\t<div class=\"dsm-entry-thumbnail\">\n\t\t\t\t\t\t\t\t\t<a href=\"https:\/\/ountravela.com\/de\/shop\/gpx-routen\/georgien-kaukasus-gps-tracks\/\">\n\t\t\t\t\t\t\t\t\t\t<img width=\"675\" height=\"675\" src=\"https:\/\/ountravela.com\/wp-content\/uploads\/gps-tracks-georgia.webp\" class=\"skip-lazy wp-post-image\" alt=\"Spuren-gps-georgien\" decoding=\"async\" loading=\"lazy\" title=\"\">\t\t\t\t\t\t\t\t\t<\/a>\n\t\t\t\t\t\t\t\t<\/div>\n\t\t\t\t\t\t\t<\/div>\n\t\t\t\t\t\t\n\t\t\t\t\t\t<div class=\"dsm-entry-wrapper\">\n\t\t\t\t\t\t\t\t\t\t\t\t\t\t\t<header class=\"dsm-entry-header\">\n\t\t\t\t\t\t\t\t\t<h2 class=\"dsm-entry-title\">\n\t\t\t\t\t\t\t\t\t\t<a href=\"https:\/\/ountravela.com\/de\/shop\/gpx-routen\/georgien-kaukasus-gps-tracks\/\" title=\"GPS Tracks Georgien\">\n\t\t\t\t\t\t\t\t\t\t\tGPS Tracks Georgien\t\t\t\t\t\t\t\t\t\t<\/a>\n\t\t\t\t\t\t\t\t\t<\/h2>\n\t\t\t\t\t\t\t\t<\/header>\n\t\t\t\t\t\t\t\t\t\t\t\t\t\t\n\t\t\t\t\t\t\t\n\t\t\t\t\t\t\t\t\t\t\t\t\t\t\t<div class=\"dsm-readmore-wrap et_pb_bg_layout_light\">\n\t\t\t\t\t\t\t\t\t<a href=\"https:\/\/ountravela.com\/de\/shop\/gpx-routen\/georgien-kaukasus-gps-tracks\/\" class=\"dsm-readmore-btn  et_pb_button et_pb_custom_button_icon\" data-icon=\"5\">\n\t\t\t\t\t\t\t\t\t\tEn savoir plus\t\t\t\t\t\t\t\t\t<\/a>\n\t\t\t\t\t\t\t\t<\/div>\n\t\t\t\t\t\t\t\n\t\t\t\t\t\t\t\t\t\t\t\t\t<\/div>\n\t\t\t\t\t<\/div>\n\t\t\t\t<\/article>\n\n\t\t\t\t\n\t\t\t\t<article class=\"dsm-post-carousel-item swiper-slide\">\n\t\t\t\t\t<div class=\"dsm-grid-post-holder-inner\">\n\n\t\t\t\t\t\t\t\t\t\t\t\t\t<div class=\"dsm-entry-image\">\n\t\t\t\t\t\t\t\t\t\t\t\t\t\t\t\t<div class=\"dsm-entry-thumbnail\">\n\t\t\t\t\t\t\t\t\t<a href=\"https:\/\/ountravela.com\/de\/shop\/touristische-karte-reiseplan\/georgien-kaukasus-touristenkarte\/\">\n\t\t\t\t\t\t\t\t\t\t<img width=\"600\" height=\"600\" src=\"https:\/\/ountravela.com\/wp-content\/uploads\/touristic-map-georgia-caucasus.jpg\" class=\"skip-lazy wp-post-image\" alt=\"Vorder- und R\u00fcckseite der Touristenkarte A2 Georgien: Die Vorderseite zeigt Ikonen und Text in Deutsch; die R\u00fcckseite enth\u00e4lt einen Kartenausschnitt, einen QR-Code f\u00fcr die Webseite und praktische Reiseinformationen.\" decoding=\"async\" loading=\"lazy\" srcset=\"https:\/\/ountravela.com\/wp-content\/uploads\/touristic-map-georgia-caucasus.jpg 600w, https:\/\/ountravela.com\/wp-content\/uploads\/touristic-map-georgia-caucasus-480x480.jpg 480w\" sizes=\"(min-width: 0px) and (max-width: 480px) 480px, (min-width: 481px) 600px, 100vw\" title=\"\">\t\t\t\t\t\t\t\t\t<\/a>\n\t\t\t\t\t\t\t\t<\/div>\n\t\t\t\t\t\t\t<\/div>\n\t\t\t\t\t\t\n\t\t\t\t\t\t<div class=\"dsm-entry-wrapper\">\n\t\t\t\t\t\t\t\t\t\t\t\t\t\t\t<header class=\"dsm-entry-header\">\n\t\t\t\t\t\t\t\t\t<h2 class=\"dsm-entry-title\">\n\t\t\t\t\t\t\t\t\t\t<a href=\"https:\/\/ountravela.com\/de\/shop\/touristische-karte-reiseplan\/georgien-kaukasus-touristenkarte\/\" title=\"Touristenkarte A2 Georgien\">\n\t\t\t\t\t\t\t\t\t\t\tTouristenkarte A2 Georgien\t\t\t\t\t\t\t\t\t\t<\/a>\n\t\t\t\t\t\t\t\t\t<\/h2>\n\t\t\t\t\t\t\t\t<\/header>\n\t\t\t\t\t\t\t\t\t\t\t\t\t\t\n\t\t\t\t\t\t\t\n\t\t\t\t\t\t\t\t\t\t\t\t\t\t\t<div class=\"dsm-readmore-wrap et_pb_bg_layout_light\">\n\t\t\t\t\t\t\t\t\t<a href=\"https:\/\/ountravela.com\/de\/shop\/touristische-karte-reiseplan\/georgien-kaukasus-touristenkarte\/\" class=\"dsm-readmore-btn  et_pb_button et_pb_custom_button_icon\" data-icon=\"5\">\n\t\t\t\t\t\t\t\t\t\tEn savoir plus\t\t\t\t\t\t\t\t\t<\/a>\n\t\t\t\t\t\t\t\t<\/div>\n\t\t\t\t\t\t\t\n\t\t\t\t\t\t\t\t\t\t\t\t\t<\/div>\n\t\t\t\t\t<\/div>\n\t\t\t\t<\/article>\n\n\t\t\t\t\n\t\t\t\t<article class=\"dsm-post-carousel-item swiper-slide\">\n\t\t\t\t\t<div class=\"dsm-grid-post-holder-inner\">\n\n\t\t\t\t\t\t\t\t\t\t\t\t\t<div class=\"dsm-entry-image\">\n\t\t\t\t\t\t\t\t\t\t\t\t\t\t\t\t<div class=\"dsm-entry-thumbnail\">\n\t\t\t\t\t\t\t\t\t<a href=\"https:\/\/ountravela.com\/de\/shop\/reisefuhrer-tourenbuch\/explore-kirgisistan-ebook\/\">\n\t\t\t\t\t\t\t\t\t\t<img width=\"675\" height=\"675\" src=\"https:\/\/ountravela.com\/wp-content\/uploads\/ebook-explore-kyrgyzstan-1.jpg\" class=\"skip-lazy wp-post-image\" alt=\"Das Explore Kirgisistan Ebook wird auf einem Laptop, Tablet und Smartphone pr\u00e4sentiert, neben einem Gel\u00e4ndewagen in einer malerischen Landschaft und einer Karte, mit einem sichtbaren Update-Badge Update.\" decoding=\"async\" loading=\"lazy\" title=\"\">\t\t\t\t\t\t\t\t\t<\/a>\n\t\t\t\t\t\t\t\t<\/div>\n\t\t\t\t\t\t\t<\/div>\n\t\t\t\t\t\t\n\t\t\t\t\t\t<div class=\"dsm-entry-wrapper\">\n\t\t\t\t\t\t\t\t\t\t\t\t\t\t\t<header class=\"dsm-entry-header\">\n\t\t\t\t\t\t\t\t\t<h2 class=\"dsm-entry-title\">\n\t\t\t\t\t\t\t\t\t\t<a href=\"https:\/\/ountravela.com\/de\/shop\/reisefuhrer-tourenbuch\/explore-kirgisistan-ebook\/\" title=\"Ebook Explore Kirgisistan\">\n\t\t\t\t\t\t\t\t\t\t\tEbook Explore Kirgisistan\t\t\t\t\t\t\t\t\t\t<\/a>\n\t\t\t\t\t\t\t\t\t<\/h2>\n\t\t\t\t\t\t\t\t<\/header>\n\t\t\t\t\t\t\t\t\t\t\t\t\t\t\n\t\t\t\t\t\t\t\n\t\t\t\t\t\t\t\t\t\t\t\t\t\t\t<div class=\"dsm-readmore-wrap et_pb_bg_layout_light\">\n\t\t\t\t\t\t\t\t\t<a href=\"https:\/\/ountravela.com\/de\/shop\/reisefuhrer-tourenbuch\/explore-kirgisistan-ebook\/\" class=\"dsm-readmore-btn  et_pb_button et_pb_custom_button_icon\" data-icon=\"5\">\n\t\t\t\t\t\t\t\t\t\tEn savoir plus\t\t\t\t\t\t\t\t\t<\/a>\n\t\t\t\t\t\t\t\t<\/div>\n\t\t\t\t\t\t\t\n\t\t\t\t\t\t\t\t\t\t\t\t\t<\/div>\n\t\t\t\t\t<\/div>\n\t\t\t\t<\/article>\n\n\t\t\t\t\n\t\t\t\t<article class=\"dsm-post-carousel-item swiper-slide\">\n\t\t\t\t\t<div class=\"dsm-grid-post-holder-inner\">\n\n\t\t\t\t\t\t\t\t\t\t\t\t\t<div class=\"dsm-entry-image\">\n\t\t\t\t\t\t\t\t\t\t\t\t\t\t\t\t<div class=\"dsm-entry-thumbnail\">\n\t\t\t\t\t\t\t\t\t<a href=\"https:\/\/ountravela.com\/de\/shop\/reisefuhrer-tourenbuch\/buch-explore-georgia-4x4-van-motorrad-fahrrad\/\">\n\t\t\t\t\t\t\t\t\t\t<img width=\"675\" height=\"675\" src=\"https:\/\/ountravela.com\/wp-content\/uploads\/mockup-2022-ge-eng-1000px.jpg\" class=\"skip-lazy wp-post-image\" alt=\"Der Explore Georgia Reisef\u00fchrer zeigt ein malerisches Titelbild mit einer holprigen Stra\u00dfe, die zu alten Ruinen auf einem gr\u00fcnen H\u00fcgel f\u00fchrt, vor einer Bergkulisse mit bew\u00f6lktem Himmel.\" decoding=\"async\" loading=\"lazy\" title=\"\">\t\t\t\t\t\t\t\t\t<\/a>\n\t\t\t\t\t\t\t\t<\/div>\n\t\t\t\t\t\t\t<\/div>\n\t\t\t\t\t\t\n\t\t\t\t\t\t<div class=\"dsm-entry-wrapper\">\n\t\t\t\t\t\t\t\t\t\t\t\t\t\t\t<header class=\"dsm-entry-header\">\n\t\t\t\t\t\t\t\t\t<h2 class=\"dsm-entry-title\">\n\t\t\t\t\t\t\t\t\t\t<a href=\"https:\/\/ountravela.com\/de\/shop\/reisefuhrer-tourenbuch\/buch-explore-georgia-4x4-van-motorrad-fahrrad\/\" title=\"Explore Georgia Reisef\u00fchrer\">\n\t\t\t\t\t\t\t\t\t\t\tExplore Georgia Reisef\u00fchrer\t\t\t\t\t\t\t\t\t\t<\/a>\n\t\t\t\t\t\t\t\t\t<\/h2>\n\t\t\t\t\t\t\t\t<\/header>\n\t\t\t\t\t\t\t\t\t\t\t\t\t\t\n\t\t\t\t\t\t\t\n\t\t\t\t\t\t\t\t\t\t\t\t\t\t\t<div class=\"dsm-readmore-wrap et_pb_bg_layout_light\">\n\t\t\t\t\t\t\t\t\t<a href=\"https:\/\/ountravela.com\/de\/shop\/reisefuhrer-tourenbuch\/buch-explore-georgia-4x4-van-motorrad-fahrrad\/\" class=\"dsm-readmore-btn  et_pb_button et_pb_custom_button_icon\" data-icon=\"5\">\n\t\t\t\t\t\t\t\t\t\tEn savoir plus\t\t\t\t\t\t\t\t\t<\/a>\n\t\t\t\t\t\t\t\t<\/div>\n\t\t\t\t\t\t\t\n\t\t\t\t\t\t\t\t\t\t\t\t\t<\/div>\n\t\t\t\t\t<\/div>\n\t\t\t\t<\/article>\n\n\t\t\t\t\n\t\t\t\t<article class=\"dsm-post-carousel-item swiper-slide\">\n\t\t\t\t\t<div class=\"dsm-grid-post-holder-inner\">\n\n\t\t\t\t\t\t\t\t\t\t\t\t\t<div class=\"dsm-entry-image\">\n\t\t\t\t\t\t\t\t\t\t\t\t\t\t\t\t<div class=\"dsm-entry-thumbnail\">\n\t\t\t\t\t\t\t\t\t<a href=\"https:\/\/ountravela.com\/de\/shop\/touristische-karte-reiseplan\/kirgisistan-zentralasien-touristenkarte\/\">\n\t\t\t\t\t\t\t\t\t\t<img width=\"674\" height=\"675\" src=\"https:\/\/ountravela.com\/wp-content\/uploads\/mockup-tourist-map-kyrgyzstan-eng-1-1.jpg\" class=\"skip-lazy wp-post-image\" alt=\"Vorder- und R\u00fcckumschlag der Kirgisischen Touristenkarte mit einem Kartenausschnitt, dem deutschen Titel, dem Link zur Website, dem QR-Code sowie Bildern und Symbolen, die die Merkmale und den Inhalt hervorheben.\" decoding=\"async\" loading=\"lazy\" title=\"\">\t\t\t\t\t\t\t\t\t<\/a>\n\t\t\t\t\t\t\t\t<\/div>\n\t\t\t\t\t\t\t<\/div>\n\t\t\t\t\t\t\n\t\t\t\t\t\t<div class=\"dsm-entry-wrapper\">\n\t\t\t\t\t\t\t\t\t\t\t\t\t\t\t<header class=\"dsm-entry-header\">\n\t\t\t\t\t\t\t\t\t<h2 class=\"dsm-entry-title\">\n\t\t\t\t\t\t\t\t\t\t<a href=\"https:\/\/ountravela.com\/de\/shop\/touristische-karte-reiseplan\/kirgisistan-zentralasien-touristenkarte\/\" title=\"Touristische Karte von Kirgisistan\">\n\t\t\t\t\t\t\t\t\t\t\tTouristische Karte von Kirgisistan\t\t\t\t\t\t\t\t\t\t<\/a>\n\t\t\t\t\t\t\t\t\t<\/h2>\n\t\t\t\t\t\t\t\t<\/header>\n\t\t\t\t\t\t\t\t\t\t\t\t\t\t\n\t\t\t\t\t\t\t\n\t\t\t\t\t\t\t\t\t\t\t\t\t\t\t<div class=\"dsm-readmore-wrap et_pb_bg_layout_light\">\n\t\t\t\t\t\t\t\t\t<a href=\"https:\/\/ountravela.com\/de\/shop\/touristische-karte-reiseplan\/kirgisistan-zentralasien-touristenkarte\/\" class=\"dsm-readmore-btn  et_pb_button et_pb_custom_button_icon\" data-icon=\"5\">\n\t\t\t\t\t\t\t\t\t\tEn savoir plus\t\t\t\t\t\t\t\t\t<\/a>\n\t\t\t\t\t\t\t\t<\/div>\n\t\t\t\t\t\t\t\n\t\t\t\t\t\t\t\t\t\t\t\t\t<\/div>\n\t\t\t\t\t<\/div>\n\t\t\t\t<\/article>\n\n\t\t\t\t\n\t\t\t\t<article class=\"dsm-post-carousel-item swiper-slide\">\n\t\t\t\t\t<div class=\"dsm-grid-post-holder-inner\">\n\n\t\t\t\t\t\t\t\t\t\t\t\t\t<div class=\"dsm-entry-image\">\n\t\t\t\t\t\t\t\t\t\t\t\t\t\t\t\t<div class=\"dsm-entry-thumbnail\">\n\t\t\t\t\t\t\t\t\t<a href=\"https:\/\/ountravela.com\/de\/shop\/gpx-routen\/kirgisistan-gps-tracks\/\">\n\t\t\t\t\t\t\t\t\t\t<img width=\"675\" height=\"675\" src=\"https:\/\/ountravela.com\/wp-content\/uploads\/gps-tracks-kyrgyzstan.webp\" class=\"skip-lazy wp-post-image\" alt=\"gps-spuren von buch erkundet kirgisistan\" decoding=\"async\" loading=\"lazy\" srcset=\"https:\/\/ountravela.com\/wp-content\/uploads\/gps-tracks-kyrgyzstan-980x980.webp 980w, https:\/\/ountravela.com\/wp-content\/uploads\/gps-tracks-kyrgyzstan-480x480.webp 480w\" sizes=\"(min-width: 0px) and (max-width: 480px) 480px, (min-width: 481px) and (max-width: 980px) 980px, 100vw\" title=\"\">\t\t\t\t\t\t\t\t\t<\/a>\n\t\t\t\t\t\t\t\t<\/div>\n\t\t\t\t\t\t\t<\/div>\n\t\t\t\t\t\t\n\t\t\t\t\t\t<div class=\"dsm-entry-wrapper\">\n\t\t\t\t\t\t\t\t\t\t\t\t\t\t\t<header class=\"dsm-entry-header\">\n\t\t\t\t\t\t\t\t\t<h2 class=\"dsm-entry-title\">\n\t\t\t\t\t\t\t\t\t\t<a href=\"https:\/\/ountravela.com\/de\/shop\/gpx-routen\/kirgisistan-gps-tracks\/\" title=\"GPS Tracks Kirgisistan\">\n\t\t\t\t\t\t\t\t\t\t\tGPS Tracks Kirgisistan\t\t\t\t\t\t\t\t\t\t<\/a>\n\t\t\t\t\t\t\t\t\t<\/h2>\n\t\t\t\t\t\t\t\t<\/header>\n\t\t\t\t\t\t\t\t\t\t\t\t\t\t\n\t\t\t\t\t\t\t\n\t\t\t\t\t\t\t\t\t\t\t\t\t\t\t<div class=\"dsm-readmore-wrap et_pb_bg_layout_light\">\n\t\t\t\t\t\t\t\t\t<a href=\"https:\/\/ountravela.com\/de\/shop\/gpx-routen\/kirgisistan-gps-tracks\/\" class=\"dsm-readmore-btn  et_pb_button et_pb_custom_button_icon\" data-icon=\"5\">\n\t\t\t\t\t\t\t\t\t\tEn savoir plus\t\t\t\t\t\t\t\t\t<\/a>\n\t\t\t\t\t\t\t\t<\/div>\n\t\t\t\t\t\t\t\n\t\t\t\t\t\t\t\t\t\t\t\t\t<\/div>\n\t\t\t\t\t<\/div>\n\t\t\t\t<\/article>\n\n\t\t\t\t\n\t\t\t\t<article class=\"dsm-post-carousel-item swiper-slide\">\n\t\t\t\t\t<div class=\"dsm-grid-post-holder-inner\">\n\n\t\t\t\t\t\t\t\t\t\t\t\t\t<div class=\"dsm-entry-image\">\n\t\t\t\t\t\t\t\t\t\t\t\t\t\t\t\t<div class=\"dsm-entry-thumbnail\">\n\t\t\t\t\t\t\t\t\t<a href=\"https:\/\/ountravela.com\/de\/shop\/reisefuhrer-tourenbuch\/buch-explore-kirgisistan-zentralasien-4x4-van-motorrad-fahrrad\/\">\n\t\t\t\t\t\t\t\t\t\t<img width=\"675\" height=\"675\" src=\"https:\/\/ountravela.com\/wp-content\/uploads\/travel-guidebook-explore-Kyrgyzstan-ENG-700px-1.jpg\" class=\"skip-lazy wp-post-image\" alt=\"reisef\u00fchrer kirgisistan zentralasien roadbook seidenstra\u00dfe\" decoding=\"async\" loading=\"lazy\" srcset=\"https:\/\/ountravela.com\/wp-content\/uploads\/travel-guidebook-explore-Kyrgyzstan-ENG-700px-1.jpg 675w, https:\/\/ountravela.com\/wp-content\/uploads\/travel-guidebook-explore-Kyrgyzstan-ENG-700px-1-480x480.jpg 480w\" sizes=\"(min-width: 0px) and (max-width: 480px) 480px, (min-width: 481px) 675px, 100vw\" title=\"\">\t\t\t\t\t\t\t\t\t<\/a>\n\t\t\t\t\t\t\t\t<\/div>\n\t\t\t\t\t\t\t<\/div>\n\t\t\t\t\t\t\n\t\t\t\t\t\t<div class=\"dsm-entry-wrapper\">\n\t\t\t\t\t\t\t\t\t\t\t\t\t\t\t<header class=\"dsm-entry-header\">\n\t\t\t\t\t\t\t\t\t<h2 class=\"dsm-entry-title\">\n\t\t\t\t\t\t\t\t\t\t<a href=\"https:\/\/ountravela.com\/de\/shop\/reisefuhrer-tourenbuch\/buch-explore-kirgisistan-zentralasien-4x4-van-motorrad-fahrrad\/\" title=\"Explore Kyrgyzstan Reisef\u00fchrer\">\n\t\t\t\t\t\t\t\t\t\t\tExplore Kyrgyzstan Reisef\u00fchrer\t\t\t\t\t\t\t\t\t\t<\/a>\n\t\t\t\t\t\t\t\t\t<\/h2>\n\t\t\t\t\t\t\t\t<\/header>\n\t\t\t\t\t\t\t\t\t\t\t\t\t\t\n\t\t\t\t\t\t\t\n\t\t\t\t\t\t\t\t\t\t\t\t\t\t\t<div class=\"dsm-readmore-wrap et_pb_bg_layout_light\">\n\t\t\t\t\t\t\t\t\t<a href=\"https:\/\/ountravela.com\/de\/shop\/reisefuhrer-tourenbuch\/buch-explore-kirgisistan-zentralasien-4x4-van-motorrad-fahrrad\/\" class=\"dsm-readmore-btn  et_pb_button et_pb_custom_button_icon\" data-icon=\"5\">\n\t\t\t\t\t\t\t\t\t\tEn savoir plus\t\t\t\t\t\t\t\t\t<\/a>\n\t\t\t\t\t\t\t\t<\/div>\n\t\t\t\t\t\t\t\n\t\t\t\t\t\t\t\t\t\t\t\t\t<\/div>\n\t\t\t\t\t<\/div>\n\t\t\t\t<\/article>\n\n\t\t\t\t\n\t\t\t\t<article class=\"dsm-post-carousel-item swiper-slide\">\n\t\t\t\t\t<div class=\"dsm-grid-post-holder-inner\">\n\n\t\t\t\t\t\t\t\t\t\t\t\t\t<div class=\"dsm-entry-image\">\n\t\t\t\t\t\t\t\t\t\t\t\t\t\t\t\t<div class=\"dsm-entry-thumbnail\">\n\t\t\t\t\t\t\t\t\t<a href=\"https:\/\/ountravela.com\/de\/shop\/reisefuhrer-tourenbuch\/buch-explore-ladakh-india-4x4-van-motorrad-fahrrad\/\">\n\t\t\t\t\t\t\t\t\t\t<img width=\"675\" height=\"675\" src=\"https:\/\/ountravela.com\/wp-content\/uploads\/travel-guidebook-explore-ladakh-ENG-700px-1.jpg\" class=\"skip-lazy wp-post-image\" alt=\"Reisef\u00fchrer Ladakh Indien Himalaya Motorrad-Roadbook\" decoding=\"async\" loading=\"lazy\" srcset=\"https:\/\/ountravela.com\/wp-content\/uploads\/travel-guidebook-explore-ladakh-ENG-700px-1.jpg 675w, https:\/\/ountravela.com\/wp-content\/uploads\/travel-guidebook-explore-ladakh-ENG-700px-1-480x480.jpg 480w\" sizes=\"(min-width: 0px) and (max-width: 480px) 480px, (min-width: 481px) 675px, 100vw\" title=\"\">\t\t\t\t\t\t\t\t\t<\/a>\n\t\t\t\t\t\t\t\t<\/div>\n\t\t\t\t\t\t\t<\/div>\n\t\t\t\t\t\t\n\t\t\t\t\t\t<div class=\"dsm-entry-wrapper\">\n\t\t\t\t\t\t\t\t\t\t\t\t\t\t\t<header class=\"dsm-entry-header\">\n\t\t\t\t\t\t\t\t\t<h2 class=\"dsm-entry-title\">\n\t\t\t\t\t\t\t\t\t\t<a href=\"https:\/\/ountravela.com\/de\/shop\/reisefuhrer-tourenbuch\/buch-explore-ladakh-india-4x4-van-motorrad-fahrrad\/\" title=\"Explore Ladakh Reisef\u00fchrer\">\n\t\t\t\t\t\t\t\t\t\t\tExplore Ladakh Reisef\u00fchrer\t\t\t\t\t\t\t\t\t\t<\/a>\n\t\t\t\t\t\t\t\t\t<\/h2>\n\t\t\t\t\t\t\t\t<\/header>\n\t\t\t\t\t\t\t\t\t\t\t\t\t\t\n\t\t\t\t\t\t\t\n\t\t\t\t\t\t\t\t\t\t\t\t\t\t\t<div class=\"dsm-readmore-wrap et_pb_bg_layout_light\">\n\t\t\t\t\t\t\t\t\t<a href=\"https:\/\/ountravela.com\/de\/shop\/reisefuhrer-tourenbuch\/buch-explore-ladakh-india-4x4-van-motorrad-fahrrad\/\" class=\"dsm-readmore-btn  et_pb_button et_pb_custom_button_icon\" data-icon=\"5\">\n\t\t\t\t\t\t\t\t\t\tEn savoir plus\t\t\t\t\t\t\t\t\t<\/a>\n\t\t\t\t\t\t\t\t<\/div>\n\t\t\t\t\t\t\t\n\t\t\t\t\t\t\t\t\t\t\t\t\t<\/div>\n\t\t\t\t\t<\/div>\n\t\t\t\t<\/article>\n\n\t\t\t\t\n\t\t\t\t<article class=\"dsm-post-carousel-item swiper-slide\">\n\t\t\t\t\t<div class=\"dsm-grid-post-holder-inner\">\n\n\t\t\t\t\t\t\t\t\t\t\t\t\t<div class=\"dsm-entry-image\">\n\t\t\t\t\t\t\t\t\t\t\t\t\t\t\t\t<div class=\"dsm-entry-thumbnail\">\n\t\t\t\t\t\t\t\t\t<a href=\"https:\/\/ountravela.com\/de\/shop\/gpx-routen\/ladakh-gps-tracks\/\">\n\t\t\t\t\t\t\t\t\t\t<img width=\"675\" height=\"675\" src=\"https:\/\/ountravela.com\/wp-content\/uploads\/gps-tracks-ladakh.webp\" class=\"skip-lazy wp-post-image\" alt=\"gps-Spuren des Buches erforscht Ladakh\" decoding=\"async\" loading=\"lazy\" srcset=\"https:\/\/ountravela.com\/wp-content\/uploads\/gps-tracks-ladakh-980x980.webp 980w, https:\/\/ountravela.com\/wp-content\/uploads\/gps-tracks-ladakh-480x480.webp 480w\" sizes=\"(min-width: 0px) and (max-width: 480px) 480px, (min-width: 481px) and (max-width: 980px) 980px, 100vw\" title=\"\">\t\t\t\t\t\t\t\t\t<\/a>\n\t\t\t\t\t\t\t\t<\/div>\n\t\t\t\t\t\t\t<\/div>\n\t\t\t\t\t\t\n\t\t\t\t\t\t<div class=\"dsm-entry-wrapper\">\n\t\t\t\t\t\t\t\t\t\t\t\t\t\t\t<header class=\"dsm-entry-header\">\n\t\t\t\t\t\t\t\t\t<h2 class=\"dsm-entry-title\">\n\t\t\t\t\t\t\t\t\t\t<a href=\"https:\/\/ountravela.com\/de\/shop\/gpx-routen\/ladakh-gps-tracks\/\" title=\"GPS Tracks Ladakh\">\n\t\t\t\t\t\t\t\t\t\t\tGPS Tracks Ladakh\t\t\t\t\t\t\t\t\t\t<\/a>\n\t\t\t\t\t\t\t\t\t<\/h2>\n\t\t\t\t\t\t\t\t<\/header>\n\t\t\t\t\t\t\t\t\t\t\t\t\t\t\n\t\t\t\t\t\t\t\n\t\t\t\t\t\t\t\t\t\t\t\t\t\t\t<div class=\"dsm-readmore-wrap et_pb_bg_layout_light\">\n\t\t\t\t\t\t\t\t\t<a href=\"https:\/\/ountravela.com\/de\/shop\/gpx-routen\/ladakh-gps-tracks\/\" class=\"dsm-readmore-btn  et_pb_button et_pb_custom_button_icon\" data-icon=\"5\">\n\t\t\t\t\t\t\t\t\t\tEn savoir plus\t\t\t\t\t\t\t\t\t<\/a>\n\t\t\t\t\t\t\t\t<\/div>\n\t\t\t\t\t\t\t\n\t\t\t\t\t\t\t\t\t\t\t\t\t<\/div>\n\t\t\t\t\t<\/div>\n\t\t\t\t<\/article>\n\n\t\t\t\t\n\t\t\t\t\t<\/div>\n\t\t\t\t<\/div>\n\t\t\t\t<div class=\"swiper-button-next swiper-arrow-button dsm-post-arrow-button-next0\" data-icon=5><\/div>\n\t\t\t\t<div class=\"swiper-button-prev swiper-arrow-button dsm-post-arrow-button-prev0\" data-icon=4><\/div>\n\t\t\t\t<div class=\"swiper-container-horizontal\">\n\t\t\t\t\t<div class=\"swiper-pagination dsm-post-pagination0\"><\/div>\n\t\t\t\t<\/div>\n\t\t\t<\/div>\n\t\t\t\t<\/div>\n\t\t\t<\/div><\/p>\n","protected":false},"author":1,"featured_media":0,"parent":0,"menu_order":0,"comment_status":"closed","ping_status":"closed","template":"","meta":{"_et_pb_use_builder":"on","_et_pb_old_content":"","_et_gb_content_width":"","_glsr_average":0,"_glsr_ranking":0,"_glsr_reviews":0,"footnotes":""},"class_list":["post-282621","page","type-page","status-publish","hentry"],"_links":{"self":[{"href":"https:\/\/ountravela.com\/de\/wp-json\/wp\/v2\/pages\/282621","targetHints":{"allow":["GET"]}}],"collection":[{"href":"https:\/\/ountravela.com\/de\/wp-json\/wp\/v2\/pages"}],"about":[{"href":"https:\/\/ountravela.com\/de\/wp-json\/wp\/v2\/types\/page"}],"author":[{"embeddable":true,"href":"https:\/\/ountravela.com\/de\/wp-json\/wp\/v2\/users\/1"}],"replies":[{"embeddable":true,"href":"https:\/\/ountravela.com\/de\/wp-json\/wp\/v2\/comments?post=282621"}],"version-history":[{"count":20,"href":"https:\/\/ountravela.com\/de\/wp-json\/wp\/v2\/pages\/282621\/revisions"}],"predecessor-version":[{"id":299935,"href":"https:\/\/ountravela.com\/de\/wp-json\/wp\/v2\/pages\/282621\/revisions\/299935"}],"wp:attachment":[{"href":"https:\/\/ountravela.com\/de\/wp-json\/wp\/v2\/media?parent=282621"}],"curies":[{"name":"wp","href":"https:\/\/api.w.org\/{rel}","templated":true}]}}