{"id":282600,"date":"2025-02-25T16:26:18","date_gmt":"2025-02-25T15:26:18","guid":{"rendered":"https:\/\/ountravela.com\/unsere-gps-tracks\/oman\/"},"modified":"2025-06-10T17:30:12","modified_gmt":"2025-06-10T15:30:12","slug":"oman","status":"publish","type":"page","link":"https:\/\/ountravela.com\/de\/unsere-gps-tracks\/oman\/","title":{"rendered":"Oman Mai 2017"},"content":{"rendered":"<p>[et_pb_section fb_built=&#8221;1&#8243; _builder_version=&#8221;4.16&#8243; background_image=&#8221;https:\/\/ountravela.com\/wp-content\/uploads\/2018\/07\/texture-montagne-2.jpg&#8221; custom_padding=&#8221;55px|0px|72px|0px|false|false&#8221; global_colors_info=&#8221;{}&#8221;][et_pb_row _builder_version=&#8221;4.16&#8243; global_colors_info=&#8221;{}&#8221;][et_pb_column type=&#8221;4_4&#8243; _builder_version=&#8221;4.16&#8243; custom_padding=&#8221;|||&#8221; pac_dcm_carousel_specific_module_num=&#8221;0&#8243; global_colors_info=&#8221;{}&#8221; custom_padding__hover=&#8221;|||&#8221;][et_pb_text _builder_version=&#8221;4.24.0&#8243; global_colors_info=&#8221;{}&#8221;]<\/p>\n<h1>Unsere GPS-Spuren in OMAN<\/h1>\n<h2>Mai 2017<\/h2>\n<p>[\/et_pb_text][\/et_pb_column][\/et_pb_row][et_pb_row _builder_version=&#8221;4.16&#8243; global_colors_info=&#8221;{}&#8221;][et_pb_column type=&#8221;4_4&#8243; _builder_version=&#8221;4.16&#8243; custom_padding=&#8221;|||&#8221; pac_dcm_carousel_specific_module_num=&#8221;0&#8243; global_colors_info=&#8221;{}&#8221; custom_padding__hover=&#8221;|||&#8221;][et_pb_text _builder_version=&#8221;4.27.4&#8243; hover_enabled=&#8221;0&#8243; global_colors_info=&#8221;{}&#8221; sticky_enabled=&#8221;0&#8243;]<\/p>\n<p>Wir freuen uns, die Spuren unseres Roadtrips in den Oman, den wir im Mai 2017 unternommen haben, kostenlos mit Ihnen teilen zu k\u00f6nnen.<\/p>\n<p>Diese GPS-Spuren k\u00f6nnen in mobilen Anwendungen wie OSMand, GPXviewer, Tracklia oder auf Ihrem Garmin GPS-Ger\u00e4t verwendet werden.<\/p>\n<p>Bitte beachten Sie, dass die GPS-Tracks Fehler enthalten k\u00f6nnen und nur als Anregung dienen sollen. Lassen Sie Ihren gesunden Menschenverstand walten, kennen Sie Ihre Grenzen und gehen Sie vorsichtig mit Spuren um.<\/p>\n<p>Wir sind nicht verantwortlich f\u00fcr Zwischenf\u00e4lle, die sich w\u00e4hrend der Nutzung dieser Wege ereignen k\u00f6nnen. Die Tatsache, dass eine Route erw\u00e4hnt wird, bedeutet nicht notwendigerweise, dass sie immer durchf\u00fchrbar oder sicher ist. Sie sind selbst daf\u00fcr verantwortlich, Ihre Route den jeweiligen Bedingungen anzupassen.  <\/p>\n<p>Wir w\u00fcrden uns freuen, alle Ihre Fragen in unserer Facebook-Gruppe zu beantworten: <a href=\"https:\/\/www.facebook.com\/groups\/Oman.UAE.off.road\/\" target=\"_blank\" rel=\"noopener\">UAE &amp; OMAN Off-road<\/a>.<\/p>\n<p>[\/et_pb_text][\/et_pb_column][\/et_pb_row][et_pb_row _builder_version=&#8221;4.16&#8243; global_colors_info=&#8221;{}&#8221;][et_pb_column type=&#8221;4_4&#8243; _builder_version=&#8221;4.16&#8243; custom_padding=&#8221;|||&#8221; pac_dcm_carousel_specific_module_num=&#8221;0&#8243; global_colors_info=&#8221;{}&#8221; custom_padding__hover=&#8221;|||&#8221;][et_pb_text _builder_version=&#8221;4.24.0&#8243; global_colors_info=&#8221;{}&#8221;]<\/p>\n<p>[sgpx gpx=&#8221;\/wp-content\/uploads\/gpx\/GPX-OMAN-OunTravela.gpx&#8221;]<\/p>\n<p>[\/et_pb_text][et_pb_code _builder_version=&#8221;4.27.4&#8243; _module_preset=&#8221;default&#8221; hover_enabled=&#8221;0&#8243; global_colors_info=&#8221;{}&#8221; sticky_enabled=&#8221;0&#8243;]Um die Datei im .GPX-Format herunterzuladen, klicken Sie einfach auf den oben stehenden Link.<!-- [et_pb_line_break_holder] -->Nachdem Sie die Datei entpackt haben, k\u00f6nnen Sie sie z.B. mit visugpx.com oder vielen mobilen Navigationsanwendungen f\u00fcr Android oder ios \u00f6ffnen! <!-- [et_pb_line_break_holder] -->Wenn es ein Problem mit dem Download gibt, wechseln Sie bitte den Browser (chrome, firefox, etc.).<!-- [et_pb_line_break_holder] -->[\/et_pb_code][et_pb_text _builder_version=&#8221;4.27.4&#8243; _module_preset=&#8221;default&#8221; hover_enabled=&#8221;0&#8243; sticky_enabled=&#8221;0&#8243;][\/et_pb_text][et_pb_text _builder_version=&#8221;4.27.4&#8243; hover_enabled=&#8221;0&#8243; global_colors_info=&#8221;{}&#8221; sticky_enabled=&#8221;0&#8243;]<\/p>\n<p>Gute Reise!<\/p>\n<p>[\/et_pb_text][\/et_pb_column][\/et_pb_row][\/et_pb_section][et_pb_section fb_built=&#8221;1&#8243; disabled_on=&#8221;off|off|off&#8221; module_class=&#8221;pac-dtocm-exclude&#8221; _builder_version=&#8221;4.24.3&#8243; background_color=&#8221;#242424&#8243; custom_padding=&#8221;||||false|false&#8221; global_module=&#8221;5182&#8243; saved_tabs=&#8221;all&#8221; global_colors_info=&#8221;{}&#8221;][et_pb_row column_structure=&#8221;1_4,3_4&#8243; _builder_version=&#8221;4.24.2&#8243; _module_preset=&#8221;default&#8221; custom_padding=&#8221;0px||10px||false|false&#8221; custom_padding_phone=&#8221;0px||||false|false&#8221; global_colors_info=&#8221;{}&#8221;][et_pb_column type=&#8221;1_4&#8243; _builder_version=&#8221;4.24.2&#8243; _module_preset=&#8221;default&#8221; pac_dcm_carousel_specific_module_num=&#8221;0&#8243; global_colors_info=&#8221;{}&#8221;][et_pb_image src=&#8221;https:\/\/ountravela.com\/wp-content\/uploads\/logo\/exploring-blanc_plan-de-travail-1-copie-11.png&#8221; title_text=&#8221;exploring-wei\u00df&#8221; align=&#8221;center&#8221; _builder_version=&#8221;4.24.2&#8243; _module_preset=&#8221;default&#8221; max_width=&#8221;175px&#8221; module_alignment=&#8221;center&#8221; custom_margin=&#8221;||||false|false&#8221; custom_padding=&#8221;||||false|false&#8221; global_colors_info=&#8221;{}&#8221;][\/et_pb_image][\/et_pb_column][et_pb_column type=&#8221;3_4&#8243; _builder_version=&#8221;4.24.2&#8243; _module_preset=&#8221;default&#8221; pac_dcm_carousel_specific_module_num=&#8221;0&#8243; global_colors_info=&#8221;{}&#8221;][et_pb_code _builder_version=&#8221;4.25.1&#8243; _module_preset=&#8221;default&#8221; text_orientation=&#8221;left&#8221; min_height=&#8221;179px&#8221; custom_margin=&#8221;|||-30px|false|false&#8221; custom_margin_tablet=&#8221;&#8221; custom_margin_phone=&#8221;|||0px|false|false&#8221; custom_margin_last_edited=&#8221;on|phone&#8221; custom_padding=&#8221;||||false|false&#8221; global_colors_info=&#8221;{}&#8221;]<div class=\"cr-trustbadgef\"><div class=\"cr-badge badge_size_small badge_color_dark\" style=\"background-color:#242424;\">\n\n\t<div class=\"badge__store\">OunTravela<\/div>\n\n\t<div class=\"badge__nowrap\">\n\t\t<div class=\"badge__stars\">\n\t\t\t\t\t\t\t<div class=\"badge__star\">\n\t\t\t\t\t<div class=\"badge__star-icon badge__star-icon_type_empty\"><\/div>\n\t\t\t\t\t<div class=\"badge__star-icon badge__star-icon_type_fill\" style=\"width: 100%\"><\/div>\n\t\t\t\t<\/div>\n\t\t\t\t\t\t\t<div class=\"badge__star\">\n\t\t\t\t\t<div class=\"badge__star-icon badge__star-icon_type_empty\"><\/div>\n\t\t\t\t\t<div class=\"badge__star-icon badge__star-icon_type_fill\" style=\"width: 100%\"><\/div>\n\t\t\t\t<\/div>\n\t\t\t\t\t\t\t<div class=\"badge__star\">\n\t\t\t\t\t<div class=\"badge__star-icon badge__star-icon_type_empty\"><\/div>\n\t\t\t\t\t<div class=\"badge__star-icon badge__star-icon_type_fill\" style=\"width: 100%\"><\/div>\n\t\t\t\t<\/div>\n\t\t\t\t\t\t\t<div class=\"badge__star\">\n\t\t\t\t\t<div class=\"badge__star-icon badge__star-icon_type_empty\"><\/div>\n\t\t\t\t\t<div class=\"badge__star-icon badge__star-icon_type_fill\" style=\"width: 100%\"><\/div>\n\t\t\t\t<\/div>\n\t\t\t\t\t\t\t<div class=\"badge__star\">\n\t\t\t\t\t<div class=\"badge__star-icon badge__star-icon_type_empty\"><\/div>\n\t\t\t\t\t<div class=\"badge__star-icon badge__star-icon_type_fill\" style=\"width: 77%\"><\/div>\n\t\t\t\t<\/div>\n\t\t\t\t\t<\/div>\n\n\t\t<div class=\"badge__verified verified\">\n\t\t\t<div class=\"verified__logo\"><\/div>\n\t\t\t<div class=\"verified__text\">Unabh\u00e4ngig gepr\u00fcft<\/div>\n\t\t<\/div>\n\t<\/div>\n\n\t<div class=\"badge__rating rating\">\n\t\t\t\t\t<span class=\"rating__store\">4.77 Bewertung<\/span> <span class=\"rating__reviews\">(605 Bewertungen)<\/span>\n\t\t\t<\/div>\n\n\t\t\t<a href=\"https:\/\/www.cusrev.com\/de\/reviews\/ountravela.com\" rel=\"nofollow noopener noreferrer\" target=\"_blank\" aria-label=\"OunTravela\">\n\t\t\t<span class=\"badge__link\"><\/span>\n\t\t<\/a>\n\t\n<\/div>\n<\/div>[\/et_pb_code][et_pb_social_media_follow icon_color=&#8221;#FFFFFF&#8221; use_icon_font_size=&#8221;on&#8221; icon_font_size=&#8221;20px&#8221; _builder_version=&#8221;4.24.2&#8243; text_orientation=&#8221;left&#8221; custom_margin=&#8221;-40px||||false|false&#8221; text_orientation_tablet=&#8221;&#8221; text_orientation_phone=&#8221;center&#8221; text_orientation_last_edited=&#8221;on|phone&#8221; global_colors_info=&#8221;{}&#8221; icon_color__hover_enabled=&#8221;on|hover&#8221; icon_color__hover=&#8221;#BE9251&#8243;][et_pb_social_media_follow_network social_network=&#8221;facebook&#8221; url=&#8221;https:\/\/www.facebook.com\/OunTravela\/&#8221; _builder_version=&#8221;4.16&#8243; global_colors_info=&#8221;{}&#8221; follow_button=&#8221;off&#8221; url_new_window=&#8221;on&#8221;]facebook[\/et_pb_social_media_follow_network][et_pb_social_media_follow_network social_network=&#8221;instagram&#8221; url=&#8221;https:\/\/www.instagram.com\/ountravela\/&#8221; _builder_version=&#8221;4.16&#8243; global_colors_info=&#8221;{}&#8221; follow_button=&#8221;off&#8221; url_new_window=&#8221;on&#8221;]instagram[\/et_pb_social_media_follow_network][et_pb_social_media_follow_network social_network=&#8221;youtube&#8221; url=&#8221;https:\/\/www.youtube.com\/channel\/UCBSYyueUEk2d7DP8HlQio8A&#8221; _builder_version=&#8221;4.16&#8243; global_colors_info=&#8221;{}&#8221; follow_button=&#8221;off&#8221; url_new_window=&#8221;on&#8221;]youtube[\/et_pb_social_media_follow_network][et_pb_social_media_follow_network social_network=&#8221;vimeo&#8221; url=&#8221;https:\/\/vimeo.com\/ountravela&#8221; _builder_version=&#8221;4.16&#8243; global_colors_info=&#8221;{}&#8221; follow_button=&#8221;off&#8221; url_new_window=&#8221;on&#8221;]vimeo[\/et_pb_social_media_follow_network][\/et_pb_social_media_follow][\/et_pb_column][\/et_pb_row][et_pb_row _builder_version=&#8221;4.24.2&#8243; _module_preset=&#8221;default&#8221; custom_padding=&#8221;0px||||false|false&#8221; global_colors_info=&#8221;{}&#8221;][et_pb_column type=&#8221;4_4&#8243; _builder_version=&#8221;4.24.2&#8243; _module_preset=&#8221;default&#8221; pac_dcm_carousel_specific_module_num=&#8221;0&#8243; global_colors_info=&#8221;{}&#8221;][et_pb_divider color=&#8221;#FFFFFF&#8221; _builder_version=&#8221;4.24.2&#8243; _module_preset=&#8221;default&#8221; global_colors_info=&#8221;{}&#8221;][\/et_pb_divider][\/et_pb_column][\/et_pb_row][et_pb_row column_structure=&#8221;1_4,1_4,1_4,1_4&#8243; _builder_version=&#8221;4.24.2&#8243; custom_padding=&#8221;0px||||false|false&#8221; global_colors_info=&#8221;{}&#8221;][et_pb_column type=&#8221;1_4&#8243; _builder_version=&#8221;4.16&#8243; custom_padding=&#8221;|||&#8221; pac_dcm_carousel_specific_module_num=&#8221;0&#8243; global_colors_info=&#8221;{}&#8221; custom_padding__hover=&#8221;|||&#8221;][et_pb_text _builder_version=&#8221;4.24.2&#8243; text_font=&#8221;Poppins|600|||||||&#8221; text_text_color=&#8221;#ffffff&#8221; text_font_size=&#8221;22px&#8221; width=&#8221;90%&#8221; module_alignment=&#8221;center&#8221; global_colors_info=&#8221;{}&#8221;]<\/p>\n<p>Unsere B\u00fccher<\/p>\n<p>[\/et_pb_text][et_pb_text _builder_version=&#8221;4.24.3&#8243; width=&#8221;90%&#8221; module_alignment=&#8221;center&#8221; global_colors_info=&#8221;{}&#8221;]<\/p>\n<p><a class=\"Test12\" href=\"https:\/\/ountravela.com\/de\/shop\/reisefuhrer-tourenbuch\/explore-ladakh-buch\/\">Explore Ladakh<\/a><br \/><a class=\"Test12\" href=\"https:\/\/ountravela.com\/de\/shop\/reisefuhrer-tourenbuch\/buch-explore-kirgisistan-zentralasien-4x4-van-motorrad-fahrrad\/\">Explore Kirgisistan<\/a><br \/><a class=\"Test12\" href=\"https:\/\/ountravela.com\/de\/shop\/reisefuhrer-tourenbuch\/buch-explore-georgien-4x4-van-motorrad-fahrrad\/\">Erkunden Sie Georgien<\/a><\/p>\n<p>[\/et_pb_text][\/et_pb_column][et_pb_column type=&#8221;1_4&#8243; _builder_version=&#8221;4.16&#8243; custom_padding=&#8221;|||&#8221; pac_dcm_carousel_specific_module_num=&#8221;0&#8243; global_colors_info=&#8221;{}&#8221; custom_padding__hover=&#8221;|||&#8221;][et_pb_text _builder_version=&#8221;4.24.2&#8243; text_font=&#8221;Poppins|600|||||||&#8221; text_text_color=&#8221;#ffffff&#8221; text_font_size=&#8221;22px&#8221; width=&#8221;90%&#8221; module_alignment=&#8221;center&#8221; global_colors_info=&#8221;{}&#8221;]<\/p>\n<p>\u00dcber uns<\/p>\n<p>[\/et_pb_text][et_pb_text _builder_version=&#8221;4.24.2&#8243; width=&#8221;90%&#8221; module_alignment=&#8221;center&#8221; global_colors_info=&#8221;{}&#8221;]<\/p>\n<p><a class=\"Test12\" href=\"https:\/\/ountravela.com\/de\/uber-uns\/\">Wer sind wir?<\/a><br \/><a class=\"Test12\" href=\"https:\/\/ountravela.com\/de\/reisephilosophie\/\">Unsere Werte<\/a><br \/><a class=\"Test12\" href=\"https:\/\/ountravela.com\/de\/partner\/\">Arbeiten Sie mit uns<\/a><br \/><a class=\"Test12\" href=\"https:\/\/ountravela.com\/de\/affiliate-programm\/\">Affiliate werden<\/a><br \/><a class=\"Test12\" href=\"https:\/\/ountravela.com\/de\/kontakt\/\">Kontakt<\/a><\/p>\n<p>[\/et_pb_text][\/et_pb_column][et_pb_column type=&#8221;1_4&#8243; _builder_version=&#8221;4.24.2&#8243; _module_preset=&#8221;default&#8221; pac_dcm_carousel_specific_module_num=&#8221;0&#8243; global_colors_info=&#8221;{}&#8221;][et_pb_text _builder_version=&#8221;4.24.2&#8243; text_font=&#8221;Poppins|600|||||||&#8221; text_text_color=&#8221;#ffffff&#8221; text_font_size=&#8221;22px&#8221; width=&#8221;90%&#8221; module_alignment=&#8221;center&#8221; global_colors_info=&#8221;{}&#8221;]<\/p>\n<p>Zu entdecken<\/p>\n<p>[\/et_pb_text][et_pb_text _builder_version=&#8221;4.24.2&#8243; width=&#8221;90%&#8221; module_alignment=&#8221;center&#8221; global_colors_info=&#8221;{}&#8221;]<\/p>\n<p><a class=\"Test12\" href=\"https:\/\/ountravela.com\/de\/off-road-reisen\/\">Blog<\/a><br \/><a class=\"Test12\" href=\"https:\/\/ountravela.com\/de\/roadtrip-reise-tipps\/\">Praktische Merkbl\u00e4tter<\/a><br \/><a class=\"Test12\" href=\"https:\/\/ountravela.com\/de\/vermietung-aktivitaeten\/\">Vermietung von Fahrzeugen<\/a><br \/><a class=\"Test12\" href=\"https:\/\/ountravela.com\/de\/vermietung-aktivitaeten\/\">Finden Sie einen lokalen Reisef\u00fchrer<\/a><\/p>\n<p>[\/et_pb_text][\/et_pb_column][et_pb_column type=&#8221;1_4&#8243; _builder_version=&#8221;4.24.2&#8243; _module_preset=&#8221;default&#8221; pac_dcm_carousel_specific_module_num=&#8221;0&#8243; global_colors_info=&#8221;{}&#8221;][et_pb_signup provider=&#8221;fluentcrm&#8221; fluentcrm_list=&#8221;Fluent|list_17&#8243; last_name_field=&#8221;off&#8221; title=&#8221;Newsletter&#8221; button_text=&#8221;Best\u00e4tigen Sie&#8221; module_class=&#8221;pac-dtocm-exclude&#8221; _builder_version=&#8221;4.24.2&#8243; _module_preset=&#8221;default&#8221; header_level=&#8221;h4&#8243; header_font=&#8221;|600|||||||&#8221; header_font_size=&#8221;23px&#8221; background_color=&#8221;RGBA(255,255,255,0)&#8221; custom_padding=&#8221;0px|||||&#8221; border_radii=&#8221;on|7px|7px|7px|7px&#8221; global_colors_info=&#8221;{}&#8221; title__hover_enabled=&#8221;off|desktop&#8221;][\/et_pb_signup][\/et_pb_column][\/et_pb_row][\/et_pb_section]<\/p>\n","protected":false},"excerpt":{"rendered":"<p>Unsere GPS-Spuren in OMAN Mai 2017Wir freuen uns, die Spuren unseres Roadtrips in den Oman, den wir im Mai 2017 unternommen haben, kostenlos mit Ihnen teilen zu k\u00f6nnen. Diese GPS-Spuren k\u00f6nnen in mobilen Anwendungen wie OSMand, GPXviewer, Tracklia oder auf Ihrem Garmin GPS-Ger\u00e4t verwendet werden. Bitte beachten Sie, dass die GPS-Tracks Fehler enthalten k\u00f6nnen und nur als Anregung dienen sollen. Lassen Sie Ihren gesunden Menschenverstand walten, kennen Sie Ihre Grenzen und gehen Sie vorsichtig mit Spuren um. Wir sind nicht verantwortlich f\u00fcr Zwischenf\u00e4lle, die sich w\u00e4hrend der Nutzung dieser Wege ereignen k\u00f6nnen. Die Tatsache, dass eine Route erw\u00e4hnt wird, bedeutet nicht notwendigerweise, dass sie immer durchf\u00fchrbar oder sicher ist. Sie sind selbst daf\u00fcr verantwortlich, Ihre Route den jeweiligen Bedingungen anzupassen. Wir w\u00fcrden uns freuen, alle Ihre Fragen in unserer Facebook-Gruppe zu beantworten: UAE &amp; OMAN Off-road.[sgpx gpx=&#8221;\/wp-content\/uploads\/gpx\/GPX-OMAN-OunTravela.gpx&#8221;]Gute Reise!<div class=\"cr-trustbadgef\"><div class=\"cr-badge badge_size_small badge_color_dark\" style=\"background-color:#242424;\">\n\n\t<div class=\"badge__store\">OunTravela<\/div>\n\n\t<div class=\"badge__nowrap\">\n\t\t<div class=\"badge__stars\">\n\t\t\t\t\t\t\t<div class=\"badge__star\">\n\t\t\t\t\t<div class=\"badge__star-icon badge__star-icon_type_empty\"><\/div>\n\t\t\t\t\t<div class=\"badge__star-icon badge__star-icon_type_fill\" style=\"width: 100%\"><\/div>\n\t\t\t\t<\/div>\n\t\t\t\t\t\t\t<div class=\"badge__star\">\n\t\t\t\t\t<div class=\"badge__star-icon badge__star-icon_type_empty\"><\/div>\n\t\t\t\t\t<div class=\"badge__star-icon badge__star-icon_type_fill\" style=\"width: 100%\"><\/div>\n\t\t\t\t<\/div>\n\t\t\t\t\t\t\t<div class=\"badge__star\">\n\t\t\t\t\t<div class=\"badge__star-icon badge__star-icon_type_empty\"><\/div>\n\t\t\t\t\t<div class=\"badge__star-icon badge__star-icon_type_fill\" style=\"width: 100%\"><\/div>\n\t\t\t\t<\/div>\n\t\t\t\t\t\t\t<div class=\"badge__star\">\n\t\t\t\t\t<div class=\"badge__star-icon badge__star-icon_type_empty\"><\/div>\n\t\t\t\t\t<div class=\"badge__star-icon badge__star-icon_type_fill\" style=\"width: 100%\"><\/div>\n\t\t\t\t<\/div>\n\t\t\t\t\t\t\t<div class=\"badge__star\">\n\t\t\t\t\t<div class=\"badge__star-icon badge__star-icon_type_empty\"><\/div>\n\t\t\t\t\t<div class=\"badge__star-icon badge__star-icon_type_fill\" style=\"width: 77%\"><\/div>\n\t\t\t\t<\/div>\n\t\t\t\t\t<\/div>\n\n\t\t<div class=\"badge__verified verified\">\n\t\t\t<div class=\"verified__logo\"><\/div>\n\t\t\t<div class=\"verified__text\">Unabh\u00e4ngig gepr\u00fcft<\/div>\n\t\t<\/div>\n\t<\/div>\n\n\t<div class=\"badge__rating rating\">\n\t\t\t\t\t<span class=\"rating__store\">4.77 Bewertung<\/span> <span class=\"rating__reviews\">(605 Bewertungen)<\/span>\n\t\t\t<\/div>\n\n\t\t\t<a href=\"https:\/\/www.cusrev.com\/de\/reviews\/ountravela.com\" rel=\"nofollow noopener noreferrer\" target=\"_blank\" aria-label=\"OunTravela\">\n\t\t\t<span class=\"badge__link\"><\/span>\n\t\t<\/a>\n\t\n<\/div>\n<\/div>Unsere B\u00fccherExplore LadakhExplore KirgisistanErkunden Sie Georgien\u00dcber unsWer sind wir?Unsere WerteArbeiten Sie mit unsAffiliate werdenKontaktZu entdeckenBlogPraktische Merkbl\u00e4tterVermietung von FahrzeugenFinden Sie einen lokalen Reisef\u00fchrer<\/p>\n","protected":false},"author":1,"featured_media":0,"parent":282590,"menu_order":0,"comment_status":"closed","ping_status":"closed","template":"","meta":{"_et_pb_use_builder":"on","_et_pb_old_content":"","_et_gb_content_width":"","_glsr_average":0,"_glsr_ranking":0,"_glsr_reviews":0,"footnotes":""},"class_list":["post-282600","page","type-page","status-publish","hentry"],"_links":{"self":[{"href":"https:\/\/ountravela.com\/de\/wp-json\/wp\/v2\/pages\/282600","targetHints":{"allow":["GET"]}}],"collection":[{"href":"https:\/\/ountravela.com\/de\/wp-json\/wp\/v2\/pages"}],"about":[{"href":"https:\/\/ountravela.com\/de\/wp-json\/wp\/v2\/types\/page"}],"author":[{"embeddable":true,"href":"https:\/\/ountravela.com\/de\/wp-json\/wp\/v2\/users\/1"}],"replies":[{"embeddable":true,"href":"https:\/\/ountravela.com\/de\/wp-json\/wp\/v2\/comments?post=282600"}],"version-history":[{"count":0,"href":"https:\/\/ountravela.com\/de\/wp-json\/wp\/v2\/pages\/282600\/revisions"}],"up":[{"embeddable":true,"href":"https:\/\/ountravela.com\/de\/wp-json\/wp\/v2\/pages\/282590"}],"wp:attachment":[{"href":"https:\/\/ountravela.com\/de\/wp-json\/wp\/v2\/media?parent=282600"}],"curies":[{"name":"wp","href":"https:\/\/api.w.org\/{rel}","templated":true}]}}