{"id":282590,"date":"2025-02-25T16:23:24","date_gmt":"2025-02-25T15:23:24","guid":{"rendered":"https:\/\/ountravela.com\/unsere-gps-tracks\/"},"modified":"2025-06-10T17:30:11","modified_gmt":"2025-06-10T15:30:11","slug":"unsere-gps-tracks","status":"publish","type":"page","link":"https:\/\/ountravela.com\/de\/unsere-gps-tracks\/","title":{"rendered":"Unsere GPS-tracks 4&#215;4 &amp; Motorrad"},"content":{"rendered":"<p>[et_pb_section fb_built=&#8221;1&#8243; _builder_version=&#8221;4.24.0&#8243; background_color=&#8221;RGBA(255,255,255,0)&#8221; background_image=&#8221;https:\/\/ountravela.com\/wp-content\/uploads\/2018\/07\/texture-montagne-2.jpg&#8221; custom_padding=&#8221;55px|0px|105px|0px|false|false&#8221; global_colors_info=&#8221;{}&#8221;][et_pb_row _builder_version=&#8221;4.16&#8243; global_colors_info=&#8221;{}&#8221;][et_pb_column type=&#8221;4_4&#8243; _builder_version=&#8221;4.16&#8243; custom_padding=&#8221;|||&#8221; pac_dcm_carousel_specific_module_num=&#8221;0&#8243; global_colors_info=&#8221;{}&#8221; custom_padding__hover=&#8221;|||&#8221;][et_pb_text _builder_version=&#8221;4.24.0&#8243; global_colors_info=&#8221;{}&#8221;]<\/p>\n<h1>Laden Sie unsere GPS-Spuren herunter<\/h1>\n<p>[\/et_pb_text][\/et_pb_column][\/et_pb_row][et_pb_row _builder_version=&#8221;4.16&#8243; global_colors_info=&#8221;{}&#8221;][et_pb_column type=&#8221;4_4&#8243; _builder_version=&#8221;4.16&#8243; custom_padding=&#8221;|||&#8221; pac_dcm_carousel_specific_module_num=&#8221;0&#8243; global_colors_info=&#8221;{}&#8221; custom_padding__hover=&#8221;|||&#8221;][et_pb_text _builder_version=&#8221;4.27.2&#8243; global_colors_info=&#8221;{}&#8221;]<\/p>\n<p>Wir freuen uns, Ihnen die GPS-Tracks unserer letzten Roadtrips <strong>kostenlos<\/strong> zur Verf\u00fcgung stellen zu k\u00f6nnen.<\/p>\n<p>Diese GPS-Spuren k\u00f6nnen in mobilen Anwendungen wie <strong>OSMand, GPXviewer, Tracklia oder auf Ihrem Garmin GPS-Ger\u00e4t<\/strong> verwendet werden.<\/p>\n<p>Bitte beachten Sie, dass die GPS-Tracks <strong>Fehler<\/strong> enthalten k\u00f6nnen und nur als Anregung gedacht sind. Lassen Sie Ihren gesunden Menschenverstand walten, kennen Sie Ihre Grenzen und nutzen Sie die Tracks mit Vorsicht. <strong>Wir \u00fcbernehmen keine Verantwortung f\u00fcr Vorf\u00e4lle, die sich w\u00e4hrend der Nutzung der Tracks<\/strong> ereignen. Die Tatsache, dass eine Route erw\u00e4hnt wird, bedeutet nicht notwendigerweise, dass sie immer durchf\u00fchrbar oder sicher ist. Sie sind selbst daf\u00fcr verantwortlich, Ihre Route den jeweiligen Bedingungen anzupassen.   <\/p>\n<p>Wir w\u00fcrden uns freuen, alle Ihre Fragen in unserer Facebook-Gruppe zu beantworten: <a href=\"https:\/\/www.facebook.com\/groups\/Oman.UAE.off.road\/\" target=\"_blank\" rel=\"noopener\">UAE &amp; OMAN Off-road<\/a>.<\/p>\n<p>[\/et_pb_text][\/et_pb_column][\/et_pb_row][et_pb_row column_structure=&#8221;1_2,1_2&#8243; _builder_version=&#8221;4.27.2&#8243; hover_enabled=&#8221;0&#8243; global_colors_info=&#8221;{}&#8221; sticky_enabled=&#8221;0&#8243;][et_pb_column type=&#8221;1_2&#8243; _builder_version=&#8221;4.16&#8243; custom_padding=&#8221;|||&#8221; pac_dcm_carousel_specific_module_num=&#8221;0&#8243; global_colors_info=&#8221;{}&#8221; custom_padding__hover=&#8221;|||&#8221;][et_pb_cta button_url=&#8221;https:\/\/ountravela.com\/de\/unsere-gps-tracks\/oman\/&#8221; _builder_version=&#8221;4.27.2&#8243; header_text_color=&#8221;#FFFFFF&#8221; body_font=&#8221;||||||||&#8221; use_background_color_gradient=&#8221;on&#8221; background_color_gradient_stops=&#8221;rgba(0,0,0,0.48) 0%|rgba(0,0,0,0.13) 100%&#8221; background_color_gradient_overlays_image=&#8221;on&#8221; background_color_gradient_start=&#8221;rgba(0,0,0,0.48)&#8221; background_color_gradient_end=&#8221;rgba(0,0,0,0.13)&#8221; background_image=&#8221;https:\/\/ountravela.com\/wp-content\/uploads\/2018\/10\/omani-camel-family.jpg&#8221; background_position=&#8221;bottom_center&#8221; height=&#8221;100px&#8221; custom_margin=&#8221;||&#8221; custom_padding=&#8221;||250px&#8221; link_option_url=&#8221;https:\/\/ountravela.com\/de\/unsere-gps-tracks\/oman\/&#8221; hover_enabled=&#8221;0&#8243; box_shadow_style=&#8221;preset2&#8243; global_colors_info=&#8221;{}&#8221; transform_styles__hover_enabled=&#8221;on|hover&#8221; transform_scale__hover_enabled=&#8221;on|hover&#8221; transform_translate__hover_enabled=&#8221;on|desktop&#8221; transform_rotate__hover_enabled=&#8221;on|desktop&#8221; transform_skew__hover_enabled=&#8221;on|desktop&#8221; transform_origin__hover_enabled=&#8221;on|desktop&#8221; transform_scale__hover=&#8221;102%|102%&#8221; sticky_enabled=&#8221;0&#8243;]<\/p>\n<p><img loading=\"lazy\" decoding=\"async\" src=\"https:\/\/ountravela.com\/wp-content\/uploads\/2018\/12\/icones-iran-blanc-200.png\" width=\"70\" height=\"70\" alt=\"iran logo wei\u00df\" class=\"wp-image-7014 aligncenter size-full\" title=\"\" srcset=\"https:\/\/ountravela.com\/wp-content\/uploads\/2018\/12\/icones-iran-blanc-200.png 200w, https:\/\/ountravela.com\/wp-content\/uploads\/2018\/12\/icones-iran-blanc-200-100x100.png 100w, https:\/\/ountravela.com\/wp-content\/uploads\/2018\/12\/icones-iran-blanc-200-150x150.png 150w\" sizes=\"(max-width: 70px) 100vw, 70px\" \/><\/p>\n<h2>Oman<\/h2>\n<p>[\/et_pb_cta][\/et_pb_column][et_pb_column type=&#8221;1_2&#8243; _builder_version=&#8221;4.16&#8243; custom_padding=&#8221;|||&#8221; pac_dcm_carousel_specific_module_num=&#8221;0&#8243; global_colors_info=&#8221;{}&#8221; custom_padding__hover=&#8221;|||&#8221;][et_pb_cta button_url=&#8221;https:\/\/ountravela.com\/de\/unsere-gps-tracks\/uae\/&#8221; _builder_version=&#8221;4.27.2&#8243; header_text_color=&#8221;#FFFFFF&#8221; body_font=&#8221;||||||||&#8221; use_background_color_gradient=&#8221;on&#8221; background_color_gradient_stops=&#8221;rgba(0,0,0,0.48) 0%|rgba(0,0,0,0.13) 100%&#8221; background_color_gradient_overlays_image=&#8221;on&#8221; background_color_gradient_start=&#8221;rgba(0,0,0,0.48)&#8221; background_color_gradient_end=&#8221;rgba(0,0,0,0.13)&#8221; background_image=&#8221;https:\/\/ountravela.com\/wp-content\/uploads\/2018\/08\/oryx-sauvage-uae.jpg&#8221; height=&#8221;100px&#8221; custom_margin=&#8221;||&#8221; custom_padding=&#8221;||250px&#8221; link_option_url=&#8221;https:\/\/ountravela.com\/de\/unsere-gps-tracks\/uae\/&#8221; hover_enabled=&#8221;0&#8243; box_shadow_style=&#8221;preset2&#8243; global_colors_info=&#8221;{}&#8221; transform_styles__hover_enabled=&#8221;on|hover&#8221; transform_scale__hover_enabled=&#8221;on|hover&#8221; transform_translate__hover_enabled=&#8221;on|desktop&#8221; transform_rotate__hover_enabled=&#8221;on|desktop&#8221; transform_skew__hover_enabled=&#8221;on|desktop&#8221; transform_origin__hover_enabled=&#8221;on|desktop&#8221; transform_scale__hover=&#8221;102%|102%&#8221; sticky_enabled=&#8221;0&#8243;]<\/p>\n<p><img loading=\"lazy\" decoding=\"async\" src=\"https:\/\/ountravela.com\/wp-content\/uploads\/2018\/10\/icones-rond-dune-blanc-200.png\" width=\"70\" height=\"70\" alt=\"Logo wei\u00dfe D\u00fcne\" class=\"wp-image-5544 aligncenter size-full\" title=\"\" srcset=\"https:\/\/ountravela.com\/wp-content\/uploads\/2018\/10\/icones-rond-dune-blanc-200.png 200w, https:\/\/ountravela.com\/wp-content\/uploads\/2018\/10\/icones-rond-dune-blanc-200-100x100.png 100w, https:\/\/ountravela.com\/wp-content\/uploads\/2018\/10\/icones-rond-dune-blanc-200-150x150.png 150w\" sizes=\"(max-width: 70px) 100vw, 70px\" \/><\/p>\n<h2>UAE<\/h2>\n<p>[\/et_pb_cta][\/et_pb_column][\/et_pb_row][et_pb_row _builder_version=&#8221;4.16&#8243; custom_padding=&#8221;45px|||||&#8221; animation_style=&#8221;fade&#8221; global_colors_info=&#8221;{}&#8221;][et_pb_column type=&#8221;4_4&#8243; _builder_version=&#8221;4.16&#8243; pac_dcm_carousel_specific_module_num=&#8221;0&#8243; global_colors_info=&#8221;{}&#8221;][et_pb_text _builder_version=&#8221;4.24.0&#8243; header_3_font=&#8221;abuget||||||||&#8221; header_3_text_align=&#8221;center&#8221; header_3_text_color=&#8221;#3F2204&#8243; header_3_font_size=&#8221;64px&#8221; global_colors_info=&#8221;{}&#8221;]<\/p>\n<h3><span>Gute Reise!<\/span><\/h3>\n<p>[\/et_pb_text][\/et_pb_column][\/et_pb_row][\/et_pb_section][et_pb_section fb_built=&#8221;1&#8243; disabled_on=&#8221;off|off|off&#8221; module_class=&#8221;pac-dtocm-exclude&#8221; _builder_version=&#8221;4.24.3&#8243; background_color=&#8221;#242424&#8243; custom_padding=&#8221;||||false|false&#8221; global_module=&#8221;5182&#8243; saved_tabs=&#8221;all&#8221; global_colors_info=&#8221;{}&#8221;][et_pb_row column_structure=&#8221;1_4,3_4&#8243; _builder_version=&#8221;4.24.2&#8243; _module_preset=&#8221;default&#8221; custom_padding=&#8221;0px||10px||false|false&#8221; custom_padding_phone=&#8221;0px||||false|false&#8221; global_colors_info=&#8221;{}&#8221;][et_pb_column type=&#8221;1_4&#8243; _builder_version=&#8221;4.24.2&#8243; _module_preset=&#8221;default&#8221; pac_dcm_carousel_specific_module_num=&#8221;0&#8243; global_colors_info=&#8221;{}&#8221;][et_pb_image src=&#8221;https:\/\/ountravela.com\/wp-content\/uploads\/logo\/exploring-blanc_plan-de-travail-1-copie-11.png&#8221; title_text=&#8221;exploring-wei\u00df&#8221; align=&#8221;center&#8221; _builder_version=&#8221;4.24.2&#8243; _module_preset=&#8221;default&#8221; max_width=&#8221;175px&#8221; module_alignment=&#8221;center&#8221; custom_margin=&#8221;||||false|false&#8221; custom_padding=&#8221;||||false|false&#8221; global_colors_info=&#8221;{}&#8221;][\/et_pb_image][\/et_pb_column][et_pb_column type=&#8221;3_4&#8243; _builder_version=&#8221;4.24.2&#8243; _module_preset=&#8221;default&#8221; pac_dcm_carousel_specific_module_num=&#8221;0&#8243; global_colors_info=&#8221;{}&#8221;][et_pb_code _builder_version=&#8221;4.25.1&#8243; _module_preset=&#8221;default&#8221; text_orientation=&#8221;left&#8221; min_height=&#8221;179px&#8221; custom_margin=&#8221;|||-30px|false|false&#8221; custom_margin_tablet=&#8221;&#8221; custom_margin_phone=&#8221;|||0px|false|false&#8221; custom_margin_last_edited=&#8221;on|phone&#8221; custom_padding=&#8221;||||false|false&#8221; global_colors_info=&#8221;{}&#8221;]<div class=\"cr-trustbadgef\"><div class=\"cr-badge badge_size_small badge_color_dark\" style=\"background-color:#242424;\">\n\n\t<div class=\"badge__store\">OunTravela<\/div>\n\n\t<div class=\"badge__nowrap\">\n\t\t<div class=\"badge__stars\">\n\t\t\t\t\t\t\t<div class=\"badge__star\">\n\t\t\t\t\t<div class=\"badge__star-icon badge__star-icon_type_empty\"><\/div>\n\t\t\t\t\t<div class=\"badge__star-icon badge__star-icon_type_fill\" style=\"width: 100%\"><\/div>\n\t\t\t\t<\/div>\n\t\t\t\t\t\t\t<div class=\"badge__star\">\n\t\t\t\t\t<div class=\"badge__star-icon badge__star-icon_type_empty\"><\/div>\n\t\t\t\t\t<div class=\"badge__star-icon badge__star-icon_type_fill\" style=\"width: 100%\"><\/div>\n\t\t\t\t<\/div>\n\t\t\t\t\t\t\t<div class=\"badge__star\">\n\t\t\t\t\t<div class=\"badge__star-icon badge__star-icon_type_empty\"><\/div>\n\t\t\t\t\t<div class=\"badge__star-icon badge__star-icon_type_fill\" style=\"width: 100%\"><\/div>\n\t\t\t\t<\/div>\n\t\t\t\t\t\t\t<div class=\"badge__star\">\n\t\t\t\t\t<div class=\"badge__star-icon badge__star-icon_type_empty\"><\/div>\n\t\t\t\t\t<div class=\"badge__star-icon badge__star-icon_type_fill\" style=\"width: 100%\"><\/div>\n\t\t\t\t<\/div>\n\t\t\t\t\t\t\t<div class=\"badge__star\">\n\t\t\t\t\t<div class=\"badge__star-icon badge__star-icon_type_empty\"><\/div>\n\t\t\t\t\t<div class=\"badge__star-icon badge__star-icon_type_fill\" style=\"width: 77%\"><\/div>\n\t\t\t\t<\/div>\n\t\t\t\t\t<\/div>\n\n\t\t<div class=\"badge__verified verified\">\n\t\t\t<div class=\"verified__logo\"><\/div>\n\t\t\t<div class=\"verified__text\">Unabh\u00e4ngig gepr\u00fcft<\/div>\n\t\t<\/div>\n\t<\/div>\n\n\t<div class=\"badge__rating rating\">\n\t\t\t\t\t<span class=\"rating__store\">4.77 Bewertung<\/span> <span class=\"rating__reviews\">(605 Bewertungen)<\/span>\n\t\t\t<\/div>\n\n\t\t\t<a href=\"https:\/\/www.cusrev.com\/de\/reviews\/ountravela.com\" rel=\"nofollow noopener noreferrer\" target=\"_blank\" aria-label=\"OunTravela\">\n\t\t\t<span class=\"badge__link\"><\/span>\n\t\t<\/a>\n\t\n<\/div>\n<\/div>[\/et_pb_code][et_pb_social_media_follow icon_color=&#8221;#FFFFFF&#8221; use_icon_font_size=&#8221;on&#8221; icon_font_size=&#8221;20px&#8221; _builder_version=&#8221;4.24.2&#8243; text_orientation=&#8221;left&#8221; custom_margin=&#8221;-40px||||false|false&#8221; text_orientation_tablet=&#8221;&#8221; text_orientation_phone=&#8221;center&#8221; text_orientation_last_edited=&#8221;on|phone&#8221; global_colors_info=&#8221;{}&#8221; icon_color__hover_enabled=&#8221;on|hover&#8221; icon_color__hover=&#8221;#BE9251&#8243;][et_pb_social_media_follow_network social_network=&#8221;facebook&#8221; url=&#8221;https:\/\/www.facebook.com\/OunTravela\/&#8221; _builder_version=&#8221;4.16&#8243; global_colors_info=&#8221;{}&#8221; follow_button=&#8221;off&#8221; url_new_window=&#8221;on&#8221;]facebook[\/et_pb_social_media_follow_network][et_pb_social_media_follow_network social_network=&#8221;instagram&#8221; url=&#8221;https:\/\/www.instagram.com\/ountravela\/&#8221; _builder_version=&#8221;4.16&#8243; global_colors_info=&#8221;{}&#8221; follow_button=&#8221;off&#8221; url_new_window=&#8221;on&#8221;]instagram[\/et_pb_social_media_follow_network][et_pb_social_media_follow_network social_network=&#8221;youtube&#8221; url=&#8221;https:\/\/www.youtube.com\/channel\/UCBSYyueUEk2d7DP8HlQio8A&#8221; _builder_version=&#8221;4.16&#8243; global_colors_info=&#8221;{}&#8221; follow_button=&#8221;off&#8221; url_new_window=&#8221;on&#8221;]youtube[\/et_pb_social_media_follow_network][et_pb_social_media_follow_network social_network=&#8221;vimeo&#8221; url=&#8221;https:\/\/vimeo.com\/ountravela&#8221; _builder_version=&#8221;4.16&#8243; global_colors_info=&#8221;{}&#8221; follow_button=&#8221;off&#8221; url_new_window=&#8221;on&#8221;]vimeo[\/et_pb_social_media_follow_network][\/et_pb_social_media_follow][\/et_pb_column][\/et_pb_row][et_pb_row _builder_version=&#8221;4.24.2&#8243; _module_preset=&#8221;default&#8221; custom_padding=&#8221;0px||||false|false&#8221; global_colors_info=&#8221;{}&#8221;][et_pb_column type=&#8221;4_4&#8243; _builder_version=&#8221;4.24.2&#8243; _module_preset=&#8221;default&#8221; pac_dcm_carousel_specific_module_num=&#8221;0&#8243; global_colors_info=&#8221;{}&#8221;][et_pb_divider color=&#8221;#FFFFFF&#8221; _builder_version=&#8221;4.24.2&#8243; _module_preset=&#8221;default&#8221; global_colors_info=&#8221;{}&#8221;][\/et_pb_divider][\/et_pb_column][\/et_pb_row][et_pb_row column_structure=&#8221;1_4,1_4,1_4,1_4&#8243; _builder_version=&#8221;4.24.2&#8243; custom_padding=&#8221;0px||||false|false&#8221; global_colors_info=&#8221;{}&#8221;][et_pb_column type=&#8221;1_4&#8243; _builder_version=&#8221;4.16&#8243; custom_padding=&#8221;|||&#8221; pac_dcm_carousel_specific_module_num=&#8221;0&#8243; global_colors_info=&#8221;{}&#8221; custom_padding__hover=&#8221;|||&#8221;][et_pb_text _builder_version=&#8221;4.24.2&#8243; text_font=&#8221;Poppins|600|||||||&#8221; text_text_color=&#8221;#ffffff&#8221; text_font_size=&#8221;22px&#8221; width=&#8221;90%&#8221; module_alignment=&#8221;center&#8221; global_colors_info=&#8221;{}&#8221;]<\/p>\n<p>Unsere B\u00fccher<\/p>\n<p>[\/et_pb_text][et_pb_text _builder_version=&#8221;4.24.3&#8243; width=&#8221;90%&#8221; module_alignment=&#8221;center&#8221; global_colors_info=&#8221;{}&#8221;]<\/p>\n<p><a class=\"Test12\" href=\"https:\/\/ountravela.com\/de\/shop\/reisefuhrer-tourenbuch\/explore-ladakh-buch\/\">Explore Ladakh<\/a><br \/><a class=\"Test12\" href=\"https:\/\/ountravela.com\/de\/shop\/reisefuhrer-tourenbuch\/buch-explore-kirgisistan-zentralasien-4x4-van-motorrad-fahrrad\/\">Explore Kirgisistan<\/a><br \/><a class=\"Test12\" href=\"https:\/\/ountravela.com\/de\/shop\/reisefuhrer-tourenbuch\/buch-explore-georgien-4x4-van-motorrad-fahrrad\/\">Erkunden Sie Georgien<\/a><\/p>\n<p>[\/et_pb_text][\/et_pb_column][et_pb_column type=&#8221;1_4&#8243; _builder_version=&#8221;4.16&#8243; custom_padding=&#8221;|||&#8221; pac_dcm_carousel_specific_module_num=&#8221;0&#8243; global_colors_info=&#8221;{}&#8221; custom_padding__hover=&#8221;|||&#8221;][et_pb_text _builder_version=&#8221;4.24.2&#8243; text_font=&#8221;Poppins|600|||||||&#8221; text_text_color=&#8221;#ffffff&#8221; text_font_size=&#8221;22px&#8221; width=&#8221;90%&#8221; module_alignment=&#8221;center&#8221; global_colors_info=&#8221;{}&#8221;]<\/p>\n<p>\u00dcber uns<\/p>\n<p>[\/et_pb_text][et_pb_text _builder_version=&#8221;4.24.2&#8243; width=&#8221;90%&#8221; module_alignment=&#8221;center&#8221; global_colors_info=&#8221;{}&#8221;]<\/p>\n<p><a class=\"Test12\" href=\"https:\/\/ountravela.com\/de\/uber-uns\/\">Wer sind wir?<\/a><br \/><a class=\"Test12\" href=\"https:\/\/ountravela.com\/de\/reisephilosophie\/\">Unsere Werte<\/a><br \/><a class=\"Test12\" href=\"https:\/\/ountravela.com\/de\/partner\/\">Arbeiten Sie mit uns<\/a><br \/><a class=\"Test12\" href=\"https:\/\/ountravela.com\/de\/affiliate-programm\/\">Affiliate werden<\/a><br \/><a class=\"Test12\" href=\"https:\/\/ountravela.com\/de\/kontakt\/\">Kontakt<\/a><\/p>\n<p>[\/et_pb_text][\/et_pb_column][et_pb_column type=&#8221;1_4&#8243; _builder_version=&#8221;4.24.2&#8243; _module_preset=&#8221;default&#8221; pac_dcm_carousel_specific_module_num=&#8221;0&#8243; global_colors_info=&#8221;{}&#8221;][et_pb_text _builder_version=&#8221;4.24.2&#8243; text_font=&#8221;Poppins|600|||||||&#8221; text_text_color=&#8221;#ffffff&#8221; text_font_size=&#8221;22px&#8221; width=&#8221;90%&#8221; module_alignment=&#8221;center&#8221; global_colors_info=&#8221;{}&#8221;]<\/p>\n<p>Zu entdecken<\/p>\n<p>[\/et_pb_text][et_pb_text _builder_version=&#8221;4.24.2&#8243; width=&#8221;90%&#8221; module_alignment=&#8221;center&#8221; global_colors_info=&#8221;{}&#8221;]<\/p>\n<p><a class=\"Test12\" href=\"https:\/\/ountravela.com\/de\/off-road-reisen\/\">Blog<\/a><br \/><a class=\"Test12\" href=\"https:\/\/ountravela.com\/de\/roadtrip-reise-tipps\/\">Praktische Merkbl\u00e4tter<\/a><br \/><a class=\"Test12\" href=\"https:\/\/ountravela.com\/de\/vermietung-aktivitaeten\/\">Vermietung von Fahrzeugen<\/a><br \/><a class=\"Test12\" href=\"https:\/\/ountravela.com\/de\/vermietung-aktivitaeten\/\">Finden Sie einen lokalen Reisef\u00fchrer<\/a><\/p>\n<p>[\/et_pb_text][\/et_pb_column][et_pb_column type=&#8221;1_4&#8243; _builder_version=&#8221;4.24.2&#8243; _module_preset=&#8221;default&#8221; pac_dcm_carousel_specific_module_num=&#8221;0&#8243; global_colors_info=&#8221;{}&#8221;][et_pb_signup provider=&#8221;fluentcrm&#8221; fluentcrm_list=&#8221;Fluent|list_17&#8243; last_name_field=&#8221;off&#8221; title=&#8221;Newsletter&#8221; button_text=&#8221;Best\u00e4tigen Sie&#8221; module_class=&#8221;pac-dtocm-exclude&#8221; _builder_version=&#8221;4.24.2&#8243; _module_preset=&#8221;default&#8221; header_level=&#8221;h4&#8243; header_font=&#8221;|600|||||||&#8221; header_font_size=&#8221;23px&#8221; background_color=&#8221;RGBA(255,255,255,0)&#8221; custom_padding=&#8221;0px|||||&#8221; border_radii=&#8221;on|7px|7px|7px|7px&#8221; global_colors_info=&#8221;{}&#8221; title__hover_enabled=&#8221;off|desktop&#8221;][\/et_pb_signup][\/et_pb_column][\/et_pb_row][\/et_pb_section]<\/p>\n","protected":false},"excerpt":{"rendered":"<p>Laden Sie unsere GPS-Spuren herunterWir freuen uns, Ihnen die GPS-Tracks unserer letzten Roadtrips kostenlos zur Verf\u00fcgung stellen zu k\u00f6nnen. Diese GPS-Spuren k\u00f6nnen in mobilen Anwendungen wie OSMand, GPXviewer, Tracklia oder auf Ihrem Garmin GPS-Ger\u00e4t verwendet werden. Bitte beachten Sie, dass die GPS-Tracks Fehler enthalten k\u00f6nnen und nur als Anregung gedacht sind. Lassen Sie Ihren gesunden Menschenverstand walten, kennen Sie Ihre Grenzen und nutzen Sie die Tracks mit Vorsicht. Wir \u00fcbernehmen keine Verantwortung f\u00fcr Vorf\u00e4lle, die sich w\u00e4hrend der Nutzung der Tracks ereignen. Die Tatsache, dass eine Route erw\u00e4hnt wird, bedeutet nicht notwendigerweise, dass sie immer durchf\u00fchrbar oder sicher ist. Sie sind selbst daf\u00fcr verantwortlich, Ihre Route den jeweiligen Bedingungen anzupassen. Wir w\u00fcrden uns freuen, alle Ihre Fragen in unserer Facebook-Gruppe zu beantworten: UAE &amp; OMAN Off-road. Oman UAEGute Reise!<div class=\"cr-trustbadgef\"><div class=\"cr-badge badge_size_small badge_color_dark\" style=\"background-color:#242424;\">\n\n\t<div class=\"badge__store\">OunTravela<\/div>\n\n\t<div class=\"badge__nowrap\">\n\t\t<div class=\"badge__stars\">\n\t\t\t\t\t\t\t<div class=\"badge__star\">\n\t\t\t\t\t<div class=\"badge__star-icon badge__star-icon_type_empty\"><\/div>\n\t\t\t\t\t<div class=\"badge__star-icon badge__star-icon_type_fill\" style=\"width: 100%\"><\/div>\n\t\t\t\t<\/div>\n\t\t\t\t\t\t\t<div class=\"badge__star\">\n\t\t\t\t\t<div class=\"badge__star-icon badge__star-icon_type_empty\"><\/div>\n\t\t\t\t\t<div class=\"badge__star-icon badge__star-icon_type_fill\" style=\"width: 100%\"><\/div>\n\t\t\t\t<\/div>\n\t\t\t\t\t\t\t<div class=\"badge__star\">\n\t\t\t\t\t<div class=\"badge__star-icon badge__star-icon_type_empty\"><\/div>\n\t\t\t\t\t<div class=\"badge__star-icon badge__star-icon_type_fill\" style=\"width: 100%\"><\/div>\n\t\t\t\t<\/div>\n\t\t\t\t\t\t\t<div class=\"badge__star\">\n\t\t\t\t\t<div class=\"badge__star-icon badge__star-icon_type_empty\"><\/div>\n\t\t\t\t\t<div class=\"badge__star-icon badge__star-icon_type_fill\" style=\"width: 100%\"><\/div>\n\t\t\t\t<\/div>\n\t\t\t\t\t\t\t<div class=\"badge__star\">\n\t\t\t\t\t<div class=\"badge__star-icon badge__star-icon_type_empty\"><\/div>\n\t\t\t\t\t<div class=\"badge__star-icon badge__star-icon_type_fill\" style=\"width: 77%\"><\/div>\n\t\t\t\t<\/div>\n\t\t\t\t\t<\/div>\n\n\t\t<div class=\"badge__verified verified\">\n\t\t\t<div class=\"verified__logo\"><\/div>\n\t\t\t<div class=\"verified__text\">Unabh\u00e4ngig gepr\u00fcft<\/div>\n\t\t<\/div>\n\t<\/div>\n\n\t<div class=\"badge__rating rating\">\n\t\t\t\t\t<span class=\"rating__store\">4.77 Bewertung<\/span> <span class=\"rating__reviews\">(605 Bewertungen)<\/span>\n\t\t\t<\/div>\n\n\t\t\t<a href=\"https:\/\/www.cusrev.com\/de\/reviews\/ountravela.com\" rel=\"nofollow noopener noreferrer\" target=\"_blank\" aria-label=\"OunTravela\">\n\t\t\t<span class=\"badge__link\"><\/span>\n\t\t<\/a>\n\t\n<\/div>\n<\/div>Unsere B\u00fccherExplore LadakhExplore KirgisistanErkunden Sie Georgien\u00dcber unsWer sind wir?Unsere WerteArbeiten Sie mit unsAffiliate werdenKontaktZu entdeckenBlogPraktische Merkbl\u00e4tterVermietung von FahrzeugenFinden Sie einen lokalen Reisef\u00fchrer<\/p>\n","protected":false},"author":1,"featured_media":0,"parent":0,"menu_order":0,"comment_status":"closed","ping_status":"closed","template":"","meta":{"_et_pb_use_builder":"on","_et_pb_old_content":"","_et_gb_content_width":"","_glsr_average":0,"_glsr_ranking":0,"_glsr_reviews":0,"footnotes":""},"class_list":["post-282590","page","type-page","status-publish","hentry"],"_links":{"self":[{"href":"https:\/\/ountravela.com\/de\/wp-json\/wp\/v2\/pages\/282590","targetHints":{"allow":["GET"]}}],"collection":[{"href":"https:\/\/ountravela.com\/de\/wp-json\/wp\/v2\/pages"}],"about":[{"href":"https:\/\/ountravela.com\/de\/wp-json\/wp\/v2\/types\/page"}],"author":[{"embeddable":true,"href":"https:\/\/ountravela.com\/de\/wp-json\/wp\/v2\/users\/1"}],"replies":[{"embeddable":true,"href":"https:\/\/ountravela.com\/de\/wp-json\/wp\/v2\/comments?post=282590"}],"version-history":[{"count":0,"href":"https:\/\/ountravela.com\/de\/wp-json\/wp\/v2\/pages\/282590\/revisions"}],"wp:attachment":[{"href":"https:\/\/ountravela.com\/de\/wp-json\/wp\/v2\/media?parent=282590"}],"curies":[{"name":"wp","href":"https:\/\/api.w.org\/{rel}","templated":true}]}}