{"id":282570,"date":"2025-02-25T16:14:43","date_gmt":"2025-02-25T15:14:43","guid":{"rendered":"https:\/\/ountravela.com\/affiliate-programm\/"},"modified":"2025-06-10T17:33:07","modified_gmt":"2025-06-10T15:33:07","slug":"affiliate-programm","status":"publish","type":"page","link":"https:\/\/ountravela.com\/de\/affiliate-programm\/","title":{"rendered":"Werden Sie OunTravela-Botschafter"},"content":{"rendered":"<p>[et_pb_section fb_built=&#8221;1&#8243; admin_label=&#8221;Hero&#8221; _builder_version=&#8221;4.27.4&#8243; use_background_color_gradient=&#8221;on&#8221; background_color_gradient_stops=&#8221;rgba(255,255,255,0.73) 0%|rgba(255,255,255,0.15) 98%&#8221; background_color_gradient_overlays_image=&#8221;on&#8221; background_image=&#8221;https:\/\/ountravela.com\/wp-content\/uploads\/2019\/01\/gun.jpg&#8221; custom_padding=&#8221;110px|||&#8221; hover_enabled=&#8221;0&#8243; global_colors_info=&#8221;{}&#8221; alt=&#8221;ambassadeur ountravela &#8211; deviens affili\u00e9 gr\u00e2ce \u00e0 notre programme d&#8217;affiliation&#8221; title_text=&#8221;ambassadeur-ountravela&#8221; background_position=&#8221;top_center&#8221; background_vertical_offset=&#8221;24%&#8221; sticky_enabled=&#8221;0&#8243;][et_pb_row _builder_version=&#8221;4.24.0&#8243; _module_preset=&#8221;2d95c5c8-d1df-447f-a86b-34caf3964538&#8243; global_colors_info=&#8221;{}&#8221;][et_pb_column type=&#8221;4_4&#8243; _builder_version=&#8221;4.16&#8243; pac_dcm_carousel_specific_module_num=&#8221;0&#8243; global_colors_info=&#8221;{}&#8221;][et_pb_text _builder_version=&#8221;4.24.0&#8243; _module_preset=&#8221;45d90a7d-78b9-4f54-bfb2-fc9c5a09678e&#8221; global_colors_info=&#8221;{}&#8221;]<\/p>\n<h1>Werden Sie OunTravela-Botschafter<\/h1>\n<h2>Werden Sie OunTravela-Botschafter durch unser Affiliate-Programm<\/h2>\n<p>[\/et_pb_text][\/et_pb_column][\/et_pb_row][\/et_pb_section][et_pb_section fb_built=&#8221;1&#8243; _builder_version=&#8221;4.24.0&#8243; _module_preset=&#8221;default&#8221; global_colors_info=&#8221;{}&#8221;][et_pb_row _builder_version=&#8221;4.16&#8243; _module_preset=&#8221;default&#8221; global_colors_info=&#8221;{}&#8221;][et_pb_column type=&#8221;4_4&#8243; _builder_version=&#8221;4.16&#8243; _module_preset=&#8221;default&#8221; pac_dcm_carousel_specific_module_num=&#8221;0&#8243; global_colors_info=&#8221;{}&#8221;][et_pb_text _builder_version=&#8221;4.25.1&#8243; _module_preset=&#8221;default&#8221; text_orientation=&#8221;center&#8221; global_colors_info=&#8221;{}&#8221;]<\/p>\n<p>Teilen Sie unsere Reisephilosophie?<\/p>\n<p><span>Haben Sie einen Blog, eine Facebook-, Instagram- oder Youtube-Gemeinschaft? <\/span> <\/p>\n<p><span>Dann k\u00f6nnten Sie einer unserer Botschafter werden!<\/span><\/p>\n<p>[\/et_pb_text][et_pb_button button_url=&#8221;https:\/\/affiliate.ountravela.com\/program&#8221; button_text=&#8221;Affiliate werden&#8221; button_alignment=&#8221;center&#8221; _builder_version=&#8221;4.25.1&#8243; _module_preset=&#8221;default&#8221; global_colors_info=&#8221;{}&#8221;][\/et_pb_button][et_pb_button button_url=&#8221;https:\/\/affiliate.ountravela.com\/login&#8221; button_text=&#8221;Zugang zu meinem Partnerkonto&#8221; button_alignment=&#8221;center&#8221; _builder_version=&#8221;4.25.1&#8243; _module_preset=&#8221;default&#8221; global_colors_info=&#8221;{}&#8221;][\/et_pb_button][\/et_pb_column][\/et_pb_row][et_pb_row _builder_version=&#8221;4.16&#8243; _module_preset=&#8221;default&#8221; global_colors_info=&#8221;{}&#8221;][et_pb_column type=&#8221;4_4&#8243; _builder_version=&#8221;4.16&#8243; _module_preset=&#8221;default&#8221; pac_dcm_carousel_specific_module_num=&#8221;0&#8243; global_colors_info=&#8221;{}&#8221;][et_pb_text _builder_version=&#8221;4.25.1&#8243; _module_preset=&#8221;default&#8221; global_colors_info=&#8221;{}&#8221;]<\/p>\n<h2>Wie funktioniert Affiliate Marketing?<\/h2>\n<p>Wenn Ihnen unsere B\u00fccher gefallen haben und Sie sie den Lesern Ihres Blogs, Ihrer Website oder Ihren Abonnenten in sozialen Netzwerken vorstellen m\u00f6chten, sollten Sie wissen, dass es m\u00f6glich ist, durch Affiliate Marketing Geld zu verdienen.<\/p>\n<p>Alles, was Sie tun m\u00fcssen, ist, <a href=\"https:\/\/affiliate.ountravela.com\/program\">sich als Affiliate zu registrieren<\/a>.<\/p>\n<p>Dann teilen Sie den Link einfach in Ihren sozialen Netzwerken oder auf Ihrer Website. Wenn eine Person auf den Link klickt und innerhalb von 60 Tagen einen Kauf t\u00e4tigt, erhalten Sie eine Provision f\u00fcr den Verkauf. So einfach ist das!<\/p>\n<p>[\/et_pb_text][\/et_pb_column][\/et_pb_row][et_pb_row _builder_version=&#8221;4.16&#8243; _module_preset=&#8221;default&#8221; global_colors_info=&#8221;{}&#8221;][et_pb_column type=&#8221;4_4&#8243; _builder_version=&#8221;4.16&#8243; _module_preset=&#8221;default&#8221; pac_dcm_carousel_specific_module_num=&#8221;0&#8243; global_colors_info=&#8221;{}&#8221;][et_pb_text admin_label=&#8221;Text&#8221; _builder_version=&#8221;4.25.1&#8243; header_2_text_color=&#8221;#3F2204&#8243; header_2_font_size=&#8221;28px&#8221; background_size=&#8221;initial&#8221; background_position=&#8221;top_left&#8221; background_repeat=&#8221;repeat&#8221; header_2_font_size_tablet=&#8221;28px&#8221; header_2_font_size_phone=&#8221;21px&#8221; global_colors_info=&#8221;{}&#8221;]<\/p>\n<h2><span>Wie werde ich OunTravela-Affiliate?<\/span><\/h2>\n<p><span>\u27a1\ufe0f <a href=\"https:\/\/affiliate.ountravela.com\/register\">Erstellen Sie hier ein Konto<\/a>, es dauert nur 2 Minuten! Und wir werden Ihren Antrag so schnell wie m\u00f6glich genehmigen \ud83d\ude42<\/span><br \/><span>\u27a1\ufe0f Sobald Ihr Antrag genehmigt wurde, k\u00f6nnen Sie <a href=\"https:\/\/affiliate.ountravela.com\/login\">sich hier einloggen<\/a>.<\/span> <br \/><span>\u27a1\ufe0f Kopieren Sie Ihren Partnerlink, der in Ihrem Partnerbereich verf\u00fcgbar ist, und f\u00fcgen Sie ihn ein und teilen Sie ihn<\/span>in sozialen Netzwerken oder in Ihrem Blog.<br \/><span>\u27a1\ufe0f Wenn eine Person \u00fcber diesen Link eine Bestellung aufgibt<\/span> (innerhalb von 60 Tagen nach dem Klick), erhalten Sie 15% Provision.<\/p>\n<p>Alle Produkte mit Ausnahme von Grenz\u00fcbertrittsgenehmigungen kommen f\u00fcr eine Provision in Betracht (ohne Lieferung).<\/p>\n<p><span>Haben Sie eine Frage?  <a href=\"https:\/\/ountravela.com\/de\/kontakt\/\">kontaktieren Sie uns!<\/a><\/span><\/p>\n<p>[\/et_pb_text][et_pb_image src=&#8221;https:\/\/ountravela.com\/wp-content\/uploads\/fr\/georgie\/livre-explore\/dsc09960-1.jpg&#8221; alt=&#8221;olivia casari erkundet georgia&#8221; title_text=&#8221;olivia-victor-ountravela&#8221; _builder_version=&#8221;4.27.4&#8243; _module_preset=&#8221;default&#8221; hover_enabled=&#8221;0&#8243; global_colors_info=&#8221;{}&#8221; width=&#8221;33%&#8221; module_alignment=&#8221;center&#8221; sticky_enabled=&#8221;0&#8243;][\/et_pb_image][\/et_pb_column][\/et_pb_row][\/et_pb_section]<\/p>\n","protected":false},"excerpt":{"rendered":"<p>Werden Sie OunTravela-Botschafter Werden Sie OunTravela-Botschafter durch unser Affiliate-ProgrammTeilen Sie unsere Reisephilosophie? Haben Sie einen Blog, eine Facebook-, Instagram- oder Youtube-Gemeinschaft? Dann k\u00f6nnten Sie einer unserer Botschafter werden!Wie funktioniert Affiliate Marketing? Wenn Ihnen unsere B\u00fccher gefallen haben und Sie sie den Lesern Ihres Blogs, Ihrer Website oder Ihren Abonnenten in sozialen Netzwerken vorstellen m\u00f6chten, sollten Sie wissen, dass es m\u00f6glich ist, durch Affiliate Marketing Geld zu verdienen. Alles, was Sie tun m\u00fcssen, ist, sich als Affiliate zu registrieren. Dann teilen Sie den Link einfach in Ihren sozialen Netzwerken oder auf Ihrer Website. Wenn eine Person auf den Link klickt und innerhalb von 60 Tagen einen Kauf t\u00e4tigt, erhalten Sie eine Provision f\u00fcr den Verkauf. So einfach ist das!Wie werde ich OunTravela-Affiliate? \u27a1\ufe0f Erstellen Sie hier ein Konto, es dauert nur 2 Minuten! Und wir werden Ihren Antrag so schnell wie m\u00f6glich genehmigen :)\u27a1\ufe0f Sobald Ihr Antrag genehmigt wurde, k\u00f6nnen Sie sich hier einloggen. \u27a1\ufe0f Kopieren Sie Ihren Partnerlink, der in Ihrem Partnerbereich verf\u00fcgbar ist, und f\u00fcgen Sie ihn ein und teilen Sie ihnin sozialen Netzwerken oder in Ihrem Blog.\u27a1\ufe0f Wenn eine Person \u00fcber diesen Link eine Bestellung aufgibt (innerhalb von 60 Tagen nach dem Klick), erhalten Sie 15% Provision. Alle [&hellip;]<\/p>\n","protected":false},"author":1,"featured_media":0,"parent":0,"menu_order":0,"comment_status":"closed","ping_status":"closed","template":"","meta":{"_et_pb_use_builder":"on","_et_pb_old_content":"","_et_gb_content_width":"","_glsr_average":0,"_glsr_ranking":0,"_glsr_reviews":0,"footnotes":""},"class_list":["post-282570","page","type-page","status-publish","hentry"],"_links":{"self":[{"href":"https:\/\/ountravela.com\/de\/wp-json\/wp\/v2\/pages\/282570","targetHints":{"allow":["GET"]}}],"collection":[{"href":"https:\/\/ountravela.com\/de\/wp-json\/wp\/v2\/pages"}],"about":[{"href":"https:\/\/ountravela.com\/de\/wp-json\/wp\/v2\/types\/page"}],"author":[{"embeddable":true,"href":"https:\/\/ountravela.com\/de\/wp-json\/wp\/v2\/users\/1"}],"replies":[{"embeddable":true,"href":"https:\/\/ountravela.com\/de\/wp-json\/wp\/v2\/comments?post=282570"}],"version-history":[{"count":0,"href":"https:\/\/ountravela.com\/de\/wp-json\/wp\/v2\/pages\/282570\/revisions"}],"wp:attachment":[{"href":"https:\/\/ountravela.com\/de\/wp-json\/wp\/v2\/media?parent=282570"}],"curies":[{"name":"wp","href":"https:\/\/api.w.org\/{rel}","templated":true}]}}