{"id":282416,"date":"2025-02-24T22:07:14","date_gmt":"2025-02-24T21:07:14","guid":{"rendered":"https:\/\/ountravela.com\/reisephilosophie\/"},"modified":"2026-04-20T19:04:25","modified_gmt":"2026-04-20T17:04:25","slug":"reisephilosophie","status":"publish","type":"page","link":"https:\/\/ountravela.com\/de\/reisephilosophie\/","title":{"rendered":"Philosophie"},"content":{"rendered":"<p>[et_pb_section fb_built=&#8221;1&#8243; admin_label=&#8221;Hero&#8221; _builder_version=&#8221;4.24.0&#8243; use_background_color_gradient=&#8221;on&#8221; background_color_gradient_stops=&#8221;rgba(255,255,255,0.22) 0%|rgba(255,255,255,0.13) 100%&#8221; background_color_gradient_overlays_image=&#8221;on&#8221; background_image=&#8221;https:\/\/ountravela.com\/wp-content\/uploads\/en\/georgia\/articles\/abano-pass-tusheti-road-to-omalo-georgia.jpg&#8221; background_position=&#8221;top_center&#8221; custom_padding=&#8221;110px|||&#8221; global_colors_info=&#8221;{}&#8221;][et_pb_row _builder_version=&#8221;4.24.0&#8243; _module_preset=&#8221;2d95c5c8-d1df-447f-a86b-34caf3964538&#8243; custom_padding=&#8221;56px||107px||false|false&#8221; global_colors_info=&#8221;{}&#8221;][et_pb_column type=&#8221;4_4&#8243; _builder_version=&#8221;4.16&#8243; global_colors_info=&#8221;{}&#8221;][et_pb_text _builder_version=&#8221;4.24.0&#8243; _module_preset=&#8221;45d90a7d-78b9-4f54-bfb2-fc9c5a09678e&#8221; global_colors_info=&#8221;{}&#8221;]<\/p>\n<h1>Die Philosophie des vergessenen Weges<\/h1>\n<p><img loading=\"lazy\" decoding=\"async\" src=\"https:\/\/ountravela.com\/wp-content\/uploads\/logo\/mug-logo-face_plan-de-travail-1-copie-10-1.png\" width=\"226\" height=\"267\" alt=\"\" class=\"wp-image-35440 alignnone size-full\" style=\"margin-left: auto;margin-right: auto\" title=\"\"><\/p>\n<p>[\/et_pb_text][\/et_pb_column][\/et_pb_row][\/et_pb_section][et_pb_section fb_built=&#8221;1&#8243; _builder_version=&#8221;4.16&#8243; global_colors_info=&#8221;{}&#8221;][et_pb_row _builder_version=&#8221;4.16&#8243; custom_padding=&#8221;42px|0px|13px|0px|false|false&#8221; global_colors_info=&#8221;{}&#8221;][et_pb_column type=&#8221;4_4&#8243; _builder_version=&#8221;4.16&#8243; custom_padding=&#8221;|||&#8221; global_colors_info=&#8221;{}&#8221; custom_padding__hover=&#8221;|||&#8221;][et_pb_text _builder_version=&#8221;4.24.0&#8243; global_colors_info=&#8221;{}&#8221;]<\/p>\n<h2>Unsere Reisephilosophie<\/h2>\n<p> <em>Am Anfang folgt man der &#8220;markierten&#8221; Route.<\/em> Sie f\u00fchrt uns zu den<strong>&#8220;Favoriten <\/strong><b>&#8220;<\/b> laut Le Routard oder<strong>&#8220;Must see&#8221;<\/strong> laut LonelyPlanet, um nur einige zu nennen. Diese Route wird von den meisten Reisenden benutzt, die die sch\u00f6nsten Orte schnell entdecken wollen.<\/p>\n<p><em>Dann erkennen Sie auf dieser Stra\u00dfe einen Weg, der gut aussieht.<\/em>  Wir hatten geplant, diesen Weg zu gehen, da er in einem Forum beschrieben wurde. Wir sind jetzt fast allein, es ist ein sch\u00f6ner Spaziergang abseits <strong>der ausgetretenen<\/strong> Pfade, um den Touristenrummel zu vermeiden und etwas vom Land zu sehen.<\/p>\n<p><em>Aber schlie\u00dflich sto\u00dfen wir auf diesem Weg auf einen kleinen Pfad, der in eine v\u00f6llig unbekannte Region f\u00fchrt.  <\/em>Unsere gesamte Philosophie basiert auf diesem kleinen Pfad! Hier ist alles anders: Die Begegnungen werden <strong>authentischer<\/strong>, die Landschaften <strong>wilder<\/strong> und die Erkundung macht die einfachen Dinge noch sch\u00f6ner. Wir werden anfangen, uns zu verlaufen, ohne zu wissen, wo wir in der n\u00e4chsten Nacht schlafen werden. Die Freiheit ist vollkommen&#8230;<\/p>\n<p>&nbsp;<\/p>\n<h3 style=\"text-align: center\">Wir improvisieren je nach den Begegnungen, dem Wetter und der Landschaft!<\/h3>\n<p>[\/et_pb_text][\/et_pb_column][\/et_pb_row][et_pb_row column_structure=&#8221;1_2,1_2&#8243; _builder_version=&#8221;4.16&#8243; animation_style=&#8221;fade&#8221; animation_delay=&#8221;50ms&#8221; global_colors_info=&#8221;{}&#8221;][et_pb_column type=&#8221;1_2&#8243; _builder_version=&#8221;4.16&#8243; custom_padding=&#8221;|||&#8221; global_colors_info=&#8221;{}&#8221; custom_padding__hover=&#8221;|||&#8221;][et_pb_image src=&#8221;https:\/\/ountravela.com\/wp-content\/uploads\/2019\/07\/rencontre-nomade-improbable-kirghizistan-ountravela-scaled.jpg&#8221; alt=&#8221;Biwak Lagerfeuer in Kirgisistan Team OunTravela&#8221; align_tablet=&#8221;center&#8221; align_phone=&#8221;&#8221; align_last_edited=&#8221;on|desktop&#8221; _builder_version=&#8221;4.27.6&#8243; animation_style=&#8221;fade&#8221; animation_delay=&#8221;50ms&#8221; animation_starting_opacity=&#8221;5%&#8221; hover_enabled=&#8221;0&#8243; box_shadow_style=&#8221;preset2&#8243; global_colors_info=&#8221;{}&#8221; title_text=&#8221;Unwahrscheinliches Nomadentreffen Kirgisistan ountravela&#8221; sticky_enabled=&#8221;0&#8243;]<\/p>\n<p>[\/et_pb_image][\/et_pb_column][et_pb_column type=&#8221;1_2&#8243; _builder_version=&#8221;4.16&#8243; custom_padding=&#8221;|||&#8221; global_colors_info=&#8221;{}&#8221; custom_padding__hover=&#8221;|||&#8221;][et_pb_image src=&#8221;https:\/\/ountravela.com\/wp-content\/uploads\/2018\/08\/rencontre-nomade-kirghizistan.jpg&#8221; alt=&#8221;Sophie Polydor trifft eine Nomadenfrau in Kirgisistan&#8221; align_tablet=&#8221;center&#8221; align_phone=&#8221;&#8221; align_last_edited=&#8221;on|desktop&#8221; _builder_version=&#8221;4.16&#8243; animation_style=&#8221;fade&#8221; animation_delay=&#8221;50ms&#8221; animation_starting_opacity=&#8221;5%&#8221; box_shadow_style=&#8221;preset2&#8243; global_colors_info=&#8221;{}&#8221;]<\/p>\n<p>[\/et_pb_image][\/et_pb_column][\/et_pb_row][et_pb_row _builder_version=&#8221;4.16&#8243; global_colors_info=&#8221;{}&#8221;][et_pb_column type=&#8221;4_4&#8243; _builder_version=&#8221;4.16&#8243; custom_padding=&#8221;|||&#8221; global_colors_info=&#8221;{}&#8221; custom_padding__hover=&#8221;|||&#8221;][et_pb_text _builder_version=&#8221;4.16&#8243; global_colors_info=&#8221;{}&#8221;]<\/p>\n<p>Aber wenn OunTravela uns die kleinen Wege gibt und jeder die gleichen Wege geht, verlieren wir dann das Ziel? Wir geben Ihnen die Werkzeuge, um Ihre Erkundung vorzubereiten, und wir m\u00f6chten, dass Sie sich inspirieren lassen und nicht einfach einen ausgearbeiteten Weg vorfinden. Vor Ort finden Sie alle Zutaten, um von Tag zu Tag zu improvisieren. Die Reiseziele, die wir Ihnen anbieten, sind immer <strong>wenig touristisch<\/strong> und <strong>unber\u00fchrt<\/strong>. Hier finden Sie Tausende von kleinen Wanderwegen!<\/p>\n<p>[\/et_pb_text][et_pb_text _builder_version=&#8221;4.16&#8243; global_colors_info=&#8221;{}&#8221;]<\/p>\n<h2>Unsere Abenteuerf\u00fchrer<\/h2>\n<p>&nbsp;<\/p>\n<p>Unsere B\u00fccher sind eine Mischung aus <strong>Roadbook und Reisef\u00fchrer<\/strong>. Sie enthalten <strong>Fotografien<\/strong> und <strong>detaillierte Karten<\/strong> der sch\u00f6nsten Strecken eines Landes oder einer Region. Dieses originelle Format erm\u00f6glicht es Ihnen, <strong>Ihre Reiseroute selbst zusammenzustellen<\/strong>.. Sie kennen das Gel\u00e4nde perfekt und k\u00f6nnen Ihre Route nach Lust und Laune improvisieren, und das in v\u00f6lliger Unabh\u00e4ngigkeit. Die Wege, die wir Ihnen in diesen B\u00fcchern vorschlagen, f\u00fchren durch verschiedene Landschaften: T\u00e4ler, Fl\u00fcsse, Seen, Berge, Steppen, W\u00fcsten&#8230;. Diese Art von Roadtrip soll der Natur und den Menschen nahe sein. Sie k\u00f6nnen in der Wildnis oder bei Einheimischen \u00fcbernachten. Dar\u00fcber hinaus enthalten unsere B\u00fccher alle praktischen Informationen, die f\u00fcr den reibungslosen Ablauf einer selbst\u00e4ndigen Reise notwendig sind (Ausr\u00fcstung, Gesundheit, Mechanik&#8230;). Ein Teil ist der Umwelt und der Kultur des Landes gewidmet, die bei dieser Art von Reise unbedingt respektiert werden m\u00fcssen.<\/p>\n<p>Finden Sie &#8220;Die Philosophie des kleinen Pfades&#8221; in unseren Reisef\u00fchrern der Kollektion &#8220;EXPLORE&#8221;!<\/p>\n<p>[\/et_pb_text][\/et_pb_column][\/et_pb_row][et_pb_row column_structure=&#8221;1_3,1_3,1_3&#8243; _builder_version=&#8221;4.16&#8243; global_colors_info=&#8221;{}&#8221;][et_pb_column type=&#8221;1_3&#8243; _builder_version=&#8221;4.16&#8243; custom_padding=&#8221;|||&#8221; global_colors_info=&#8221;{}&#8221; custom_padding__hover=&#8221;|||&#8221;][et_pb_image src=&#8221;https:\/\/ountravela.com\/wp-content\/uploads\/travel-guidebook-explore-ladakh-ENG-700x500px.jpg&#8221; alt=&#8221;Reisef\u00fchrer Ladakh Indien Himalaya Motorrad-Roadbook&#8221; title_text=&#8221;guide-de-voyage-explore-ladakh-FR-1000x700px&#8221; url=&#8221;https:\/\/ountravela.com\/de\/shop\/reisefuhrer-tourenbuch\/buch-explore-ladakh-india-4&#215;4-van-motorrad-fahrrad\/&#8221; _builder_version=&#8221;4.24.2&#8243; animation_style=&#8221;fade&#8221; animation_delay=&#8221;50ms&#8221; global_colors_info=&#8221;{}&#8221; transform_styles__hover_enabled=&#8221;on|hover&#8221; transform_scale__hover_enabled=&#8221;on|hover&#8221; transform_translate__hover_enabled=&#8221;on|desktop&#8221; transform_rotate__hover_enabled=&#8221;on|desktop&#8221; transform_skew__hover_enabled=&#8221;on|desktop&#8221; transform_origin__hover_enabled=&#8221;on|desktop&#8221; transform_scale__hover=&#8221;102%|102%&#8221;][\/et_pb_image][\/et_pb_column][et_pb_column type=&#8221;1_3&#8243; _builder_version=&#8221;4.16&#8243; custom_padding=&#8221;|||&#8221; global_colors_info=&#8221;{}&#8221; custom_padding__hover=&#8221;|||&#8221;][et_pb_image src=&#8221;https:\/\/ountravela.com\/wp-content\/uploads\/travel-guidebook-explore-Kyrgyzstan-ENG-700x500px-1.jpg&#8221; alt=&#8221;reisef\u00fchrer kirgisistan zentralasien roadbook seidenstra\u00dfe&#8221; title_text=&#8221;Reisef\u00fchrer-explore-Kirgisistan-DE-1000x700px&#8221; url=&#8221;https:\/\/ountravela.com\/de\/shop\/reisefuhrer-tourenbuch\/buch-explore-kirgisistan-zentralasien-4&#215;4-van-motorrad-fahrrad\/&#8221; _builder_version=&#8221;4.24.0&#8243; animation_style=&#8221;fade&#8221; animation_delay=&#8221;50ms&#8221; global_colors_info=&#8221;{}&#8221; transform_styles__hover_enabled=&#8221;on|hover&#8221; transform_scale__hover_enabled=&#8221;on|hover&#8221; transform_translate__hover_enabled=&#8221;on|desktop&#8221; transform_rotate__hover_enabled=&#8221;on|desktop&#8221; transform_skew__hover_enabled=&#8221;on|desktop&#8221; transform_origin__hover_enabled=&#8221;on|desktop&#8221; transform_scale__hover=&#8221;102%|102%&#8221;][\/et_pb_image][\/et_pb_column][et_pb_column type=&#8221;1_3&#8243; _builder_version=&#8221;4.16&#8243; custom_padding=&#8221;|||&#8221; global_colors_info=&#8221;{}&#8221; custom_padding__hover=&#8221;|||&#8221;][et_pb_image src=&#8221;https:\/\/ountravela.com\/wp-content\/uploads\/travel-guidebook-explore-georgia-ENG-700x500px.jpg&#8221; alt=&#8221;reisef\u00fchrer georgien kaukasus roadbook&#8221; title_text=&#8221;travel-guidebook-explore-georgien-DE-1000x700px&#8221; url=&#8221;https:\/\/ountravela.com\/de\/shop\/reisefuhrer-tourenbuch\/buch-explore-kirgisistan-zentralasien-4&#215;4-van-motorrad-fahrrad\/&#8221; _builder_version=&#8221;4.24.0&#8243; animation_style=&#8221;fade&#8221; animation_delay=&#8221;50ms&#8221; global_colors_info=&#8221;{}&#8221; transform_styles__hover_enabled=&#8221;on|hover&#8221; transform_scale__hover_enabled=&#8221;on|hover&#8221; transform_translate__hover_enabled=&#8221;on|desktop&#8221; transform_rotate__hover_enabled=&#8221;on|desktop&#8221; transform_skew__hover_enabled=&#8221;on|desktop&#8221; transform_origin__hover_enabled=&#8221;on|desktop&#8221; transform_scale__hover=&#8221;102%|102%&#8221;][\/et_pb_image][\/et_pb_column][\/et_pb_row][\/et_pb_section][et_pb_section fb_built=&#8221;1&#8243; fullwidth=&#8221;on&#8221; _builder_version=&#8221;4.16&#8243; _module_preset=&#8221;default&#8221; global_colors_info=&#8221;{}&#8221;][et_pb_fullwidth_code disabled_on=&#8221;off|off|off&#8221; _builder_version=&#8221;4.14.9&#8243; background_color=&#8221;#ffffff&#8221; global_module=&#8221;26662&#8243; saved_tabs=&#8221;all&#8221; global_colors_info=&#8221;{}&#8221;][instagram-feed feed=&#8221;2&#8243;][\/et_pb_fullwidth_code][\/et_pb_section][et_pb_section fb_built=&#8221;1&#8243; disabled_on=&#8221;off|off|off&#8221; module_class=&#8221;pac-dtocm-exclude&#8221; _builder_version=&#8221;4.27.4&#8243; background_color=&#8221;#242424&#8243; custom_padding=&#8221;||||false|false&#8221; global_module=&#8221;5182&#8243; saved_tabs=&#8221;all&#8221; global_colors_info=&#8221;{}&#8221;][et_pb_row column_structure=&#8221;1_4,3_4&#8243; _builder_version=&#8221;4.24.2&#8243; _module_preset=&#8221;default&#8221; custom_padding=&#8221;0px||10px||false|false&#8221; custom_padding_phone=&#8221;0px||||false|false&#8221; global_colors_info=&#8221;{}&#8221;][et_pb_column type=&#8221;1_4&#8243; _builder_version=&#8221;4.24.2&#8243; _module_preset=&#8221;default&#8221; global_colors_info=&#8221;{}&#8221;][et_pb_image src=&#8221;https:\/\/ountravela.com\/wp-content\/uploads\/logo\/exploring-blanc_plan-de-travail-1-copie-11.png&#8221; title_text=&#8221;exploring-wei\u00df&#8221; align=&#8221;center&#8221; _builder_version=&#8221;4.24.2&#8243; _module_preset=&#8221;default&#8221; max_width=&#8221;175px&#8221; module_alignment=&#8221;center&#8221; custom_margin=&#8221;||||false|false&#8221; custom_padding=&#8221;||||false|false&#8221; global_colors_info=&#8221;{}&#8221;][\/et_pb_image][\/et_pb_column][et_pb_column type=&#8221;3_4&#8243; _builder_version=&#8221;4.24.2&#8243; _module_preset=&#8221;default&#8221; global_colors_info=&#8221;{}&#8221;][et_pb_code _builder_version=&#8221;4.25.1&#8243; _module_preset=&#8221;default&#8221; text_orientation=&#8221;left&#8221; min_height=&#8221;179px&#8221; custom_margin=&#8221;|||-30px|false|false&#8221; custom_margin_tablet=&#8221;&#8221; custom_margin_phone=&#8221;|||0px|false|false&#8221; custom_margin_last_edited=&#8221;on|phone&#8221; custom_padding=&#8221;||||false|false&#8221; global_colors_info=&#8221;{}&#8221;]<div class=\"cr-trustbadgef\"><div class=\"cr-badge badge_size_small badge_color_dark\" style=\"background-color:#242424;\">\n\n\t<div class=\"badge__store\">OunTravela<\/div>\n\n\t<div class=\"badge__nowrap\">\n\t\t<div class=\"badge__stars\">\n\t\t\t\t\t\t\t<div class=\"badge__star\">\n\t\t\t\t\t<div class=\"badge__star-icon badge__star-icon_type_empty\"><\/div>\n\t\t\t\t\t<div class=\"badge__star-icon badge__star-icon_type_fill\" style=\"width: 100%\"><\/div>\n\t\t\t\t<\/div>\n\t\t\t\t\t\t\t<div class=\"badge__star\">\n\t\t\t\t\t<div class=\"badge__star-icon badge__star-icon_type_empty\"><\/div>\n\t\t\t\t\t<div class=\"badge__star-icon badge__star-icon_type_fill\" style=\"width: 100%\"><\/div>\n\t\t\t\t<\/div>\n\t\t\t\t\t\t\t<div class=\"badge__star\">\n\t\t\t\t\t<div class=\"badge__star-icon badge__star-icon_type_empty\"><\/div>\n\t\t\t\t\t<div class=\"badge__star-icon badge__star-icon_type_fill\" style=\"width: 100%\"><\/div>\n\t\t\t\t<\/div>\n\t\t\t\t\t\t\t<div class=\"badge__star\">\n\t\t\t\t\t<div class=\"badge__star-icon badge__star-icon_type_empty\"><\/div>\n\t\t\t\t\t<div class=\"badge__star-icon badge__star-icon_type_fill\" style=\"width: 100%\"><\/div>\n\t\t\t\t<\/div>\n\t\t\t\t\t\t\t<div class=\"badge__star\">\n\t\t\t\t\t<div class=\"badge__star-icon badge__star-icon_type_empty\"><\/div>\n\t\t\t\t\t<div class=\"badge__star-icon badge__star-icon_type_fill\" style=\"width: 77%\"><\/div>\n\t\t\t\t<\/div>\n\t\t\t\t\t<\/div>\n\n\t\t<div class=\"badge__verified verified\">\n\t\t\t<div class=\"verified__logo\"><\/div>\n\t\t\t<div class=\"verified__text\">Unabh\u00e4ngig gepr\u00fcft<\/div>\n\t\t<\/div>\n\t<\/div>\n\n\t<div class=\"badge__rating rating\">\n\t\t\t\t\t<span class=\"rating__store\">4.77 Bewertung<\/span> <span class=\"rating__reviews\">(605 Bewertungen)<\/span>\n\t\t\t<\/div>\n\n\t\t\t<a href=\"https:\/\/www.cusrev.com\/de\/reviews\/ountravela.com\" rel=\"nofollow noopener noreferrer\" target=\"_blank\" aria-label=\"OunTravela\">\n\t\t\t<span class=\"badge__link\"><\/span>\n\t\t<\/a>\n\t\n<\/div>\n<\/div>[\/et_pb_code][et_pb_social_media_follow icon_color=&#8221;#FFFFFF&#8221; use_icon_font_size=&#8221;on&#8221; icon_font_size=&#8221;20px&#8221; _builder_version=&#8221;4.24.2&#8243; text_orientation=&#8221;left&#8221; custom_margin=&#8221;-40px||||false|false&#8221; text_orientation_tablet=&#8221;&#8221; text_orientation_phone=&#8221;center&#8221; text_orientation_last_edited=&#8221;on|phone&#8221; global_colors_info=&#8221;{}&#8221; icon_color__hover_enabled=&#8221;on|hover&#8221; icon_color__hover=&#8221;#BE9251&#8243;][et_pb_social_media_follow_network social_network=&#8221;facebook&#8221; url=&#8221;https:\/\/www.facebook.com\/OunTravela\/&#8221; _builder_version=&#8221;4.16&#8243; global_colors_info=&#8221;{}&#8221; follow_button=&#8221;off&#8221; url_new_window=&#8221;on&#8221;]facebook[\/et_pb_social_media_follow_network][et_pb_social_media_follow_network social_network=&#8221;instagram&#8221; url=&#8221;https:\/\/www.instagram.com\/ountravela\/&#8221; _builder_version=&#8221;4.16&#8243; global_colors_info=&#8221;{}&#8221; follow_button=&#8221;off&#8221; url_new_window=&#8221;on&#8221;]instagram[\/et_pb_social_media_follow_network][et_pb_social_media_follow_network social_network=&#8221;youtube&#8221; url=&#8221;https:\/\/www.youtube.com\/channel\/UCBSYyueUEk2d7DP8HlQio8A&#8221; _builder_version=&#8221;4.16&#8243; global_colors_info=&#8221;{}&#8221; follow_button=&#8221;off&#8221; url_new_window=&#8221;on&#8221;]youtube[\/et_pb_social_media_follow_network][et_pb_social_media_follow_network social_network=&#8221;vimeo&#8221; url=&#8221;https:\/\/vimeo.com\/ountravela&#8221; _builder_version=&#8221;4.16&#8243; global_colors_info=&#8221;{}&#8221; follow_button=&#8221;off&#8221; url_new_window=&#8221;on&#8221;]vimeo[\/et_pb_social_media_follow_network][\/et_pb_social_media_follow][\/et_pb_column][\/et_pb_row][et_pb_row _builder_version=&#8221;4.24.2&#8243; _module_preset=&#8221;default&#8221; custom_padding=&#8221;0px||||false|false&#8221; global_colors_info=&#8221;{}&#8221;][et_pb_column type=&#8221;4_4&#8243; _builder_version=&#8221;4.24.2&#8243; _module_preset=&#8221;default&#8221; global_colors_info=&#8221;{}&#8221;][et_pb_divider color=&#8221;#FFFFFF&#8221; _builder_version=&#8221;4.24.2&#8243; _module_preset=&#8221;default&#8221; global_colors_info=&#8221;{}&#8221;][\/et_pb_divider][\/et_pb_column][\/et_pb_row][et_pb_row column_structure=&#8221;1_4,1_4,1_4,1_4&#8243; _builder_version=&#8221;4.24.2&#8243; custom_padding=&#8221;0px||||false|false&#8221; global_colors_info=&#8221;{}&#8221;][et_pb_column type=&#8221;1_4&#8243; _builder_version=&#8221;4.16&#8243; custom_padding=&#8221;|||&#8221; global_colors_info=&#8221;{}&#8221; custom_padding__hover=&#8221;|||&#8221;][et_pb_text _builder_version=&#8221;4.24.2&#8243; text_font=&#8221;Poppins|600|||||||&#8221; text_text_color=&#8221;#ffffff&#8221; text_font_size=&#8221;22px&#8221; width=&#8221;90%&#8221; module_alignment=&#8221;center&#8221; global_colors_info=&#8221;{}&#8221;]<\/p>\n<p>Unsere B\u00fccher<\/p>\n<p>[\/et_pb_text][et_pb_text _builder_version=&#8221;4.24.3&#8243; width=&#8221;90%&#8221; module_alignment=&#8221;center&#8221; global_colors_info=&#8221;{}&#8221;]<\/p>\n<p><a class=\"Test12\" href=\"https:\/\/ountravela.com\/de\/shop\/reisefuhrer-tourenbuch\/buch-explore-ladakh-india-4x4-van-motorrad-fahrrad\/\">Explore Ladakh<\/a><br \/><a class=\"Test12\" href=\"https:\/\/ountravela.com\/de\/shop\/reisefuhrer-tourenbuch\/buch-explore-kirgisistan-zentralasien-4x4-van-motorrad-fahrrad\/\">Explore Kirgisistan<\/a><br \/><a class=\"Test12\" href=\"https:\/\/ountravela.com\/de\/shop\/reisefuhrer-tourenbuch\/buch-explore-georgien-4x4-van-motorrad-fahrrad\/\">Erkunden Sie Georgien<\/a><\/p>\n<p>[\/et_pb_text][\/et_pb_column][et_pb_column type=&#8221;1_4&#8243; _builder_version=&#8221;4.16&#8243; custom_padding=&#8221;|||&#8221; global_colors_info=&#8221;{}&#8221; custom_padding__hover=&#8221;|||&#8221;][et_pb_text _builder_version=&#8221;4.24.2&#8243; text_font=&#8221;Poppins|600|||||||&#8221; text_text_color=&#8221;#ffffff&#8221; text_font_size=&#8221;22px&#8221; width=&#8221;90%&#8221; module_alignment=&#8221;center&#8221; global_colors_info=&#8221;{}&#8221;]<\/p>\n<p>\u00dcber uns<\/p>\n<p>[\/et_pb_text][et_pb_text _builder_version=&#8221;4.24.2&#8243; width=&#8221;90%&#8221; module_alignment=&#8221;center&#8221; global_colors_info=&#8221;{}&#8221;]<\/p>\n<p><a class=\"Test12\" href=\"https:\/\/ountravela.com\/de\/uber-uns\/\">Wer sind wir?<\/a><br \/><a class=\"Test12\" href=\"https:\/\/ountravela.com\/de\/reisephilosophie\/\">Unsere Werte<\/a><br \/><a class=\"Test12\" href=\"https:\/\/ountravela.com\/de\/partner\/\">Arbeiten Sie mit uns<\/a><br \/><a class=\"Test12\" href=\"https:\/\/ountravela.com\/de\/affiliate-programm\/\">Affiliate werden<\/a><br \/><a class=\"Test12\" href=\"https:\/\/ountravela.com\/de\/kontakt\/\">Kontakt<\/a><\/p>\n<p>[\/et_pb_text][\/et_pb_column][et_pb_column type=&#8221;1_4&#8243; _builder_version=&#8221;4.24.2&#8243; _module_preset=&#8221;default&#8221; global_colors_info=&#8221;{}&#8221;][et_pb_text _builder_version=&#8221;4.24.2&#8243; text_font=&#8221;Poppins|600|||||||&#8221; text_text_color=&#8221;#ffffff&#8221; text_font_size=&#8221;22px&#8221; width=&#8221;90%&#8221; module_alignment=&#8221;center&#8221; global_colors_info=&#8221;{}&#8221;]<\/p>\n<p>Zu entdecken<\/p>\n<p>[\/et_pb_text][et_pb_text _builder_version=&#8221;4.24.2&#8243; width=&#8221;90%&#8221; module_alignment=&#8221;center&#8221; global_colors_info=&#8221;{}&#8221;]<\/p>\n<p><a class=\"Test12\" href=\"https:\/\/ountravela.com\/de\/off-road-reisen\/\">Blog<\/a><br \/><a class=\"Test12\" href=\"https:\/\/ountravela.com\/de\/roadtrip-reise-tipps\/\">Praktische Merkbl\u00e4tter<\/a><br \/><a class=\"Test12\" href=\"https:\/\/ountravela.com\/de\/vermietung-aktivitaeten\/\">Vermietung von Fahrzeugen<\/a><br \/><a class=\"Test12\" href=\"https:\/\/ountravela.com\/de\/vermietung-aktivitaeten\/\">Finden Sie einen lokalen Reisef\u00fchrer<\/a><\/p>\n<p>[\/et_pb_text][\/et_pb_column][et_pb_column type=&#8221;1_4&#8243; _builder_version=&#8221;4.24.2&#8243; _module_preset=&#8221;default&#8221; global_colors_info=&#8221;{}&#8221;][et_pb_signup provider=&#8221;fluentcrm&#8221; fluentcrm_list=&#8221;Fluent|list_17&#8243; last_name_field=&#8221;off&#8221; title=&#8221;Newsletter&#8221; button_text=&#8221;Best\u00e4tigen Sie&#8221; module_class=&#8221;pac-dtocm-exclude&#8221; _builder_version=&#8221;4.24.2&#8243; _module_preset=&#8221;default&#8221; header_level=&#8221;h4&#8243; header_font=&#8221;|600|||||||&#8221; header_font_size=&#8221;23px&#8221; background_color=&#8221;RGBA(255,255,255,0)&#8221; custom_padding=&#8221;0px|||||&#8221; border_radii=&#8221;on|7px|7px|7px|7px&#8221; global_colors_info=&#8221;{}&#8221; title__hover_enabled=&#8221;off|desktop&#8221;][\/et_pb_signup][\/et_pb_column][\/et_pb_row][\/et_pb_section]<\/p>\n","protected":false},"excerpt":{"rendered":"<p>Die Philosophie des vergessenen Weges Unsere Reisephilosophie Am Anfang folgt man der &#8220;markierten&#8221; Route. Sie f\u00fchrt uns zu den&#8221;Favoriten &#8221; laut Le Routard oder&#8221;Must see&#8221; laut LonelyPlanet, um nur einige zu nennen. Diese Route wird von den meisten Reisenden benutzt, die die sch\u00f6nsten Orte schnell entdecken wollen. Dann erkennen Sie auf dieser Stra\u00dfe einen Weg, der gut aussieht. Wir hatten geplant, diesen Weg zu gehen, da er in einem Forum beschrieben wurde. Wir sind jetzt fast allein, es ist ein sch\u00f6ner Spaziergang abseits der ausgetretenen Pfade, um den Touristenrummel zu vermeiden und etwas vom Land zu sehen. Aber schlie\u00dflich sto\u00dfen wir auf diesem Weg auf einen kleinen Pfad, der in eine v\u00f6llig unbekannte Region f\u00fchrt. Unsere gesamte Philosophie basiert auf diesem kleinen Pfad! Hier ist alles anders: Die Begegnungen werden authentischer, die Landschaften wilder und die Erkundung macht die einfachen Dinge noch sch\u00f6ner. Wir werden anfangen, uns zu verlaufen, ohne zu wissen, wo wir in der n\u00e4chsten Nacht schlafen werden. Die Freiheit ist vollkommen&#8230; &nbsp; Wir improvisieren je nach den Begegnungen, dem Wetter und der Landschaft! Aber wenn OunTravela uns die kleinen Wege gibt und jeder die gleichen Wege geht, verlieren wir dann das Ziel? Wir geben Ihnen die Werkzeuge, [&hellip;]<\/p>\n","protected":false},"author":1,"featured_media":282417,"parent":0,"menu_order":0,"comment_status":"closed","ping_status":"closed","template":"","meta":{"_et_pb_use_builder":"on","_et_pb_old_content":"","_et_gb_content_width":"","_glsr_average":0,"_glsr_ranking":0,"_glsr_reviews":0,"footnotes":""},"class_list":["post-282416","page","type-page","status-publish","has-post-thumbnail","hentry"],"_links":{"self":[{"href":"https:\/\/ountravela.com\/de\/wp-json\/wp\/v2\/pages\/282416","targetHints":{"allow":["GET"]}}],"collection":[{"href":"https:\/\/ountravela.com\/de\/wp-json\/wp\/v2\/pages"}],"about":[{"href":"https:\/\/ountravela.com\/de\/wp-json\/wp\/v2\/types\/page"}],"author":[{"embeddable":true,"href":"https:\/\/ountravela.com\/de\/wp-json\/wp\/v2\/users\/1"}],"replies":[{"embeddable":true,"href":"https:\/\/ountravela.com\/de\/wp-json\/wp\/v2\/comments?post=282416"}],"version-history":[{"count":6,"href":"https:\/\/ountravela.com\/de\/wp-json\/wp\/v2\/pages\/282416\/revisions"}],"predecessor-version":[{"id":301600,"href":"https:\/\/ountravela.com\/de\/wp-json\/wp\/v2\/pages\/282416\/revisions\/301600"}],"wp:featuredmedia":[{"embeddable":true,"href":"https:\/\/ountravela.com\/de\/wp-json\/wp\/v2\/media\/282417"}],"wp:attachment":[{"href":"https:\/\/ountravela.com\/de\/wp-json\/wp\/v2\/media?parent=282416"}],"curies":[{"name":"wp","href":"https:\/\/api.w.org\/{rel}","templated":true}]}}