{"id":282412,"date":"2025-02-24T22:02:41","date_gmt":"2025-02-24T21:02:41","guid":{"rendered":"https:\/\/ountravela.com\/uber-uns\/"},"modified":"2026-01-15T22:02:04","modified_gmt":"2026-01-15T21:02:04","slug":"uber-uns","status":"publish","type":"page","link":"https:\/\/ountravela.com\/de\/uber-uns\/","title":{"rendered":"Team"},"content":{"rendered":"<p>[et_pb_section fb_built=&#8221;1&#8243; admin_label=&#8221;Hero&#8221; _builder_version=&#8221;4.24.0&#8243; background_image=&#8221;https:\/\/ountravela.com\/wp-content\/uploads\/fr\/georgie\/dsc01747-1.jpg&#8221; custom_padding=&#8221;110px|||&#8221; global_colors_info=&#8221;{}&#8221;][et_pb_row _builder_version=&#8221;4.24.0&#8243; _module_preset=&#8221;2d95c5c8-d1df-447f-a86b-34caf3964538&#8243; width=&#8221;100%&#8221; custom_padding=&#8221;||100px||false|false&#8221; global_colors_info=&#8221;{}&#8221;][et_pb_column type=&#8221;4_4&#8243; _builder_version=&#8221;4.24.0&#8243; _module_preset=&#8221;default&#8221; pac_dcm_carousel_specific_module_num=&#8221;0&#8243; global_colors_info=&#8221;{}&#8221;][et_pb_text _builder_version=&#8221;4.24.0&#8243; _module_preset=&#8221;45d90a7d-78b9-4f54-bfb2-fc9c5a09678e&#8221; global_colors_info=&#8221;{}&#8221;]<\/p>\n<h1><span style=\"color: #ffffff\">\u00dcber OunTravela<\/span><\/h1>\n<h2><span style=\"color: #ffffff\">Die Philosophie des vergessenen Weges.<\/span><\/h2>\n<p>[\/et_pb_text][et_pb_image src=&#8221;https:\/\/ountravela.com\/wp-content\/uploads\/logo\/exploring-blanc_plan-de-travail-1-copie-11.png&#8221; title_text=&#8221;exploring-wei\u00df&#8221; _builder_version=&#8221;4.24.0&#8243; _module_preset=&#8221;default&#8221; width=&#8221;25%&#8221; width_tablet=&#8221;27%&#8221; width_phone=&#8221;50%&#8221; width_last_edited=&#8221;on|phone&#8221; module_alignment=&#8221;center&#8221; global_colors_info=&#8221;{}&#8221;][\/et_pb_image][\/et_pb_column][\/et_pb_row][\/et_pb_section][et_pb_section fb_built=&#8221;1&#8243; _builder_version=&#8221;4.24.0&#8243; global_colors_info=&#8221;{}&#8221;][et_pb_row _builder_version=&#8221;4.24.0&#8243; _module_preset=&#8221;default&#8221; global_colors_info=&#8221;{}&#8221;][et_pb_column type=&#8221;4_4&#8243; _builder_version=&#8221;4.24.0&#8243; _module_preset=&#8221;default&#8221; pac_dcm_carousel_specific_module_num=&#8221;0&#8243; global_colors_info=&#8221;{}&#8221;][et_pb_text _builder_version=&#8221;4.24.0&#8243; _module_preset=&#8221;default&#8221; global_colors_info=&#8221;{}&#8221;]<\/p>\n<h2>Wir sind Olivia &amp; Victor.<\/h2>\n<h3 style=\"text-align: center\"><strong>Entdecker, Autoren, Fotografen, Verleger und Abenteurer mit Leib und Seele.<\/strong><\/h3>\n<p style=\"text-align: center\">Im Laufe der Jahre hat unsere Leidenschaft f\u00fcr Abenteuer dazu gef\u00fchrt, dass wir originelle Reisef\u00fchrer geschaffen haben, die in mehr als 70 L\u00e4ndern der Welt verkauft werden. Unsere Mission ist es, eine Reisephilosophie zu verbreiten, die auf Abenteuer, Freiheit, Improvisation und Erkundung basiert. Unsere Reisef\u00fchrer inspirieren Reisende, die vergessenen Pfade dieser Welt zu erkunden, um die Wildnis und die Zivilisationen zu treffen.<br \/>Entdecken Sie unsere Reisef\u00fchrer <a href=\"https:\/\/ountravela.com\/de\/shop\/reisefuhrer-tourenbuch\/explore-ladakh-buch\/\">Explore Ladakh<\/a>, <a href=\"https:\/\/ountravela.com\/de\/shop\/reisefuhrer-tourenbuch\/buch-explore-kirgisistan-zentralasien-4x4-van-motorrad-fahrrad\/\">Explore Kirgisistan<\/a> und <a href=\"https:\/\/ountravela.com\/de\/shop\/reisefuhrer-tourenbuch\/buch-explore-georgien-4x4-van-motorrad-fahrrad\/\">Explore Georgia<\/a>.<\/p>\n<p>[\/et_pb_text][\/et_pb_column][\/et_pb_row][et_pb_row column_structure=&#8221;1_3,1_3,1_3&#8243; _builder_version=&#8221;4.24.0&#8243; _module_preset=&#8221;default&#8221; global_colors_info=&#8221;{}&#8221;][et_pb_column type=&#8221;1_3&#8243; _builder_version=&#8221;4.24.0&#8243; _module_preset=&#8221;default&#8221; pac_dcm_carousel_specific_module_num=&#8221;0&#8243; global_colors_info=&#8221;{}&#8221;][et_pb_image src=&#8221;https:\/\/ountravela.com\/wp-content\/uploads\/travel-guidebook-explore-ladakh-ENG-700x500px.jpg&#8221; alt=&#8221;Reisef\u00fchrer Ladakh Indien Himalaya Motorrad-Roadbook&#8221; title_text=&#8221;guide-de-voyage-explore-ladakh-FR-1000x700px&#8221; url=&#8221;https:\/\/ountravela.com\/de\/shop\/reisefuhrer-tourenbuch\/explore-ladakh-buch\/&#8221; _builder_version=&#8221;4.24.2&#8243; _module_preset=&#8221;default&#8221; global_colors_info=&#8221;{}&#8221; transform_styles__hover_enabled=&#8221;on|hover&#8221; transform_scale__hover_enabled=&#8221;on|hover&#8221; transform_translate__hover_enabled=&#8221;on|desktop&#8221; transform_rotate__hover_enabled=&#8221;on|desktop&#8221; transform_skew__hover_enabled=&#8221;on|desktop&#8221; transform_origin__hover_enabled=&#8221;on|desktop&#8221; transform_scale__hover=&#8221;102%|102%&#8221;][\/et_pb_image][\/et_pb_column][et_pb_column type=&#8221;1_3&#8243; _builder_version=&#8221;4.24.0&#8243; _module_preset=&#8221;default&#8221; pac_dcm_carousel_specific_module_num=&#8221;0&#8243; global_colors_info=&#8221;{}&#8221;][et_pb_image src=&#8221;https:\/\/ountravela.com\/wp-content\/uploads\/travel-guidebook-explore-Kyrgyzstan-ENG-700x500px-1.jpg&#8221; alt=&#8221;reisef\u00fchrer kirgisistan zentralasien roadbook seidenstra\u00dfe&#8221; title_text=&#8221;Reisef\u00fchrer-explore-Kirgisistan-DE-1000x700px&#8221; url=&#8221;https:\/\/ountravela.com\/de\/shop\/reisefuhrer-tourenbuch\/buch-explore-kirgisistan-zentralasien-4&#215;4-van-motorrad-fahrrad\/&#8221; _builder_version=&#8221;4.24.0&#8243; _module_preset=&#8221;default&#8221; global_colors_info=&#8221;{}&#8221; transform_styles__hover_enabled=&#8221;on|hover&#8221; transform_scale__hover_enabled=&#8221;on|hover&#8221; transform_translate__hover_enabled=&#8221;on|desktop&#8221; transform_rotate__hover_enabled=&#8221;on|desktop&#8221; transform_skew__hover_enabled=&#8221;on|desktop&#8221; transform_origin__hover_enabled=&#8221;on|desktop&#8221; transform_scale__hover=&#8221;102%|102%&#8221;][\/et_pb_image][\/et_pb_column][et_pb_column type=&#8221;1_3&#8243; _builder_version=&#8221;4.24.0&#8243; _module_preset=&#8221;default&#8221; pac_dcm_carousel_specific_module_num=&#8221;0&#8243; global_colors_info=&#8221;{}&#8221;][et_pb_image src=&#8221;https:\/\/ountravela.com\/wp-content\/uploads\/travel-guidebook-explore-georgia-ENG-700x500px.jpg&#8221; alt=&#8221;reisef\u00fchrer georgien kaukasus roadbook&#8221; title_text=&#8221;travel-guidebook-explore-georgien-DE-1000x700px&#8221; url=&#8221;https:\/\/ountravela.com\/de\/shop\/reisefuhrer-tourenbuch\/buch-explore-georgien-4&#215;4-van-motorrad-fahrrad\/&#8221; _builder_version=&#8221;4.24.0&#8243; _module_preset=&#8221;default&#8221; global_colors_info=&#8221;{}&#8221; transform_styles__hover_enabled=&#8221;on|hover&#8221; transform_scale__hover_enabled=&#8221;on|hover&#8221; transform_translate__hover_enabled=&#8221;on|desktop&#8221; transform_rotate__hover_enabled=&#8221;on|desktop&#8221; transform_skew__hover_enabled=&#8221;on|desktop&#8221; transform_origin__hover_enabled=&#8221;on|desktop&#8221; transform_scale__hover=&#8221;102%|102%&#8221;][\/et_pb_image][\/et_pb_column][\/et_pb_row][\/et_pb_section][et_pb_section fb_built=&#8221;1&#8243; _builder_version=&#8221;4.24.0&#8243; global_colors_info=&#8221;{}&#8221;][et_pb_row column_structure=&#8221;1_2,1_2&#8243; _builder_version=&#8221;4.24.0&#8243; custom_margin=&#8221;||||false|false&#8221; custom_padding=&#8221;30px||30px||false|false&#8221; global_colors_info=&#8221;{}&#8221;][et_pb_column type=&#8221;1_2&#8243; _builder_version=&#8221;4.16&#8243; custom_padding=&#8221;|||&#8221; pac_dcm_carousel_specific_module_num=&#8221;0&#8243; global_colors_info=&#8221;{}&#8221; custom_padding__hover=&#8221;|||&#8221;][et_pb_text admin_label=&#8221;Title&#8221; _builder_version=&#8221;4.24.0&#8243; text_font=&#8221;||||&#8221; text_text_color=&#8221;#1a1a1a&#8221; header_font=&#8221;Oswald|on||on|&#8221; header_text_align=&#8221;left&#8221; header_font_size=&#8221;60px&#8221; header_line_height=&#8221;1.3em&#8221; custom_margin=&#8221;|||&#8221; custom_padding=&#8221;|||&#8221; animation_style=&#8221;slide&#8221; animation_direction=&#8221;top&#8221; animation_intensity_slide=&#8221;10%&#8221; header_2_font_size_tablet=&#8221;30px&#8221; header_2_font_size_phone=&#8221;22px&#8221; header_2_font_size_last_edited=&#8221;on|desktop&#8221; locked=&#8221;off&#8221; global_colors_info=&#8221;{}&#8221;]<\/p>\n<h2 style=\"text-align: left\">Aber das war nicht immer der Fall&#8230;<\/h2>\n<p>[\/et_pb_text][et_pb_divider color=&#8221;#3F2204&#8243; divider_position=&#8221;center&#8221; divider_weight=&#8221;3px&#8221; disabled_on=&#8221;on|on|off%22&#8243; _builder_version=&#8221;4.24.0&#8243; max_width=&#8221;150px&#8221; height=&#8221;false&#8221; custom_margin=&#8221;30px|||&#8221; animation_style=&#8221;slide&#8221; animation_direction=&#8221;top&#8221; animation_delay=&#8221;100ms&#8221; animation_intensity_slide=&#8221;10%&#8221; locked=&#8221;off&#8221; global_colors_info=&#8221;{}&#8221;][\/et_pb_divider][et_pb_text _builder_version=&#8221;4.24.0&#8243; locked=&#8221;off&#8221; global_colors_info=&#8221;{}&#8221;]<\/p>\n<p><span style=\"font-weight: 400\">Vor einigen Jahren f\u00fchrten wir <strong>ein geordnetes, sesshaftes Leben<\/strong> mit einer klaren beruflichen Laufbahn. Victor als Ingenieur und Olivia als Tier\u00e4rztin, stabile Berufe und das Versprechen eines &#8220;sozialen Erfolgs&#8221;.  <\/span><\/p>\n<p><span style=\"font-weight: 400\">Aber schon bald stimmten<strong> unsere W\u00fcnsche nicht mehr mit unserem Alltag<\/strong> \u00fcberein und wir machten uns auf den Weg, um immer weiter und immer l\u00e4nger zu reisen.<\/span><\/p>\n<p><span style=\"font-weight: 400\">Im Jahr 2017, nachdem wir uns ein Jahr lang eine Wohngemeinschaft in einem Haus in S\u00fcdfrankreich geteilt hatten, verliebten wir uns unsterblich ineinander. Unsere beiden Reiseleidenschaften sind eins. Kaum einen Monat, nachdem wir unsere Beziehung offiziell gemacht haben, begeben wir uns auf<strong> eine Reise, die unser Leben ver\u00e4ndern wird<\/strong>. Wir reisen nach Kirgisistan mit einem einzigen Wunsch: unser Leben zu \u00e4ndern, das Unbekannte zu entdecken und unsere Leidenschaft an andere Reisende weiterzugeben. Dies ist der Beginn der Geschichte von Ountravela.<\/span><\/p>\n<p>[\/et_pb_text][\/et_pb_column][et_pb_column type=&#8221;1_2&#8243; _builder_version=&#8221;4.16&#8243; custom_padding=&#8221;|||&#8221; pac_dcm_carousel_specific_module_num=&#8221;0&#8243; global_colors_info=&#8221;{}&#8221; custom_padding__hover=&#8221;|||&#8221;][et_pb_image src=&#8221;https:\/\/ountravela.com\/wp-content\/uploads\/fr\/kirghizistan\/dsc00132-1.jpg&#8221; alt=&#8221;olivia victor ountravela&#8221; title_text=&#8221;dsc00132-1&#8243; force_fullwidth=&#8221;on&#8221; align_tablet=&#8221;center&#8221; align_phone=&#8221;center&#8221; align_last_edited=&#8221;on|desktop&#8221; _builder_version=&#8221;4.24.2&#8243; custom_margin=&#8221;|||&#8221; animation_style=&#8221;slide&#8221; animation_direction=&#8221;%22fade_in%22&#8243; animation_duration=&#8221;500ms&#8221; animation_intensity_slide=&#8221;10%&#8221; animation=&#8221;fade_in&#8221; global_colors_info=&#8221;{}&#8221;][\/et_pb_image][\/et_pb_column][\/et_pb_row][et_pb_row column_structure=&#8221;1_2,1_2&#8243; _builder_version=&#8221;4.24.0&#8243; custom_margin=&#8221;||||false|false&#8221; custom_padding=&#8221;30px||30px||false|false&#8221; global_colors_info=&#8221;{}&#8221;][et_pb_column type=&#8221;1_2&#8243; _builder_version=&#8221;4.16&#8243; custom_padding=&#8221;|||&#8221; pac_dcm_carousel_specific_module_num=&#8221;0&#8243; global_colors_info=&#8221;{}&#8221; custom_padding__hover=&#8221;|||&#8221;][et_pb_image src=&#8221;https:\/\/ountravela.com\/wp-content\/uploads\/fr\/georgie\/livre-explore\/dsc09960-1.jpg&#8221; title_text=&#8221;olivia-victor-ountravela&#8221; force_fullwidth=&#8221;on&#8221; align_tablet=&#8221;center&#8221; align_phone=&#8221;center&#8221; align_last_edited=&#8221;on|desktop&#8221; _builder_version=&#8221;4.24.0&#8243; custom_margin=&#8221;|||&#8221; animation_style=&#8221;slide&#8221; animation_direction=&#8221;%22fade_in%22&#8243; animation_duration=&#8221;500ms&#8221; animation_intensity_slide=&#8221;10%&#8221; animation=&#8221;fade_in&#8221; global_colors_info=&#8221;{}&#8221;][\/et_pb_image][\/et_pb_column][et_pb_column type=&#8221;1_2&#8243; _builder_version=&#8221;4.24.0&#8243; _module_preset=&#8221;default&#8221; pac_dcm_carousel_specific_module_num=&#8221;0&#8243; global_colors_info=&#8221;{}&#8221;][et_pb_text admin_label=&#8221;Title&#8221; _builder_version=&#8221;4.24.0&#8243; text_font=&#8221;||||&#8221; text_text_color=&#8221;#1a1a1a&#8221; header_font=&#8221;Oswald|on||on|&#8221; header_text_align=&#8221;left&#8221; header_font_size=&#8221;60px&#8221; header_line_height=&#8221;1.3em&#8221; custom_margin=&#8221;|||&#8221; custom_padding=&#8221;|||&#8221; animation_style=&#8221;slide&#8221; animation_direction=&#8221;top&#8221; animation_intensity_slide=&#8221;10%&#8221; header_2_font_size_tablet=&#8221;30px&#8221; header_2_font_size_phone=&#8221;22px&#8221; locked=&#8221;off&#8221; global_colors_info=&#8221;{}&#8221;]<\/p>\n<h2 style=\"text-align: left\">Die Gr\u00fcndung von OunTravela<\/h2>\n<p>[\/et_pb_text][et_pb_divider color=&#8221;#3F2204&#8243; divider_position=&#8221;center&#8221; divider_weight=&#8221;3px&#8221; disabled_on=&#8221;on|on|off%22&#8243; _builder_version=&#8221;4.24.0&#8243; max_width=&#8221;150px&#8221; height=&#8221;false&#8221; custom_margin=&#8221;30px|||&#8221; animation_style=&#8221;slide&#8221; animation_direction=&#8221;top&#8221; animation_delay=&#8221;100ms&#8221; animation_intensity_slide=&#8221;10%&#8221; locked=&#8221;off&#8221; global_colors_info=&#8221;{}&#8221;][\/et_pb_divider][et_pb_text _builder_version=&#8221;4.24.0&#8243; locked=&#8221;off&#8221; global_colors_info=&#8221;{}&#8221;]<\/p>\n<p><span style=\"font-weight: 400\">Im Jahr 2019 beschlie\u00dfen wir, unseren Verlag OunTravela zu gr\u00fcnden, um<strong> abenteuerlustige Wanderreisende<\/strong> mit einem unterhaltsamen und informativen Reisef\u00fchrer<strong> zusammenzubringen<\/strong>.  <\/span><\/p>\n<p><span style=\"font-weight: 400\">Von den F\u00fchrern, die es dann gibt, finden wir nicht den, der unseren Bed\u00fcrfnissen entspricht. Wo sind die Karten? die Daten des Grundst\u00fccks? sch\u00f6ne Fotografien? Was ist hinter diesen Bergen, T\u00e4lern und unbekannten Regionen? Wie kann man Reisenden die M\u00f6glichkeit geben, Abenteuer abseits der ausgetretenen Pfade zu erleben und gleichzeitig Kenntnisse \u00fcber das Land, die Landschaft und die Kultur zu haben, ohne ihnen eine Liste von Hotels, Restaurants und Sehensw\u00fcrdigkeiten zu schicken?  <\/span><\/p>\n<p><span style=\"font-weight: 400\">Die Idee keimte schnell in unseren K\u00f6pfen und wir begannen dieses verr\u00fcckte Projekt <strong>als Autodidakten und Selfpublisher <\/strong>.  <\/span><\/p>\n<p>[\/et_pb_text][\/et_pb_column][\/et_pb_row][et_pb_row column_structure=&#8221;1_2,1_2&#8243; _builder_version=&#8221;4.24.0&#8243; custom_margin=&#8221;||||false|false&#8221; custom_padding=&#8221;30px||30px||false|false&#8221; global_colors_info=&#8221;{}&#8221;][et_pb_column type=&#8221;1_2&#8243; _builder_version=&#8221;4.16&#8243; custom_padding=&#8221;|||&#8221; pac_dcm_carousel_specific_module_num=&#8221;0&#8243; global_colors_info=&#8221;{}&#8221; custom_padding__hover=&#8221;|||&#8221;][et_pb_text admin_label=&#8221;Title&#8221; _builder_version=&#8221;4.24.0&#8243; text_font=&#8221;||||&#8221; text_text_color=&#8221;#1a1a1a&#8221; header_font=&#8221;|700||on|||||&#8221; header_text_align=&#8221;left&#8221; header_font_size=&#8221;60px&#8221; header_line_height=&#8221;1.3em&#8221; custom_margin=&#8221;|||&#8221; custom_padding=&#8221;|||&#8221; animation_style=&#8221;slide&#8221; animation_direction=&#8221;top&#8221; animation_intensity_slide=&#8221;10%&#8221; header_2_font_size_tablet=&#8221;30px&#8221; header_2_font_size_phone=&#8221;22px&#8221; locked=&#8221;off&#8221; global_colors_info=&#8221;{}&#8221;]<\/p>\n<h2 style=\"text-align: left\">Warum Self-Publishing?<\/h2>\n<p>[\/et_pb_text][et_pb_divider color=&#8221;#3F2204&#8243; divider_position=&#8221;center&#8221; divider_weight=&#8221;3px&#8221; disabled_on=&#8221;on|on|off%22&#8243; _builder_version=&#8221;4.24.0&#8243; max_width=&#8221;150px&#8221; height=&#8221;false&#8221; custom_margin=&#8221;30px|||&#8221; animation_style=&#8221;slide&#8221; animation_direction=&#8221;top&#8221; animation_delay=&#8221;100ms&#8221; animation_intensity_slide=&#8221;10%&#8221; locked=&#8221;off&#8221; global_colors_info=&#8221;{}&#8221;][\/et_pb_divider][et_pb_text _builder_version=&#8221;4.24.0&#8243; locked=&#8221;off&#8221; global_colors_info=&#8221;{}&#8221; custom_padding=&#8221;||6px|||&#8221;]<\/p>\n<p><span style=\"font-weight: 400\">Wir sind gleichzeitig Entdecker, Fotografen, Kartografen, Autoren und Herausgeber unserer Reisef\u00fchrer&#8230; all diese Aufgaben verlangen uns <strong>eine<\/strong> Menge ab, aber sie geben uns auch <strong>eine gro\u00dfe Freiheit<\/strong>: die Freiheit, unsere Reiseziele, das Format unserer B\u00fccher und ihren Inhalt zu w\u00e4hlen. Der Selbstverlag bietet uns auch die<strong>Unabh\u00e4ngigkeit<\/strong>, die wir als Unternehmer suchen. Sie erm\u00f6glicht es uns, <strong>eine direkte Verbindung zu unseren Lesern herzustellen<\/strong>, ohne Zwischenh\u00e4ndler, und so schnell auf ihre Bed\u00fcrfnisse und die Realit\u00e4t vor Ort einzugehen.  <\/span><\/p>\n<p>[\/et_pb_text][\/et_pb_column][et_pb_column type=&#8221;1_2&#8243; _builder_version=&#8221;4.16&#8243; custom_padding=&#8221;|||&#8221; pac_dcm_carousel_specific_module_num=&#8221;0&#8243; global_colors_info=&#8221;{}&#8221; custom_padding__hover=&#8221;|||&#8221;][et_pb_image src=&#8221;https:\/\/ountravela.com\/wp-content\/uploads\/meilleure-tente-de-toit-naitup-2.jpg&#8221; title_text=&#8221;bestes-dachzelt-naitup-2&#8243; force_fullwidth=&#8221;on&#8221; align_tablet=&#8221;center&#8221; align_phone=&#8221;center&#8221; align_last_edited=&#8221;on|desktop&#8221; _builder_version=&#8221;4.24.0&#8243; custom_margin=&#8221;|||&#8221; animation_style=&#8221;slide&#8221; animation_direction=&#8221;%22fade_in%22&#8243; animation_duration=&#8221;500ms&#8221; animation_intensity_slide=&#8221;10%&#8221; animation=&#8221;fade_in&#8221; global_colors_info=&#8221;{}&#8221;][\/et_pb_image][\/et_pb_column][\/et_pb_row][\/et_pb_section][et_pb_section fb_built=&#8221;1&#8243; custom_padding_last_edited=&#8221;on|phone&#8221; _builder_version=&#8221;4.24.0&#8243; background_color=&#8221;#DEE3E6&#8243; custom_padding=&#8221;110px||110px|&#8221; custom_padding_tablet=&#8221;110px||110px|&#8221; custom_padding_phone=&#8221;50px||50px||false|false&#8221; global_colors_info=&#8221;{}&#8221;][et_pb_row _builder_version=&#8221;4.24.0&#8243; custom_padding=&#8221;||60px||false|false&#8221; global_colors_info=&#8221;{}&#8221;][et_pb_column type=&#8221;4_4&#8243; _builder_version=&#8221;4.16&#8243; custom_padding=&#8221;|||&#8221; pac_dcm_carousel_specific_module_num=&#8221;0&#8243; global_colors_info=&#8221;{}&#8221; custom_padding__hover=&#8221;|||&#8221;][et_pb_text admin_label=&#8221;Title&#8221; _builder_version=&#8221;4.24.0&#8243; text_font=&#8221;||||&#8221; text_text_color=&#8221;#1a1a1a&#8221; header_font=&#8221;Oswald|on||on|&#8221; header_font_size=&#8221;60px&#8221; header_line_height=&#8221;1.3em&#8221; text_orientation=&#8221;center&#8221; custom_margin=&#8221;|||&#8221; custom_padding=&#8221;|||&#8221; animation_style=&#8221;slide&#8221; animation_direction=&#8221;top&#8221; animation_intensity_slide=&#8221;10%&#8221; header_2_font_size_tablet=&#8221;30px&#8221; header_2_font_size_phone=&#8221;22px&#8221; locked=&#8221;off&#8221; global_colors_info=&#8221;{}&#8221;]<\/p>\n<h2>\u00dcbrigens, was bedeutet OunTravela?<\/h2>\n<p>[\/et_pb_text][et_pb_divider color=&#8221;#3F2204&#8243; divider_position=&#8221;center&#8221; divider_weight=&#8221;3px&#8221; disabled_on=&#8221;on|on|off%22&#8243; _builder_version=&#8221;4.24.0&#8243; max_width=&#8221;150px&#8221; module_alignment=&#8221;center&#8221; height=&#8221;false&#8221; custom_margin=&#8221;30px|||&#8221; animation_style=&#8221;slide&#8221; animation_direction=&#8221;top&#8221; animation_delay=&#8221;100ms&#8221; animation_intensity_slide=&#8221;10%&#8221; locked=&#8221;off&#8221; global_colors_info=&#8221;{}&#8221;][\/et_pb_divider][et_pb_text _builder_version=&#8221;4.24.0&#8243; locked=&#8221;off&#8221; global_colors_info=&#8221;{}&#8221;]<\/p>\n<p style=\"text-align: center\"><span style=\"font-weight: 400\">Kennen Sie den Film <strong>Avatar<\/strong> (die gro\u00dfen blauen Kreaturen, die in Harmonie mit der Natur leben und die die Menschen zerst\u00f6ren wollen&#8230;)? Als er j\u00fcnger war, war Victor ein gro\u00dfer Fan dieses Films und er sprach ihre Sprache, Navi&#8217;. OunTravela ist also ein Wort aus diesem Dialekt und bedeutet <em><strong>&#8220;in die entgegengesetzte Richtung als geplant gehen&#8221;.<\/strong><\/em>. Mir wurde gesagt, ich solle dorthin gehen? Ich werde den entgegengesetzten Weg gehen.<\/span><\/p>\n<p style=\"text-align: center\"><span style=\"font-weight: 400\"><\/span><\/p>\n<h3 style=\"text-align: center\">OunTravela ist mehr als eine Reisephilosophie, es ist eine Lebensweise.<\/h3>\n<p>[\/et_pb_text][\/et_pb_column][\/et_pb_row][\/et_pb_section]<\/p>\n","protected":false},"excerpt":{"rendered":"<p>\u00dcber OunTravela Die Philosophie des vergessenen Weges.Wir sind Olivia &amp; Victor. Entdecker, Autoren, Fotografen, Verleger und Abenteurer mit Leib und Seele. Im Laufe der Jahre hat unsere Leidenschaft f\u00fcr Abenteuer dazu gef\u00fchrt, dass wir originelle Reisef\u00fchrer geschaffen haben, die in mehr als 70 L\u00e4ndern der Welt verkauft werden. Unsere Mission ist es, eine Reisephilosophie zu verbreiten, die auf Abenteuer, Freiheit, Improvisation und Erkundung basiert. Unsere Reisef\u00fchrer inspirieren Reisende, die vergessenen Pfade dieser Welt zu erkunden, um die Wildnis und die Zivilisationen zu treffen.Entdecken Sie unsere Reisef\u00fchrer Explore Ladakh, Explore Kirgisistan und Explore Georgia.Aber das war nicht immer der Fall&#8230;Vor einigen Jahren f\u00fchrten wir ein geordnetes, sesshaftes Leben mit einer klaren beruflichen Laufbahn. Victor als Ingenieur und Olivia als Tier\u00e4rztin, stabile Berufe und das Versprechen eines &#8220;sozialen Erfolgs&#8221;. Aber schon bald stimmten unsere W\u00fcnsche nicht mehr mit unserem Alltag \u00fcberein und wir machten uns auf den Weg, um immer weiter und immer l\u00e4nger zu reisen. Im Jahr 2017, nachdem wir uns ein Jahr lang eine Wohngemeinschaft in einem Haus in S\u00fcdfrankreich geteilt hatten, verliebten wir uns unsterblich ineinander. Unsere beiden Reiseleidenschaften sind eins. Kaum einen Monat, nachdem wir unsere Beziehung offiziell gemacht haben, begeben wir uns auf eine Reise, die unser [&hellip;]<\/p>\n","protected":false},"author":1,"featured_media":282413,"parent":0,"menu_order":0,"comment_status":"open","ping_status":"open","template":"","meta":{"_et_pb_use_builder":"on","_et_pb_old_content":"","_et_gb_content_width":"","_glsr_average":0,"_glsr_ranking":0,"_glsr_reviews":0,"footnotes":""},"class_list":["post-282412","page","type-page","status-publish","has-post-thumbnail","hentry"],"_links":{"self":[{"href":"https:\/\/ountravela.com\/de\/wp-json\/wp\/v2\/pages\/282412","targetHints":{"allow":["GET"]}}],"collection":[{"href":"https:\/\/ountravela.com\/de\/wp-json\/wp\/v2\/pages"}],"about":[{"href":"https:\/\/ountravela.com\/de\/wp-json\/wp\/v2\/types\/page"}],"author":[{"embeddable":true,"href":"https:\/\/ountravela.com\/de\/wp-json\/wp\/v2\/users\/1"}],"replies":[{"embeddable":true,"href":"https:\/\/ountravela.com\/de\/wp-json\/wp\/v2\/comments?post=282412"}],"version-history":[{"count":0,"href":"https:\/\/ountravela.com\/de\/wp-json\/wp\/v2\/pages\/282412\/revisions"}],"wp:featuredmedia":[{"embeddable":true,"href":"https:\/\/ountravela.com\/de\/wp-json\/wp\/v2\/media\/282413"}],"wp:attachment":[{"href":"https:\/\/ountravela.com\/de\/wp-json\/wp\/v2\/media?parent=282412"}],"curies":[{"name":"wp","href":"https:\/\/api.w.org\/{rel}","templated":true}]}}